{"id":3443,"date":"2021-11-18T15:53:00","date_gmt":"2021-11-18T14:53:00","guid":{"rendered":"https:\/\/antcube.shop\/produkt\/mens-heavyweight-tee\/"},"modified":"2024-12-12T12:27:24","modified_gmt":"2024-12-12T11:27:24","slug":"meska-wazka-tee","status":"publish","type":"product","link":"https:\/\/antcube.shop\/pl\/produkt\/meska-wazka-tee\/","title":{"rendered":"M\u0119ska koszulka z bawe\u0142ny premium"},"content":{"rendered":"<p>Bawe\u0142niana koszulka m\u0119ska premium 100% pomo\u017ce Ci wyl\u0105dowa\u0107 w bardziej zorganizowanym stylu. \u0141adnie le\u017cy, zachowuje ostre linie wok\u00f3\u0142 kraw\u0119dzi i doskonale pasuje do warstwowych stroj\u00f3w streetwearowych.<br \/>\n- 100% bawe\u0142na<br \/>\n- 90% bawe\u0142na, 10% poliester<br \/>\n- Waga tkaniny: 5.0-5.3 oz\/yd\u00b2 (170-180 g\/m\u00b2)<br \/>\n- Prz\u0119dza otwarta<br \/>\n- Tkanina rurkowa<br \/>\n- Ta\u015bma na szyi i ramionach<br \/>\n- Podw\u00f3jny szew przy r\u0119kawach i u do\u0142u<br \/>\n- Pusty produkt pochodz\u0105cy z Hondurasu, Nikaragui, Haiti, Dominikany, Bangladeszu, Meksyku<\/p>\n<p>&nbsp;<\/p>\n<p>Dostaw\u0105 i produkcj\u0105 produkt\u00f3w z kategorii Towary zajmuje si\u0119 nasz Partner PRINTFUL. Zamawiaj\u0105c jeden z tych produkt\u00f3w, akceptujesz Regulamin, Polityk\u0119 Prywatno\u015bci i Polityk\u0119 Zwrot\u00f3w firmy PRINTFUL.<\/p>\n<p><a href=\"https:\/\/www.printful.com\/policies\/terms-of-service\">Regulamin PRINTFUL znajduje si\u0119 tutaj.<\/a><\/p>\n<p><a href=\"https:\/\/www.printful.com\/policies\/returns\">Tutaj znajdziesz zasady zwrotu produkt\u00f3w PRINTFUL.<\/a><\/p>\n<p><a href=\"https:\/\/www.printful.com\/policies\/privacy\">Polityka prywatno\u015bci firmy PRINTFUL znajduje si\u0119 tutaj.<\/a><\/p>","protected":false},"excerpt":{"rendered":"<p>Bawe\u0142niana koszulka m\u0119ska premium 100% pomo\u017ce Ci wyl\u0105dowa\u0107 w bardziej zorganizowanym stylu. \u0141adnie le\u017cy, zachowuje ostre linie wok\u00f3\u0142 kraw\u0119dzi i doskonale pasuje do warstwowych stroj\u00f3w streetwearowych. - 100% bawe\u0142na - 90% bawe\u0142na, 10% poliester - Gramatura materia\u0142u: 5,0-5,3 oz\/yd\u00b2 (170-180 g\/m\u00b2) - Prz\u0119dza open-end - Tkanina rurowa - Podklejony kark i d\u00f3\u0142","protected":false},"featured_media":3451,"comment_status":"open","ping_status":"closed","template":"","meta":{"_acf_changed":false,"content-type":"","_monsterinsights_skip_tracking":false,"_monsterinsights_sitenote_active":false,"_monsterinsights_sitenote_note":"","_monsterinsights_sitenote_category":0},"product_brand":[],"product_cat":[245],"product_tag":[],"class_list":{"0":"post-3443","1":"product","2":"type-product","3":"status-publish","4":"has-post-thumbnail","6":"product_cat-merchandise","8":"first","9":"instock","10":"taxable","11":"shipping-taxable","12":"purchasable","13":"product-type-variable"},"acf":[],"aioseo_notices":[],"jetpack_sharing_enabled":true,"_links":{"self":[{"href":"https:\/\/antcube.shop\/pl\/wp-json\/wp\/v2\/product\/3443","targetHints":{"allow":["GET"]}}],"collection":[{"href":"https:\/\/antcube.shop\/pl\/wp-json\/wp\/v2\/product"}],"about":[{"href":"https:\/\/antcube.shop\/pl\/wp-json\/wp\/v2\/types\/product"}],"replies":[{"embeddable":true,"href":"https:\/\/antcube.shop\/pl\/wp-json\/wp\/v2\/comments?post=3443"}],"wp:featuredmedia":[{"embeddable":true,"href":"https:\/\/antcube.shop\/pl\/wp-json\/wp\/v2\/media\/3451"}],"wp:attachment":[{"href":"https:\/\/antcube.shop\/pl\/wp-json\/wp\/v2\/media?parent=3443"}],"wp:term":[{"taxonomy":"product_brand","embeddable":true,"href":"https:\/\/antcube.shop\/pl\/wp-json\/wp\/v2\/product_brand?post=3443"},{"taxonomy":"product_cat","embeddable":true,"href":"https:\/\/antcube.shop\/pl\/wp-json\/wp\/v2\/product_cat?post=3443"},{"taxonomy":"product_tag","embeddable":true,"href":"https:\/\/antcube.shop\/pl\/wp-json\/wp\/v2\/product_tag?post=3443"}],"curies":[{"name":"wp","href":"https:\/\/api.w.org\/{rel}","templated":true}]}}