{"id":3281,"date":"2021-11-10T13:27:54","date_gmt":"2021-11-10T12:27:54","guid":{"rendered":"https:\/\/antcube.shop\/produkt\/camponotus-mutilarius-xiangban\/"},"modified":"2023-12-21T17:14:32","modified_gmt":"2023-12-21T16:14:32","slug":"camponotus-mutilarius-xiangban","status":"publish","type":"product","link":"https:\/\/antcube.shop\/pl\/produkt\/camponotus-mutilarius-xiangban\/","title":{"rendered":"Camponotus mutilarius (xiangban)"},"content":{"rendered":"<p>&nbsp;<\/p>\n<table border=\"1\" cellspacing=\"1\" cellpadding=\"1\">\n<tbody>\n<tr>\n<td><strong>Lat. Nazwa:<\/strong><\/td>\n<td><strong><img data-recalc-dims=\"1\" loading=\"lazy\" decoding=\"async\" src=\"https:\/\/i0.wp.com\/www.antstore.net\/shop\/images\/icons\/ants\/lateinname.jpg?resize=30%2C30&#038;ssl=1\" alt=\"\" width=\"30\" height=\"30\" \/><\/strong><\/td>\n<td>\u00a0Camponotus mutilarius<\/td>\n<\/tr>\n<tr>\n<td><strong>Nazwa zwyczajowa<\/strong>:<\/td>\n<td><strong><img data-recalc-dims=\"1\" loading=\"lazy\" decoding=\"async\" src=\"https:\/\/i0.wp.com\/www.antstore.net\/shop\/images\/icons\/ants\/trivialname.jpg?resize=30%2C30&#038;ssl=1\" alt=\"\" width=\"30\" height=\"30\" \/><\/strong><\/td>\n<td>\u00a0Xiangban<\/td>\n<\/tr>\n<tr>\n<td><strong>Taksonomia:<\/strong><\/td>\n<td><strong><img data-recalc-dims=\"1\" loading=\"lazy\" decoding=\"async\" src=\"https:\/\/i0.wp.com\/www.antstore.net\/shop\/images\/icons\/ants\/taxonomie.jpg?resize=30%2C30&#038;ssl=1\" alt=\"\" width=\"30\" height=\"30\" \/><\/strong><\/td>\n<td><strong>\u00a0Podrodzina: <\/strong>Formicinae <strong>Tribus: <\/strong>Camponotini<\/td>\n<\/tr>\n<tr>\n<td><strong>Utrzymanie poziomu:<\/strong><\/td>\n<td><strong><img data-recalc-dims=\"1\" loading=\"lazy\" decoding=\"async\" src=\"https:\/\/i0.wp.com\/www.antstore.net\/shop\/images\/icons\/ants\/haltungsklasse.jpg?resize=30%2C30&#038;ssl=1\" alt=\"\" width=\"30\" height=\"30\" \/><\/strong><\/td>\n<td><strong>\u00a0(2) <\/strong>szczeg\u00f3lnie na pocz\u0105tku \u0142atwo si\u0119 boj\u0105 i maj\u0105 powolny rozw\u00f3j kolonii<\/td>\n<\/tr>\n<tr>\n<td><strong>Dystrybucja:<\/strong><\/td>\n<td><strong><img data-recalc-dims=\"1\" loading=\"lazy\" decoding=\"async\" src=\"https:\/\/i0.wp.com\/www.antstore.net\/shop\/images\/icons\/ants\/verbreitung.jpg?resize=30%2C30&#038;ssl=1\" alt=\"\" width=\"30\" height=\"30\" \/><\/strong><\/td>\n<td>Azja Po\u0142udniowo-Wschodnia<\/td>\n<\/tr>\n<tr>\n<td><strong>Siedlisko:<\/strong><\/td>\n<td><strong><img data-recalc-dims=\"1\" loading=\"lazy\" decoding=\"async\" src=\"https:\/\/i0.wp.com\/www.antstore.net\/shop\/images\/icons\/ants\/habitat.jpg?resize=30%2C30&#038;ssl=1\" alt=\"\" width=\"30\" height=\"30\" \/><\/strong><\/td>\n<td>tropikalny las deszczowy<\/td>\n<\/tr>\n<tr>\n<td><strong>Colonyform:<\/strong><\/td>\n<td><strong><img data-recalc-dims=\"1\" loading=\"lazy\" decoding=\"async\" src=\"https:\/\/i0.wp.com\/www.antstore.net\/shop\/images\/icons\/ants\/Kolonieform.jpg?resize=30%2C30&#038;ssl=1\" alt=\"\" width=\"30\" height=\"30\" \/><\/strong><\/td>\n<td>monogyne<\/td>\n<\/tr>\n<tr>\n<td><strong>Kr\u00f3lowa:<\/strong><\/td>\n<td><strong><img data-recalc-dims=\"1\" loading=\"lazy\" decoding=\"async\" src=\"https:\/\/i0.wp.com\/www.antstore.net\/shop\/images\/icons\/ants\/koenigin.jpg?resize=30%2C30&#038;ssl=1\" alt=\"\" width=\"30\" height=\"30\" \/><\/strong><\/td>\n<td><strong>Wielko\u015b\u0107: <\/strong>13 - 15 mm <strong>Kolor: <\/strong>G\u0142owa i nogi czarne, tu\u0142\u00f3w pomara\u0144czowobr\u0105zowy, gaster z pomara\u0144czowobr\u0105zowymi plamkami, du\u017cy.<\/td>\n<\/tr>\n<tr>\n<td><strong>Pracownik:<\/strong><\/td>\n<td><img data-recalc-dims=\"1\" loading=\"lazy\" decoding=\"async\" src=\"https:\/\/i0.wp.com\/www.antstore.net\/shop\/images\/icons\/ants\/arbeiterin.jpg?resize=30%2C30&#038;ssl=1\" alt=\"\" width=\"30\" height=\"30\" \/><\/td>\n<td><strong>Wielko\u015b\u0107:<\/strong> 6 - 12 mm <strong>Kolor: <\/strong>G\u0142owa i nogi czarne, tu\u0142\u00f3w pomara\u0144czowobr\u0105zowy, gaster z pomara\u0144czowobr\u0105zowymi plamkami, polimorf.<\/td>\n<\/tr>\n<tr>\n<td><strong>\u017bo\u0142nierz:<\/strong><\/td>\n<td><img data-recalc-dims=\"1\" loading=\"lazy\" decoding=\"async\" src=\"https:\/\/i0.wp.com\/www.antstore.net\/shop\/images\/icons\/ants\/soldaten.jpg?resize=30%2C30&#038;ssl=1\" alt=\"\" width=\"30\" height=\"30\" \/><\/td>\n<td>nieobecny<\/td>\n<\/tr>\n<tr>\n<td><strong>M\u0119\u017cczyzna:<\/strong><\/td>\n<td><img data-recalc-dims=\"1\" loading=\"lazy\" decoding=\"async\" src=\"https:\/\/i0.wp.com\/www.antstore.net\/shop\/images\/icons\/ants\/maennchen.jpg?resize=30%2C30&#038;ssl=1\" alt=\"\" width=\"30\" height=\"30\" \/><\/td>\n<td><strong>Wielko\u015b\u0107:<\/strong> 10 mm<strong> \u00a0<\/strong><strong>Kolor: <\/strong>czarny<\/td>\n<\/tr>\n<tr>\n<td><strong>\u017bywno\u015b\u0107:<\/strong><\/td>\n<td><img data-recalc-dims=\"1\" loading=\"lazy\" decoding=\"async\" src=\"https:\/\/i0.wp.com\/www.antstore.net\/shop\/images\/icons\/ants\/nahrung.jpg?resize=30%2C30&#038;ssl=1\" alt=\"\" width=\"30\" height=\"30\" \/><\/td>\n<td>Woda miodowa, owady np. Dipterans jak muchy lub\u00a0<span style=\"font-family: Arial;\">komary<\/span><\/td>\n<\/tr>\n<tr>\n<td><strong>Wilgotno\u015b\u0107:<\/strong><\/td>\n<td><strong><img data-recalc-dims=\"1\" loading=\"lazy\" decoding=\"async\" src=\"https:\/\/i0.wp.com\/www.antstore.net\/shop\/images\/icons\/ants\/feuchtigkeit.jpg?resize=30%2C30&#038;ssl=1\" alt=\"\" width=\"30\" height=\"30\" \/><\/strong><\/td>\n<td><strong>Arena:<\/strong> 30 &#8211; 50% <strong>Obszar gniazda: <\/strong>50 &#8211; 70%<\/td>\n<\/tr>\n<tr>\n<td><strong>Temperatura:<\/strong><\/td>\n<td><strong><img data-recalc-dims=\"1\" loading=\"lazy\" decoding=\"async\" src=\"https:\/\/i0.wp.com\/www.antstore.net\/shop\/images\/icons\/ants\/temperatur.jpg?resize=30%2C30&#038;ssl=1\" alt=\"\" width=\"30\" height=\"30\" \/><\/strong><\/td>\n<td><strong>Arena:<\/strong> 21 - 30\u00b0C <strong>Obszar gniazda: <\/strong>24 - 26\u00b0C<\/td>\n<\/tr>\n<tr>\n<td><strong>Hibernacja:<\/strong><\/td>\n<td><img data-recalc-dims=\"1\" loading=\"lazy\" decoding=\"async\" src=\"https:\/\/i0.wp.com\/www.antstore.net\/shop\/images\/icons\/ants\/winterruhe.jpg?resize=30%2C30&#038;ssl=1\" alt=\"\" width=\"30\" height=\"30\" \/><\/td>\n<td>\u00a0nie<\/td>\n<\/tr>\n<tr>\n<td><strong>Typ gniazda:<\/strong><\/td>\n<td><\/td>\n<td>Buduj\u0105 gniazdo w ziemi, pod kamieniami<\/td>\n<\/tr>\n<tr>\n<td><strong>Typ Formicarium:<\/strong><\/td>\n<td><img data-recalc-dims=\"1\" loading=\"lazy\" decoding=\"async\" src=\"https:\/\/i0.wp.com\/www.antstore.net\/shop\/images\/icons\/ants\/formicarienart.jpg?resize=30%2C30&#038;ssl=1\" alt=\"\" width=\"30\" height=\"30\" \/><\/td>\n<td><a href=\"https:\/\/antcube.shop\/produkt\/antcube-starter-set-l-20x20-combi\/\">Zestaw startowy Combi L<\/a>, <a href=\"https:\/\/antcube.shop\/produkt\/antcube-starter-set-l-20x20-digfix\/\">Zestaw startowy Digfix L<\/a>, <a href=\"https:\/\/antcube.shop\/produkt\/antcube-starter-set-l-20x20-gips\/\">Zestaw startowy Gips<\/a>, <a href=\"https:\/\/antcube.shop\/produkt\/antcube-starter-set-l-20x20-regenwald\/\">Zestaw startowy Habitat Las deszczowy L<\/a><\/td>\n<\/tr>\n<tr>\n<td><strong>Wielko\u015b\u0107 formikarium:<\/strong><\/td>\n<td><strong><img data-recalc-dims=\"1\" loading=\"lazy\" decoding=\"async\" src=\"https:\/\/i0.wp.com\/www.antstore.net\/shop\/images\/icons\/ants\/formicariengroesse.jpg?resize=30%2C30&#038;ssl=1\" alt=\"\" width=\"30\" height=\"30\" \/><\/strong><\/td>\n<td><strong>Wielko\u015b\u0107:<\/strong><span style=\"color: #000000;\"> <strong><span style=\"color: #339966;\">M - L<\/span><\/strong><\/span><\/td>\n<\/tr>\n<tr>\n<td><strong>Pod\u0142o\u017ce:<\/strong><\/td>\n<td><strong><img data-recalc-dims=\"1\" loading=\"lazy\" decoding=\"async\" src=\"https:\/\/i0.wp.com\/www.antstore.net\/shop\/images\/icons\/ants\/substrat.jpg?resize=30%2C30&#038;ssl=1\" alt=\"\" width=\"30\" height=\"30\" \/><\/strong><\/td>\n<td><strong>Farma:<\/strong> Piasek-piana <strong>Arena: <\/strong>Piasek, piasek-piana<\/td>\n<\/tr>\n<tr>\n<td><strong>Sadzenie:<\/strong><\/td>\n<td><img data-recalc-dims=\"1\" loading=\"lazy\" decoding=\"async\" src=\"https:\/\/i0.wp.com\/www.antstore.net\/shop\/images\/icons\/ants\/bepflanzung.jpg?resize=30%2C30&#038;ssl=1\" alt=\"\" width=\"30\" height=\"30\" \/><\/td>\n<td>podobny do tropikalnego lasu deszczowego z mchem i ro\u015blinami tropikalnymi<\/td>\n<\/tr>\n<tr>\n<td><strong>Dekoracja:<\/strong><\/td>\n<td><img data-recalc-dims=\"1\" loading=\"lazy\" decoding=\"async\" src=\"https:\/\/i0.wp.com\/www.antstore.net\/shop\/images\/icons\/ants\/dekoration.jpg?resize=30%2C30&#038;ssl=1\" alt=\"\" width=\"30\" height=\"30\" \/><\/td>\n<td>Ga\u0142\u0119zie, korzenie, \u015bci\u00f3\u0142ka z li\u015bci<\/td>\n<\/tr>\n<tr>\n<td><strong>Opis:<\/strong><\/td>\n<td><img data-recalc-dims=\"1\" loading=\"lazy\" decoding=\"async\" src=\"https:\/\/i0.wp.com\/www.antstore.net\/shop\/images\/icons\/ants\/beschreibung.jpg?resize=30%2C30&#038;ssl=1\" alt=\"\" width=\"30\" height=\"30\" \/><\/td>\n<td>Ten gatunek jest rodzaj ow\u0142osiony i ma pi\u0119kny czerwonawy odcie\u0144. Maj\u0105 raczej \u0142agodny temperament, ale mog\u0105 reagowa\u0107 panik\u0105 na zak\u0142\u00f3cenia w gnie\u017adzie. Ma\u0142e kolonie s\u0105 odpowiednie do socjalizacji z innymi mr\u00f3wkami.<\/td>\n<\/tr>\n<tr>\n<td><strong>Rozw\u00f3j:<\/strong><\/td>\n<td><strong><img data-recalc-dims=\"1\" loading=\"lazy\" decoding=\"async\" src=\"https:\/\/i0.wp.com\/www.antstore.net\/shop\/images\/icons\/ants\/entwicklung.jpg?resize=30%2C30&#038;ssl=1\" alt=\"\" width=\"30\" height=\"30\" \/><\/strong><\/td>\n<td><strong>Lot weselny: <\/strong>z pierwszym letnim deszczem<br \/>\n<strong>Fundacja: <\/strong>claustral (bez karmienia) <strong>Rozw\u00f3j:<\/strong>\u00a028 dni (w zale\u017cno\u015bci od temperatury)<br \/>\n<strong>Wielko\u015b\u0107 kolonii: <\/strong>do kilku tysi\u0119cy os\u00f3b, Kr\u00f3lowa mo\u017ce sta\u0107 si\u0119 25 lat<\/td>\n<\/tr>\n<tr>\n<td><strong>Ilo\u015b\u0107:<\/strong><\/td>\n<td><img data-recalc-dims=\"1\" loading=\"lazy\" decoding=\"async\" src=\"https:\/\/i0.wp.com\/www.antstore.net\/shop\/images\/icons\/ants\/menge.jpg?resize=30%2C30&#038;ssl=1\" alt=\"\" width=\"30\" height=\"30\" \/><\/td>\n<td>jedna zap\u0142odniona kr\u00f3lowa z robotnicami (patrz selekcja); czerw (w zale\u017cno\u015bci od pory roku i rozwoju)<\/td>\n<\/tr>\n<tr>\n<td><strong>Linki internetowe:<\/strong><\/td>\n<td><a href=\"http:\/\/www.antstore.net\/viewforum.php?f=9\"><span style=\"color: #0000ff;\"><img data-recalc-dims=\"1\" loading=\"lazy\" decoding=\"async\" src=\"https:\/\/i0.wp.com\/www.antstore.net\/shop\/images\/icons\/ants\/weblinks.jpg?resize=30%2C30&#038;ssl=1\" alt=\"\" width=\"30\" height=\"30\" \/><\/span><\/a><\/td>\n<td><a href=\"http:\/\/www.antstore.net\/viewforum.php?f=124\"><span style=\"color: #0000ff;\">- Forum<\/span><\/a><\/p>\n<p><span style=\"color: #0000ff;\"><a href=\"http:\/\/www.antweb.org\/description.do?name=mimicus&amp;genus=myrmecocystus&amp;rank=species&amp;project=bajaants\">- Odniesienie do \u017ar\u00f3d\u0142a<\/a><\/span><\/td>\n<\/tr>\n<\/tbody>\n<\/table>\n<p>&nbsp;<\/p>\n<p>&nbsp;<\/p>","protected":false},"excerpt":{"rendered":"<p>Poziom utrzymania 2 - Poziom ryzyka 2<br \/>\nWielko\u015b\u0107: <span style=\"font-family: Arial;\"><strong><span style=\"color: #339966;\">M <\/span>- L<\/strong><\/span><\/p>","protected":false},"featured_media":6973,"comment_status":"open","ping_status":"closed","template":"","meta":{"_acf_changed":false,"content-type":"","_monsterinsights_skip_tracking":false,"_monsterinsights_sitenote_active":false,"_monsterinsights_sitenote_note":"","_monsterinsights_sitenote_category":0},"product_brand":[],"product_cat":[107,112],"product_tag":[],"class_list":{"0":"post-3281","1":"product","2":"type-product","3":"status-publish","4":"has-post-thumbnail","6":"product_cat-ants","7":"product_cat-asia","9":"first","10":"instock","11":"product-type-external"},"acf":[],"aioseo_notices":[],"jetpack_sharing_enabled":true,"_links":{"self":[{"href":"https:\/\/antcube.shop\/pl\/wp-json\/wp\/v2\/product\/3281","targetHints":{"allow":["GET"]}}],"collection":[{"href":"https:\/\/antcube.shop\/pl\/wp-json\/wp\/v2\/product"}],"about":[{"href":"https:\/\/antcube.shop\/pl\/wp-json\/wp\/v2\/types\/product"}],"replies":[{"embeddable":true,"href":"https:\/\/antcube.shop\/pl\/wp-json\/wp\/v2\/comments?post=3281"}],"wp:featuredmedia":[{"embeddable":true,"href":"https:\/\/antcube.shop\/pl\/wp-json\/wp\/v2\/media\/6973"}],"wp:attachment":[{"href":"https:\/\/antcube.shop\/pl\/wp-json\/wp\/v2\/media?parent=3281"}],"wp:term":[{"taxonomy":"product_brand","embeddable":true,"href":"https:\/\/antcube.shop\/pl\/wp-json\/wp\/v2\/product_brand?post=3281"},{"taxonomy":"product_cat","embeddable":true,"href":"https:\/\/antcube.shop\/pl\/wp-json\/wp\/v2\/product_cat?post=3281"},{"taxonomy":"product_tag","embeddable":true,"href":"https:\/\/antcube.shop\/pl\/wp-json\/wp\/v2\/product_tag?post=3281"}],"curies":[{"name":"wp","href":"https:\/\/api.w.org\/{rel}","templated":true}]}}