{"id":3174,"date":"2021-11-08T12:21:44","date_gmt":"2021-11-08T11:21:44","guid":{"rendered":"https:\/\/antcube.shop\/produkt\/ytongnest-40x20-mit-arena\/"},"modified":"2026-04-07T13:50:18","modified_gmt":"2026-04-07T11:50:18","slug":"ytongnest-40x20-mit-arena","status":"publish","type":"product","link":"https:\/\/antcube.shop\/pl\/produkt\/ytongnest-40x20-mit-arena\/","title":{"rendered":"Ytongnest - 40\u00d720 z aren\u0105"},"content":{"rendered":"<p><strong>Materia\u0142:<\/strong> gazobeton, szk\u0142o, tworzywa sztuczne PMMA i PVC<\/p>\n<p><strong>Po\u0142\u0105czenie:<\/strong> 1x otw\u00f3r 14mm; 1x otw\u00f3r 27mm<\/p>\n<p><strong>Tre\u015b\u0107:<\/strong><br \/>\n1x blok gazobetonowy 40x20x5 cm z komorami o g\u0142\u0119boko\u015bci 20 mm.<br \/>\n1x p\u0142yta szklana 40\u00d720 cm z otworem 50 mm i aren\u0105 20\u00d720 cm<br \/>\n1x rama areny mr\u00f3wek 20\u00d720<br \/>\n1x pokrywa areny mr\u00f3wek 20\u00d720<br \/>\n1x pier\u015bcie\u0144 50mm z otworem 27mm<br \/>\n1x korek formikarium 13mm<br \/>\n2x korek Formicarium 27mm<br \/>\n2x korek Formicarium 50mm<\/p>\n<p><strong>Opis:<\/strong><br \/>\nYtong to nazwa marki, sam materia\u0142 nazywa si\u0119 gazobeton.<br \/>\nZe wzgl\u0119du na w\u0142a\u015bciwo\u015bci zatrzymywania wody, materia\u0142 ten nadaje si\u0119 do hodowli mr\u00f3wek. Mo\u017ce by\u0107 stosowany do hodowli wielu gatunk\u00f3w nornic, zar\u00f3wno z suchych jak i wilgotnych siedlisk. W zale\u017cno\u015bci od gatunku mr\u00f3wek, zaleca si\u0119 wy\u0142o\u017cenie dna komory pod\u0142o\u017cem. Niekt\u00f3re gatunki czuj\u0105 si\u0119 w ten spos\u00f3b bardziej komfortowo, a na przyk\u0142ad gatunki mr\u00f3wek Ponerinae potrzebuj\u0105 gleby, aby ich larwy mog\u0142y si\u0119 prawid\u0142owo przepoczwarczy\u0107. Poniewa\u017c to gniazdo zawiera ju\u017c aren\u0119, mo\u017ce by\u0107 u\u017cywane jako kompletny zestaw formikari\u00f3w.<\/p>\n<p><strong>Wskaz\u00f3wka:<\/strong><br \/>\nAby zapobiec wyciekaniu wody z Ytong po zwil\u017ceniu obszaru gniazda i zbieraniu si\u0119 jej na powierzchni mebli poni\u017cej, lub porysowaniu powierzchni przez szorstki materia\u0142, zalecamy zam\u00f3wienie jednej z naszych dopasowanych szklanych wanien do gniazd Ytong. S\u0105 one wodoodporne i w ten spos\u00f3b skutecznie chroni\u0105 powierzchnie przed wod\u0105 i zadrapaniami.<\/p>\n<p><strong>Zastosowanie:<\/strong><br \/>\nDla gatunk\u00f3w mr\u00f3wek o wielko\u015bci <b>M<\/b> <b>&#8211;\u00a0<\/b><b>L<\/b>.<br \/>\nGazobeton jest materia\u0142em bardzo kruchym i \u0142amliwym. Dlatego te\u017c, ze wzgl\u0119du na proces produkcji, nie jest mo\u017cliwe, aby naro\u017cniki i kraw\u0119dzie nie wykazywa\u0142y lekkich p\u0119kni\u0119\u0107 i nier\u00f3wno\u015bci. Z tego powodu, gniazda Ytong nie s\u0105 odpowiednie dla bardzo ma\u0142ych gatunk\u00f3w mr\u00f3wek o wielko\u015bci <b>S<\/b>poniewa\u017c te gatunki mog\u0105 si\u0119 tu \u0142atwo rozprzestrzeni\u0107.<\/p>","protected":false},"excerpt":{"rendered":"<p>Przy\u0142\u0105cze: 1x14mm 1x27mm<br \/>\nWielko\u015b\u0107: <strong><span style=\"color: #339966;\">M<\/span><\/strong><strong> &#8211; <span style=\"color: #0000ff;\">L<\/span><\/strong><\/p>","protected":false},"featured_media":3011,"comment_status":"open","ping_status":"closed","template":"","meta":{"_acf_changed":false,"content-type":"","_monsterinsights_skip_tracking":false,"_monsterinsights_sitenote_active":false,"_monsterinsights_sitenote_note":"","_monsterinsights_sitenote_category":0},"product_brand":[],"product_cat":[85,86],"product_tag":[],"class_list":{"0":"post-3174","1":"product","2":"type-product","3":"status-publish","4":"has-post-thumbnail","6":"product_cat-ant-arenas","7":"product_cat-formicariums","9":"first","10":"instock","11":"taxable","12":"shipping-taxable","13":"purchasable","14":"product-type-simple"},"acf":[],"aioseo_notices":[],"jetpack_sharing_enabled":true,"_links":{"self":[{"href":"https:\/\/antcube.shop\/pl\/wp-json\/wp\/v2\/product\/3174","targetHints":{"allow":["GET"]}}],"collection":[{"href":"https:\/\/antcube.shop\/pl\/wp-json\/wp\/v2\/product"}],"about":[{"href":"https:\/\/antcube.shop\/pl\/wp-json\/wp\/v2\/types\/product"}],"replies":[{"embeddable":true,"href":"https:\/\/antcube.shop\/pl\/wp-json\/wp\/v2\/comments?post=3174"}],"wp:featuredmedia":[{"embeddable":true,"href":"https:\/\/antcube.shop\/pl\/wp-json\/wp\/v2\/media\/3011"}],"wp:attachment":[{"href":"https:\/\/antcube.shop\/pl\/wp-json\/wp\/v2\/media?parent=3174"}],"wp:term":[{"taxonomy":"product_brand","embeddable":true,"href":"https:\/\/antcube.shop\/pl\/wp-json\/wp\/v2\/product_brand?post=3174"},{"taxonomy":"product_cat","embeddable":true,"href":"https:\/\/antcube.shop\/pl\/wp-json\/wp\/v2\/product_cat?post=3174"},{"taxonomy":"product_tag","embeddable":true,"href":"https:\/\/antcube.shop\/pl\/wp-json\/wp\/v2\/product_tag?post=3174"}],"curies":[{"name":"wp","href":"https:\/\/api.w.org\/{rel}","templated":true}]}}