{"id":3167,"date":"2021-11-08T10:47:42","date_gmt":"2021-11-08T09:47:42","guid":{"rendered":"https:\/\/antcube.shop\/produkt\/glaswanne-40x20\/"},"modified":"2026-04-01T09:55:46","modified_gmt":"2026-04-01T07:55:46","slug":"glaswanne-40x20","status":"publish","type":"product","link":"https:\/\/antcube.shop\/pl\/produkt\/glaswanne-40x20\/","title":{"rendered":"Wanna szklana 40\u00d720"},"content":{"rendered":"<p><strong>Wymiary:<\/strong> 42 x 22 x 2 cm<br \/>\n<strong>Wymiary wewn\u0119trzne:<\/strong> 41 x 21 x 1,6 cm<\/p>\n<p><strong>Zawarto\u015b\u0107:<\/strong><br \/>\n1x wanna 42x22x2 cm wykonana ze szk\u0142a float 4mm.<\/p>\n<p><strong>Opis:<\/strong><br \/>\nSzklana wanienka nie ma otwor\u00f3w, jest klejona, wodoodporna i dlatego mo\u017ce by\u0107 wype\u0142niona wod\u0105. Zosta\u0142a zaprojektowana z my\u015bl\u0105 o naszych gniazdach Ytong dla mr\u00f3wek. Mo\u017cna je \u0142atwo podlewa\u0107 i przenosi\u0107, nie pozostawiaj\u0105c wody na powierzchni pod\u0142o\u017ca (sto\u0142u, szafki itp.) ani nie rysuj\u0105c szorstkich Ytong\u00f3w. Opcjonalnie, r\u00f3\u017cne gniazda mog\u0105 by\u0107 umieszczone centralnie jako wyspa.<\/p>\n<p>&nbsp;<\/p>","protected":false},"excerpt":{"rendered":"<p>Szklana wanna na nasze gniazdo Ytong z aren\u0105 40\u00d720<\/p>","protected":false},"featured_media":3007,"comment_status":"open","ping_status":"closed","template":"","meta":{"_acf_changed":false,"content-type":"","_monsterinsights_skip_tracking":false,"_monsterinsights_sitenote_active":false,"_monsterinsights_sitenote_note":"","_monsterinsights_sitenote_category":0},"product_brand":[],"product_cat":[119,239],"product_tag":[],"class_list":{"0":"post-3167","1":"product","2":"type-product","3":"status-publish","4":"has-post-thumbnail","6":"product_cat-formicarium-components","7":"product_cat-useful-additions","9":"first","10":"instock","11":"taxable","12":"shipping-taxable","13":"purchasable","14":"product-type-simple"},"acf":[],"aioseo_notices":[],"jetpack_sharing_enabled":true,"_links":{"self":[{"href":"https:\/\/antcube.shop\/pl\/wp-json\/wp\/v2\/product\/3167","targetHints":{"allow":["GET"]}}],"collection":[{"href":"https:\/\/antcube.shop\/pl\/wp-json\/wp\/v2\/product"}],"about":[{"href":"https:\/\/antcube.shop\/pl\/wp-json\/wp\/v2\/types\/product"}],"replies":[{"embeddable":true,"href":"https:\/\/antcube.shop\/pl\/wp-json\/wp\/v2\/comments?post=3167"}],"wp:featuredmedia":[{"embeddable":true,"href":"https:\/\/antcube.shop\/pl\/wp-json\/wp\/v2\/media\/3007"}],"wp:attachment":[{"href":"https:\/\/antcube.shop\/pl\/wp-json\/wp\/v2\/media?parent=3167"}],"wp:term":[{"taxonomy":"product_brand","embeddable":true,"href":"https:\/\/antcube.shop\/pl\/wp-json\/wp\/v2\/product_brand?post=3167"},{"taxonomy":"product_cat","embeddable":true,"href":"https:\/\/antcube.shop\/pl\/wp-json\/wp\/v2\/product_cat?post=3167"},{"taxonomy":"product_tag","embeddable":true,"href":"https:\/\/antcube.shop\/pl\/wp-json\/wp\/v2\/product_tag?post=3167"}],"curies":[{"name":"wp","href":"https:\/\/api.w.org\/{rel}","templated":true}]}}