{"id":3164,"date":"2021-11-08T10:47:18","date_gmt":"2021-11-08T09:47:18","guid":{"rendered":"https:\/\/antcube.shop\/produkt\/fotoruckwand-regenwald-20x20-cube\/"},"modified":"2026-04-04T12:46:28","modified_gmt":"2026-04-04T10:46:28","slug":"fotoruckwand-regenwald-20x20-cube","status":"publish","type":"product","link":"https:\/\/antcube.shop\/pl\/produkt\/fotoruckwand-regenwald-20x20-cube\/","title":{"rendered":"Tylna \u015bciana - Las deszczowy - 20\u00d720"},"content":{"rendered":"<p><strong>Wymiary:<\/strong> 20x20cm<\/p>\n<p><strong>Materia\u0142:<\/strong> Papier z foli\u0105 b\u0142yszcz\u0105c\u0105<\/p>\n<p><strong>Tre\u015b\u0107:<\/strong> 1x \u015bcianka tylna na zdj\u0119cia<\/p>\n<p><strong>Opis:<\/strong> Ta tylna \u015bcianka jest przyklejona do tylnej \u015bcianki formikarium od zewn\u0105trz, aby stworzy\u0107 wra\u017cenie \u015brodowiska odpowiadaj\u0105cego naturalnemu siedlisku mr\u00f3wek.<\/p>","protected":false},"excerpt":{"rendered":"<p>Wymiary: 20x20cm Materia\u0142: Papier z foli\u0105 b\u0142yszcz\u0105c\u0105 Zawarto\u015b\u0107: 1x tylna \u015bcianka fotograficzna Opis: Ta tylna \u015bcianka ze zdj\u0119ciami jest przyklejona do plec\u00f3w formikarium od zewn\u0105trz, aby da\u0107 wra\u017cenie \u015brodowiska odpowiadaj\u0105cego naturalnemu \u015brodowisku mr\u00f3wek.<\/p>","protected":false},"featured_media":3133,"comment_status":"open","ping_status":"closed","template":"","meta":{"_acf_changed":false,"content-type":"","_monsterinsights_skip_tracking":false,"_monsterinsights_sitenote_active":false,"_monsterinsights_sitenote_note":"","_monsterinsights_sitenote_category":0},"product_brand":[],"product_cat":[97,106],"product_tag":[],"class_list":{"0":"post-3164","1":"product","2":"type-product","3":"status-publish","4":"has-post-thumbnail","6":"product_cat-photo-backwalls","7":"product_cat-rainforest-photo-backwall","9":"first","10":"instock","11":"taxable","12":"shipping-taxable","13":"purchasable","14":"product-type-simple"},"acf":[],"aioseo_notices":[],"jetpack_sharing_enabled":true,"_links":{"self":[{"href":"https:\/\/antcube.shop\/pl\/wp-json\/wp\/v2\/product\/3164","targetHints":{"allow":["GET"]}}],"collection":[{"href":"https:\/\/antcube.shop\/pl\/wp-json\/wp\/v2\/product"}],"about":[{"href":"https:\/\/antcube.shop\/pl\/wp-json\/wp\/v2\/types\/product"}],"replies":[{"embeddable":true,"href":"https:\/\/antcube.shop\/pl\/wp-json\/wp\/v2\/comments?post=3164"}],"wp:featuredmedia":[{"embeddable":true,"href":"https:\/\/antcube.shop\/pl\/wp-json\/wp\/v2\/media\/3133"}],"wp:attachment":[{"href":"https:\/\/antcube.shop\/pl\/wp-json\/wp\/v2\/media?parent=3164"}],"wp:term":[{"taxonomy":"product_brand","embeddable":true,"href":"https:\/\/antcube.shop\/pl\/wp-json\/wp\/v2\/product_brand?post=3164"},{"taxonomy":"product_cat","embeddable":true,"href":"https:\/\/antcube.shop\/pl\/wp-json\/wp\/v2\/product_cat?post=3164"},{"taxonomy":"product_tag","embeddable":true,"href":"https:\/\/antcube.shop\/pl\/wp-json\/wp\/v2\/product_tag?post=3164"}],"curies":[{"name":"wp","href":"https:\/\/api.w.org\/{rel}","templated":true}]}}