{"id":3162,"date":"2021-11-08T10:46:52","date_gmt":"2021-11-08T09:46:52","guid":{"rendered":"https:\/\/antcube.shop\/produkt\/antcube-eck-plattform-8x8-magnet\/"},"modified":"2026-04-07T16:26:44","modified_gmt":"2026-04-07T14:26:44","slug":"antcube-eck-plattform-8x8-magnet","status":"publish","type":"product","link":"https:\/\/antcube.shop\/pl\/produkt\/antcube-eck-plattform-8x8-magnet\/","title":{"rendered":"ANTCUBE platforma naro\u017cna 8\u00d78 - magnetyczna"},"content":{"rendered":"<p><strong>Wymiary:<\/strong> 80 x 80 x 22 mm<\/p>\n<p><strong>Materia\u0142:<\/strong> szk\u0142o akrylowe<\/p>\n<p><strong>Kolor:<\/strong> przezroczysty<\/p>\n<p><strong>Tre\u015b\u0107:<\/strong> 1 szt. (3 cz\u0119\u015bci)<\/p>\n<p><strong>Opis:<\/strong><br \/>\nPlatforma naro\u017cna ANTCUBE 8\u00d78 - magnetyczna mo\u017ce by\u0107 zamocowana w ka\u017cdym formikarium za pomoc\u0105 magnes\u00f3w. Szczeg\u00f3lnie nadaje si\u0119 do naszych wy\u017cszych formikari\u00f3w ANTCUBE, aby umie\u015bci\u0107 na niej karmniki, miski lub poid\u0142a.<br \/>\nPlatforma naro\u017cna ANTCUBE 8\u00d78 - Magnetyczna mo\u017ce by\u0107 przesuwana na \u017c\u0105dan\u0105 wysoko\u015b\u0107 lub g\u0142\u0119boko\u015b\u0107 poprzez przymocowanie jej od zewn\u0105trz za pomoc\u0105 magnes\u00f3w.<\/p>\n<p><strong>Zawiadomienie:<\/strong><br \/>\nZe wzgl\u0119du na proces produkcji, na cz\u0119\u015bciach magnesu mog\u0105 wyst\u0119powa\u0107 lekkie lub \u015brednie p\u0119kni\u0119cia.<\/p>\n<p>&nbsp;<\/p>","protected":false},"excerpt":{"rendered":"<p>Wymiary: 80 x 80 x 22 mm Materia\u0142: szk\u0142o akrylowe Kolor: przezroczysty Zawarto\u015b\u0107: 1 szt (3 cz\u0119\u015bci) Opis: Platforma naro\u017cna ANTCUBE 8x8 - magnetyczna mo\u017ce by\u0107 zamocowana w dowolnym formikarium za pomoc\u0105 magnes\u00f3w. Jest szczeg\u00f3lnie przydatna w naszych wy\u017cszych formikariach ANTCUBE do umieszczania na niej karmnik\u00f3w, misek lub poide\u0142. Platforma","protected":false},"featured_media":3140,"comment_status":"open","ping_status":"closed","template":"","meta":{"_acf_changed":false,"content-type":"","_monsterinsights_skip_tracking":false,"_monsterinsights_sitenote_active":false,"_monsterinsights_sitenote_note":"","_monsterinsights_sitenote_category":0},"product_brand":[],"product_cat":[119,239],"product_tag":[],"class_list":{"0":"post-3162","1":"product","2":"type-product","3":"status-publish","4":"has-post-thumbnail","6":"product_cat-formicarium-components","7":"product_cat-useful-additions","9":"first","10":"instock","11":"taxable","12":"shipping-taxable","13":"purchasable","14":"product-type-simple"},"acf":[],"aioseo_notices":[],"jetpack_sharing_enabled":true,"_links":{"self":[{"href":"https:\/\/antcube.shop\/pl\/wp-json\/wp\/v2\/product\/3162","targetHints":{"allow":["GET"]}}],"collection":[{"href":"https:\/\/antcube.shop\/pl\/wp-json\/wp\/v2\/product"}],"about":[{"href":"https:\/\/antcube.shop\/pl\/wp-json\/wp\/v2\/types\/product"}],"replies":[{"embeddable":true,"href":"https:\/\/antcube.shop\/pl\/wp-json\/wp\/v2\/comments?post=3162"}],"wp:featuredmedia":[{"embeddable":true,"href":"https:\/\/antcube.shop\/pl\/wp-json\/wp\/v2\/media\/3140"}],"wp:attachment":[{"href":"https:\/\/antcube.shop\/pl\/wp-json\/wp\/v2\/media?parent=3162"}],"wp:term":[{"taxonomy":"product_brand","embeddable":true,"href":"https:\/\/antcube.shop\/pl\/wp-json\/wp\/v2\/product_brand?post=3162"},{"taxonomy":"product_cat","embeddable":true,"href":"https:\/\/antcube.shop\/pl\/wp-json\/wp\/v2\/product_cat?post=3162"},{"taxonomy":"product_tag","embeddable":true,"href":"https:\/\/antcube.shop\/pl\/wp-json\/wp\/v2\/product_tag?post=3162"}],"curies":[{"name":"wp","href":"https:\/\/api.w.org\/{rel}","templated":true}]}}