{"id":3159,"date":"2021-11-08T10:46:28","date_gmt":"2021-11-08T09:46:28","guid":{"rendered":"https:\/\/antcube.shop\/produkt\/rosenblutenblatter-100g-getrocknet\/"},"modified":"2026-04-15T14:52:20","modified_gmt":"2026-04-15T12:52:20","slug":"rosenblutenblatter-100g-getrocknet","status":"publish","type":"product","link":"https:\/\/antcube.shop\/pl\/produkt\/rosenblutenblatter-100g-getrocknet\/","title":{"rendered":"P\u0142atki r\u00f3\u017cy 100g - suszone"},"content":{"rendered":"<p><strong>Zawarto\u015b\u0107:<\/strong><br \/>\n100g suszonych p\u0142atk\u00f3w r\u00f3\u017cy<\/p>\n<p><strong>Opis:<\/strong><br \/>\nP\u0142atki r\u00f3\u017c jako po\u017cywka dla gatunk\u00f3w mr\u00f3wek rozmna\u017caj\u0105cych grzyby. Jest to produkt czysto naturalny.<\/p>\n<p><strong>Zastosowanie:<\/strong><br \/>\nP\u0142atki r\u00f3\u017c = dla gatunk\u00f3w mr\u00f3wek hoduj\u0105cych grzyby.<br \/>\nSuche p\u0142atki s\u0142u\u017c\u0105 jedynie jako po\u017cywka dla grzyba mr\u00f3wek li\u015bciowych (wskazane jest jednoczesne oferowanie \u015bwie\u017cych li\u015bci jako \u015brodka nawil\u017caj\u0105cego).<br \/>\nWystarczy umie\u015bci\u0107 p\u0142atki do karmienia w komorze na suchy pokarm.<\/p>\n<p><strong>Przechowywanie:<\/strong><br \/>\nW suchym \u015brodowisku<\/p>\n<p><strong>Zawiera:<\/strong><br \/>\n100% suszone p\u0142atki r\u00f3\u017c<\/p>","protected":false},"excerpt":{"rendered":"<p>Zawarto\u015b\u0107: 100g suszonych p\u0142atk\u00f3w r\u00f3\u017cy Opis: P\u0142atki r\u00f3\u017cy jako po\u017cywka dla gatunk\u00f3w mr\u00f3wek rozmna\u017caj\u0105cych grzyby. Jest to produkt czysto naturalny. Zastosowanie: P\u0142atki r\u00f3\u017cy = dla gatunk\u00f3w mr\u00f3wek rozmna\u017caj\u0105cych grzyby. Suche p\u0142atki s\u0142u\u017c\u0105 jedynie jako po\u017cywka dla grzyb\u00f3w mr\u00f3wek li\u015bciowych (oferuj\u0105c \u015bwie\u017ce li\u015bcie jako \u015brodek nawil\u017caj\u0105cy w tym samym [...]","protected":false},"featured_media":5485,"comment_status":"open","ping_status":"closed","template":"","meta":{"_acf_changed":false,"content-type":"","_monsterinsights_skip_tracking":false,"_monsterinsights_sitenote_active":false,"_monsterinsights_sitenote_note":"","_monsterinsights_sitenote_category":0},"product_brand":[],"product_cat":[115,116],"product_tag":[],"class_list":{"0":"post-3159","1":"product","2":"type-product","3":"status-publish","4":"has-post-thumbnail","6":"product_cat-food-and-feeding","7":"product_cat-food","9":"first","10":"instock","11":"taxable","12":"shipping-taxable","13":"purchasable","14":"product-type-simple"},"acf":[],"aioseo_notices":[],"jetpack_sharing_enabled":true,"_links":{"self":[{"href":"https:\/\/antcube.shop\/pl\/wp-json\/wp\/v2\/product\/3159","targetHints":{"allow":["GET"]}}],"collection":[{"href":"https:\/\/antcube.shop\/pl\/wp-json\/wp\/v2\/product"}],"about":[{"href":"https:\/\/antcube.shop\/pl\/wp-json\/wp\/v2\/types\/product"}],"replies":[{"embeddable":true,"href":"https:\/\/antcube.shop\/pl\/wp-json\/wp\/v2\/comments?post=3159"}],"wp:featuredmedia":[{"embeddable":true,"href":"https:\/\/antcube.shop\/pl\/wp-json\/wp\/v2\/media\/5485"}],"wp:attachment":[{"href":"https:\/\/antcube.shop\/pl\/wp-json\/wp\/v2\/media?parent=3159"}],"wp:term":[{"taxonomy":"product_brand","embeddable":true,"href":"https:\/\/antcube.shop\/pl\/wp-json\/wp\/v2\/product_brand?post=3159"},{"taxonomy":"product_cat","embeddable":true,"href":"https:\/\/antcube.shop\/pl\/wp-json\/wp\/v2\/product_cat?post=3159"},{"taxonomy":"product_tag","embeddable":true,"href":"https:\/\/antcube.shop\/pl\/wp-json\/wp\/v2\/product_tag?post=3159"}],"curies":[{"name":"wp","href":"https:\/\/api.w.org\/{rel}","templated":true}]}}