{"id":3157,"date":"2021-11-08T10:46:12","date_gmt":"2021-11-08T09:46:12","guid":{"rendered":"https:\/\/antcube.shop\/produkt\/kornerfutter-minor-in-2ml-futterrohrchen-10-st\/"},"modified":"2026-05-08T09:02:10","modified_gmt":"2026-05-08T07:02:10","slug":"kornerfutter-minor-in-2ml-futterrohrchen-10-st","status":"publish","type":"product","link":"https:\/\/antcube.shop\/pl\/produkt\/kornerfutter-minor-in-2ml-futterrohrchen-10-st\/","title":{"rendered":"Pokarm zbo\u017cowy Minor w tubkach do karmienia 2ml - 10 szt."},"content":{"rendered":"<p><strong>Tre\u015b\u0107:<\/strong> 10x 2 ml<\/p>\n<p><strong>Opis:<\/strong> Drobne ziarna\/nasiona dla m\u0142odych kolonii gatunk\u00f3w mr\u00f3wek zbieraj\u0105cych ziarno\/\u017cniwiarzy, takich jak rodzaj Messor, kt\u00f3re zawieraj\u0105 jeszcze g\u0142\u00f3wnie drobne robotnice.<\/p>\n<p><strong>Zastosowanie:<\/strong> Rurk\u0119 z pokarmem mo\u017cna umie\u015bci\u0107 w ca\u0142o\u015bci w formikarium, ewentualnie dodawa\u0107 mniejsze ilo\u015bci do miseczki z pokarmem w zale\u017cno\u015bci od potrzeb\/zale\u017cnie od wielko\u015bci kolonii. Pokarm ziarnisty jest akceptowany przede wszystkim przez gatunki zbieraj\u0105ce ziarno, takie jak gatunki z rodzaju Messor lub Pheidole.<\/p>\n<p><strong>Zawiadomienie:<\/strong><br \/>\nInformacje na temat stosowania rurek do karmienia mo\u017cna znale\u017a\u0107 tutaj: Link<br \/>\nPokarm uzupe\u0142niaj\u0105cy dla mr\u00f3wek ziarnojad\u00f3w.<br \/>\nInformacje o sk\u0142adzie, sk\u0142adnikach analitycznych, terminie przydatno\u015bci do spo\u017cycia i numerze partii znajduj\u0105 si\u0119 w ulotce do\u0142\u0105czonej do opakowania.<\/p>\n<p>Infolinia +49 30 439703870<\/p>\n<p>W\u0142a\u015bciwy organ nadzoru weterynaryjnego i \u017cywno\u015bciowego:<br \/>\nGabinet weterynaryjny Steglitz<br \/>\nK\u00f6nigin-Luise-Str. 92<br \/>\n14195 Berlin<\/p>","protected":false},"excerpt":{"rendered":"<p>\u017bywno\u015b\u0107 uzupe\u0142niaj\u0105ca<\/p>","protected":false},"featured_media":3149,"comment_status":"open","ping_status":"closed","template":"","meta":{"_acf_changed":false,"content-type":"","_monsterinsights_skip_tracking":false,"_monsterinsights_sitenote_active":false,"_monsterinsights_sitenote_note":"","_monsterinsights_sitenote_category":0},"product_brand":[],"product_cat":[115,116],"product_tag":[],"class_list":{"0":"post-3157","1":"product","2":"type-product","3":"status-publish","4":"has-post-thumbnail","6":"product_cat-food-and-feeding","7":"product_cat-food","9":"first","10":"instock","11":"taxable","12":"shipping-taxable","13":"purchasable","14":"product-type-simple"},"acf":[],"aioseo_notices":[],"jetpack_sharing_enabled":true,"_links":{"self":[{"href":"https:\/\/antcube.shop\/pl\/wp-json\/wp\/v2\/product\/3157","targetHints":{"allow":["GET"]}}],"collection":[{"href":"https:\/\/antcube.shop\/pl\/wp-json\/wp\/v2\/product"}],"about":[{"href":"https:\/\/antcube.shop\/pl\/wp-json\/wp\/v2\/types\/product"}],"replies":[{"embeddable":true,"href":"https:\/\/antcube.shop\/pl\/wp-json\/wp\/v2\/comments?post=3157"}],"wp:featuredmedia":[{"embeddable":true,"href":"https:\/\/antcube.shop\/pl\/wp-json\/wp\/v2\/media\/3149"}],"wp:attachment":[{"href":"https:\/\/antcube.shop\/pl\/wp-json\/wp\/v2\/media?parent=3157"}],"wp:term":[{"taxonomy":"product_brand","embeddable":true,"href":"https:\/\/antcube.shop\/pl\/wp-json\/wp\/v2\/product_brand?post=3157"},{"taxonomy":"product_cat","embeddable":true,"href":"https:\/\/antcube.shop\/pl\/wp-json\/wp\/v2\/product_cat?post=3157"},{"taxonomy":"product_tag","embeddable":true,"href":"https:\/\/antcube.shop\/pl\/wp-json\/wp\/v2\/product_tag?post=3157"}],"curies":[{"name":"wp","href":"https:\/\/api.w.org\/{rel}","templated":true}]}}