{"id":3153,"date":"2021-11-08T10:45:48","date_gmt":"2021-11-08T09:45:48","guid":{"rendered":"https:\/\/antcube.shop\/produkt\/antcube-digfix-platte-20x20-xl\/"},"modified":"2026-03-06T14:52:51","modified_gmt":"2026-03-06T13:52:51","slug":"antcube-digfix-platte-20x20-xl","status":"publish","type":"product","link":"https:\/\/antcube.shop\/pl\/produkt\/antcube-digfix-platte-20x20-xl\/","title":{"rendered":"ANTCUBE - P\u0142ytka Digfix 20\u00d720 - XL"},"content":{"rendered":"<p><strong>Wymiary:<\/strong> 184x130x50 mm (tolerancja182-185 mm)<\/p>\n<p><strong>Materia\u0142:<\/strong> Digfix<\/p>\n<p><strong>Opis:<\/strong> P\u0142yta Digfix jest wykonana z materia\u0142u umo\u017cliwiaj\u0105cego kopanie i doskonale pasuje do naszych hodowli mr\u00f3wek ANTCUBE. Mo\u017cna j\u0105 stosowa\u0107 zar\u00f3wno na sucho, jak i na mokro. Jest odpowiednia dla wielu gatunk\u00f3w mr\u00f3wek, zw\u0142aszcza tych, kt\u00f3re gnie\u017cd\u017c\u0105 si\u0119 w piasku i (martwym) drewnie. Mo\u017ce by\u0107 stosowana zamiast mieszanek piaskowo-gliniastych lub wk\u0142ad\u00f3w gniazdowych z korka lub gipsu. Du\u017c\u0105 zalet\u0105 w por\u00f3wnaniu z gniazdami korkowymi jest to, \u017ce Digfix nie ple\u015bnieje nawet po zamoczeniu. Oznacza to, \u017ce gatunki mr\u00f3wek o wysokim zapotrzebowaniu na wilgo\u0107 mog\u0105 bez problemu otrzymywa\u0107 wystarczaj\u0105c\u0105 ilo\u015b\u0107 wody. Digfix ma r\u00f3wnie\u017c t\u0119 zalet\u0119, \u017ce gatunki mr\u00f3wek kopi\u0105cych nie brudz\u0105 szyb gniazda ziemi\u0105 podczas kopania, co pozwala na doskona\u0142y wgl\u0105d do gniazda.<\/p>\n<p><strong>Uwaga:<\/strong> Naturalny odcie\u0144 koloru mo\u017ce waha\u0107 si\u0119 mi\u0119dzy zielonkawym\/szarawym br\u0105zem a ziemistym br\u0105zem. Odcie\u0144 nie ma wp\u0142ywu na jako\u015b\u0107.<br \/>\nZe wzgl\u0119du na produkcj\u0119 wymiary mog\u0105 si\u0119 r\u00f3\u017cni\u0107 o +\/- 1 mm<\/p>","protected":false},"excerpt":{"rendered":"<p>Wielko\u015b\u0107: <span style=\"color: #ff0000;\"><strong>XL<\/strong><\/span><\/p>","protected":false},"featured_media":3950,"comment_status":"open","ping_status":"closed","template":"","meta":{"_acf_changed":false,"content-type":"","_monsterinsights_skip_tracking":false,"_monsterinsights_sitenote_active":false,"_monsterinsights_sitenote_note":"","_monsterinsights_sitenote_category":0},"product_brand":[],"product_cat":[87,88],"product_tag":[],"class_list":{"0":"post-3153","1":"product","2":"type-product","3":"status-publish","4":"has-post-thumbnail","6":"product_cat-nest-insets","7":"product_cat-digfix","9":"first","10":"instock","11":"taxable","12":"shipping-taxable","13":"purchasable","14":"product-type-simple"},"acf":[],"aioseo_notices":[],"jetpack_sharing_enabled":true,"_links":{"self":[{"href":"https:\/\/antcube.shop\/pl\/wp-json\/wp\/v2\/product\/3153","targetHints":{"allow":["GET"]}}],"collection":[{"href":"https:\/\/antcube.shop\/pl\/wp-json\/wp\/v2\/product"}],"about":[{"href":"https:\/\/antcube.shop\/pl\/wp-json\/wp\/v2\/types\/product"}],"replies":[{"embeddable":true,"href":"https:\/\/antcube.shop\/pl\/wp-json\/wp\/v2\/comments?post=3153"}],"wp:featuredmedia":[{"embeddable":true,"href":"https:\/\/antcube.shop\/pl\/wp-json\/wp\/v2\/media\/3950"}],"wp:attachment":[{"href":"https:\/\/antcube.shop\/pl\/wp-json\/wp\/v2\/media?parent=3153"}],"wp:term":[{"taxonomy":"product_brand","embeddable":true,"href":"https:\/\/antcube.shop\/pl\/wp-json\/wp\/v2\/product_brand?post=3153"},{"taxonomy":"product_cat","embeddable":true,"href":"https:\/\/antcube.shop\/pl\/wp-json\/wp\/v2\/product_cat?post=3153"},{"taxonomy":"product_tag","embeddable":true,"href":"https:\/\/antcube.shop\/pl\/wp-json\/wp\/v2\/product_tag?post=3153"}],"curies":[{"name":"wp","href":"https:\/\/api.w.org\/{rel}","templated":true}]}}