{"id":2871,"date":"2021-10-13T18:46:51","date_gmt":"2021-10-13T16:46:51","guid":{"rendered":"https:\/\/antcube.shop\/produkt\/beckenverbinder-b-27-und-s-10-16-mm-m25-set\/"},"modified":"2026-04-16T20:25:15","modified_gmt":"2026-04-16T18:25:15","slug":"beckenverbinder-b-27-und-s-10-16-mm-m25-set","status":"publish","type":"product","link":"https:\/\/antcube.shop\/pl\/produkt\/beckenverbinder-b-27-und-s-10-16-mm-m25-set\/","title":{"rendered":"Z\u0142\u0105cze umywalkowe B-27 i S-10-16 mm M25 - zestaw"},"content":{"rendered":"<p><strong>Wymiary:<\/strong> do otworu 27 i w\u0119\u017ca 10-16 mm<\/p>\n<p><strong>Zawarto\u015b\u0107:<\/strong><br \/>\n1x adapter \u015brubowy<br \/>\n1x nakr\u0119tka zabezpieczaj\u0105ca<\/p>\n<p><strong>Opis:<\/strong> Z\u0142\u0105cze umywalkowe jest wk\u0142adane przez otw\u00f3r i przykr\u0119cane za pomoc\u0105 do\u0142\u0105czonej nakr\u0119tki kontruj\u0105cej. Dzi\u0119ki temu po\u0142\u0105czenie jest odporne na wyrwanie, a tak\u017ce pewnie trzyma si\u0119 podczas przenoszenia umywalek. Na drugim ko\u0144cu umieszcza si\u0119 odpowiedni w\u0105\u017c.<\/p>","protected":false},"excerpt":{"rendered":"<p>Wymiary: do otworu 27 i w\u0119\u017ca 10-16 mm Zawarto\u015b\u0107: 1x adapter \u015brubowy 1x nakr\u0119tka zabezpieczaj\u0105ca Opis: Ten \u0142\u0105cznik umywalkowy, jest wk\u0142adany przez otw\u00f3r i przykr\u0119cany za pomoc\u0105 do\u0142\u0105czonej nakr\u0119tki kontruj\u0105cej. Dzi\u0119ki temu po\u0142\u0105czenie jest odporne na wy\u0142amanie i trzyma si\u0119 pewnie r\u00f3wnie\u017c podczas przenoszenia umywalek. Na drugim ko\u0144cu umieszcza si\u0119 odpowiedni w\u0105\u017c.<\/p>","protected":false},"featured_media":2991,"comment_status":"open","ping_status":"closed","template":"","meta":{"_acf_changed":false,"content-type":"","_monsterinsights_skip_tracking":false,"_monsterinsights_sitenote_active":false,"_monsterinsights_sitenote_note":"","_monsterinsights_sitenote_category":0},"product_brand":[],"product_cat":[121],"product_tag":[],"class_list":{"0":"post-2871","1":"product","2":"type-product","3":"status-publish","4":"has-post-thumbnail","6":"product_cat-connectors","8":"first","9":"instock","10":"taxable","11":"shipping-taxable","12":"purchasable","13":"product-type-simple"},"acf":[],"aioseo_notices":[],"jetpack_sharing_enabled":true,"_links":{"self":[{"href":"https:\/\/antcube.shop\/pl\/wp-json\/wp\/v2\/product\/2871","targetHints":{"allow":["GET"]}}],"collection":[{"href":"https:\/\/antcube.shop\/pl\/wp-json\/wp\/v2\/product"}],"about":[{"href":"https:\/\/antcube.shop\/pl\/wp-json\/wp\/v2\/types\/product"}],"replies":[{"embeddable":true,"href":"https:\/\/antcube.shop\/pl\/wp-json\/wp\/v2\/comments?post=2871"}],"wp:featuredmedia":[{"embeddable":true,"href":"https:\/\/antcube.shop\/pl\/wp-json\/wp\/v2\/media\/2991"}],"wp:attachment":[{"href":"https:\/\/antcube.shop\/pl\/wp-json\/wp\/v2\/media?parent=2871"}],"wp:term":[{"taxonomy":"product_brand","embeddable":true,"href":"https:\/\/antcube.shop\/pl\/wp-json\/wp\/v2\/product_brand?post=2871"},{"taxonomy":"product_cat","embeddable":true,"href":"https:\/\/antcube.shop\/pl\/wp-json\/wp\/v2\/product_cat?post=2871"},{"taxonomy":"product_tag","embeddable":true,"href":"https:\/\/antcube.shop\/pl\/wp-json\/wp\/v2\/product_tag?post=2871"}],"curies":[{"name":"wp","href":"https:\/\/api.w.org\/{rel}","templated":true}]}}