{"id":2870,"date":"2021-10-13T18:46:41","date_gmt":"2021-10-13T16:46:41","guid":{"rendered":"https:\/\/antcube.shop\/produkt\/formicarienunterlage-20x20cm\/"},"modified":"2026-04-05T21:18:16","modified_gmt":"2026-04-05T19:18:16","slug":"formicarienunterlage-20x20cm","status":"publish","type":"product","link":"https:\/\/antcube.shop\/pl\/produkt\/formicarienunterlage-20x20cm\/","title":{"rendered":"Podk\u0142adka do formikarium - 20x20cm"},"content":{"rendered":"<p><strong>Wymiary:<\/strong> 200 x 200 x 4mm<\/p>\n<p><strong>Materia\u0142:<\/strong> Pianka PE<\/p>\n<p><strong>Kolor:<\/strong> szary<\/p>\n<p><strong>Tre\u015b\u0107:<\/strong> 1 szt.<\/p>\n<p><strong>Opis:<\/strong><br \/>\nPoduszka formicarium wykonana jest z mi\u0119kkiego materia\u0142u piankowego.<br \/>\nChroni formikarium, jak r\u00f3wnie\u017c mebel, na kt\u00f3rym stoi formikarium, przed zarysowaniami.<br \/>\nDodatkowo podk\u0142adka s\u0142u\u017cy jako izolacja termiczna, kt\u00f3ra wyr\u00f3wnuje najmniejsze nier\u00f3wno\u015bci, a tak\u017ce chroni przed wibracjami.<\/p>","protected":false},"excerpt":{"rendered":"<p>Wymiary: 400 x 200 x 4mm Materia\u0142: Pianka PE Kolor: szary Zawarto\u015b\u0107: 1 szt. Opis: Podk\u0142adka pod formikarium wykonana jest z mi\u0119kkiego materia\u0142u piankowego. Chroni formikarium, jak r\u00f3wnie\u017c mebel, na kt\u00f3rym stoi formikarium, przed zarysowaniami. Dodatkowo podk\u0142adka s\u0142u\u017cy jako izolacja termiczna, kt\u00f3ra wyr\u00f3wnuje","protected":false},"featured_media":313,"comment_status":"open","ping_status":"closed","template":"","meta":{"_acf_changed":false,"content-type":"","_monsterinsights_skip_tracking":false,"_monsterinsights_sitenote_active":false,"_monsterinsights_sitenote_note":"","_monsterinsights_sitenote_category":0},"product_brand":[],"product_cat":[119,239],"product_tag":[],"class_list":{"0":"post-2870","1":"product","2":"type-product","3":"status-publish","4":"has-post-thumbnail","6":"product_cat-formicarium-components","7":"product_cat-useful-additions","9":"first","10":"instock","11":"taxable","12":"shipping-taxable","13":"purchasable","14":"product-type-simple"},"acf":[],"aioseo_notices":[],"jetpack_sharing_enabled":true,"_links":{"self":[{"href":"https:\/\/antcube.shop\/pl\/wp-json\/wp\/v2\/product\/2870","targetHints":{"allow":["GET"]}}],"collection":[{"href":"https:\/\/antcube.shop\/pl\/wp-json\/wp\/v2\/product"}],"about":[{"href":"https:\/\/antcube.shop\/pl\/wp-json\/wp\/v2\/types\/product"}],"replies":[{"embeddable":true,"href":"https:\/\/antcube.shop\/pl\/wp-json\/wp\/v2\/comments?post=2870"}],"wp:featuredmedia":[{"embeddable":true,"href":"https:\/\/antcube.shop\/pl\/wp-json\/wp\/v2\/media\/313"}],"wp:attachment":[{"href":"https:\/\/antcube.shop\/pl\/wp-json\/wp\/v2\/media?parent=2870"}],"wp:term":[{"taxonomy":"product_brand","embeddable":true,"href":"https:\/\/antcube.shop\/pl\/wp-json\/wp\/v2\/product_brand?post=2870"},{"taxonomy":"product_cat","embeddable":true,"href":"https:\/\/antcube.shop\/pl\/wp-json\/wp\/v2\/product_cat?post=2870"},{"taxonomy":"product_tag","embeddable":true,"href":"https:\/\/antcube.shop\/pl\/wp-json\/wp\/v2\/product_tag?post=2870"}],"curies":[{"name":"wp","href":"https:\/\/api.w.org\/{rel}","templated":true}]}}