{"id":2869,"date":"2021-10-13T18:46:31","date_gmt":"2021-10-13T16:46:31","guid":{"rendered":"https:\/\/antcube.shop\/produkt\/antcube-gipsnest-20x20-liegend\/"},"modified":"2026-04-24T10:52:36","modified_gmt":"2026-04-24T08:52:36","slug":"antcube-gipsnest-20x20-liegend","status":"publish","type":"product","link":"https:\/\/antcube.shop\/pl\/produkt\/antcube-gipsnest-20x20-liegend\/","title":{"rendered":"ANTCUBE - gipsowe gniazdo 20\u00d720 - le\u017c\u0105ce"},"content":{"rendered":"<p><strong>Wymiary:<\/strong><br \/>\n<strong>Gniazdo gipsowe: <\/strong>190 x 190 x 20mm<br \/>\n<strong>Szklana pokrywa:<\/strong> 179 x 179 x 4mm<\/p>\n<p><strong>Materia\u0142:<\/strong> Tynk<\/p>\n<p><strong>Zawarto\u015b\u0107:<\/strong><br \/>\n1x gniazdo gipsowe 20\u00d720 z dwoma gniazdami przy\u0142\u0105czeniowymi M 10\/08<br \/>\n1x szklana os\u0142ona z otworem 50mm<br \/>\n1x akryl - pier\u015bcie\u0144 50mm dla otworu 27mm<br \/>\n1x Podstawa formicarium 20\u00d720<br \/>\n2x za\u015blepka kraty - 10mm - stal nierdzewna<br \/>\n1x wk\u0142adka kratowa - 27mm - stal nierdzewna<\/p>\n<p><strong>Opis:<\/strong> Nasze gipsowe gniazdo z prefabrykowanymi przej\u015bciami i komorami nadaje si\u0119 dla wielu gatunk\u00f3w mr\u00f3wek, szczeg\u00f3lnie dla gatunk\u00f3w, kt\u00f3re buduj\u0105 swoje gniazda w bardzo piaszczystych lub kamienistych glebach. Posiada dwa gniazda przy\u0142\u0105czeniowe jako dost\u0119p do gniazda. Tynk ma w\u0142a\u015bciwo\u015b\u0107 poch\u0142aniania wody, wi\u0119c pewna ilo\u015b\u0107 wilgoci jest magazynowana. Niemniej jednak gniazdo gipsowe nie powinno by\u0107 u\u017cywane stale wilgotne, poniewa\u017c w przeciwnym razie mo\u017ce to doprowadzi\u0107 do zagrzybienia (przez resztki pokarmu lub odchody mr\u00f3wek). Dlatego, je\u015bli to mo\u017cliwe, powinno si\u0119 tu trzyma\u0107 gatunki pochodz\u0105ce z raczej suchych region\u00f3w. By\u0142yby to na przyk\u0142ad gatunki z region\u00f3w \u015br\u00f3dziemnomorskich lub pustynnych.<\/p>\n<p><strong>Uwaga:<\/strong> Ze wzgl\u0119du na konstrukcj\u0119 nie nadaj\u0105 si\u0119 dla bardzo ma\u0142ych gatunk\u00f3w (np.: gatunki Pheidole, Temnothorax), mog\u0105 wyst\u0105pi\u0107 przerwy 0,3 - 0,5 mm.<\/p>\n<p>Wskaz\u00f3wka dotycz\u0105ca gniazd przy\u0142\u0105czeniowych<br \/>\nPrzy zak\u0142adaniu i zdejmowaniu w\u0119\u017cy nale\u017cy zwr\u00f3ci\u0107 uwag\u0119 na nast\u0119puj\u0105ce kwestie:<br \/>\nJe\u015bli przew\u00f3d jest bardzo trudny do zamontowania na tulei z\u0142\u0105czki, tulej\u0119 nale\u017cy lekko natrze\u0107 kropl\u0105 naszego oleju lub proszku zabezpieczaj\u0105cego przed p\u0119kni\u0119ciem. Nast\u0119pnie w\u0105\u017c nale\u017cy wsun\u0105\u0107 na tulej\u0119 skr\u0119tnymi lub \u015brubowymi ruchami, nie obci\u0105\u017caj\u0105c tulei ruchami w g\u00f3r\u0119 i w d\u00f3\u0142. To samo obowi\u0105zuje przy wyjmowaniu w\u0119\u017cy z tulei przy\u0142\u0105czeniowej. Nie wolno ich po prostu \u015bci\u0105ga\u0107!<\/p>\n<p>&nbsp;<\/p>\n<p>&nbsp;<\/p>","protected":false},"excerpt":{"rendered":"<p>Wymiary: Gniazdo gipsowe: 190 x 190 x 20mm Szklana pokrywa: 179 x 179 x 4mm Materia\u0142: Gips Zawarto\u015b\u0107: 1x gniazdo gipsowe 20\u00d720 z dwoma gniazdami przy\u0142\u0105czeniowymi M 10\/08 1x szklana pokrywa z otworem 50mm 1x akryl - pier\u015bcie\u0144 50mm do otworu 27mm 1x podstawa Formicarium 20\u00d720 2x za\u015blepka siatki - 10mm - stal nierdzewna 1x [...]","protected":false},"featured_media":3194,"comment_status":"open","ping_status":"closed","template":"","meta":{"_acf_changed":false,"content-type":"","_monsterinsights_skip_tracking":false,"_monsterinsights_sitenote_active":false,"_monsterinsights_sitenote_note":"","_monsterinsights_sitenote_category":0},"product_brand":[],"product_cat":[80,86],"product_tag":[],"class_list":{"0":"post-2869","1":"product","2":"type-product","3":"status-publish","4":"has-post-thumbnail","6":"product_cat-antfarms","7":"product_cat-formicariums","9":"first","10":"instock","11":"taxable","12":"shipping-taxable","13":"purchasable","14":"product-type-simple"},"acf":[],"aioseo_notices":[],"jetpack_sharing_enabled":true,"_links":{"self":[{"href":"https:\/\/antcube.shop\/pl\/wp-json\/wp\/v2\/product\/2869","targetHints":{"allow":["GET"]}}],"collection":[{"href":"https:\/\/antcube.shop\/pl\/wp-json\/wp\/v2\/product"}],"about":[{"href":"https:\/\/antcube.shop\/pl\/wp-json\/wp\/v2\/types\/product"}],"replies":[{"embeddable":true,"href":"https:\/\/antcube.shop\/pl\/wp-json\/wp\/v2\/comments?post=2869"}],"wp:featuredmedia":[{"embeddable":true,"href":"https:\/\/antcube.shop\/pl\/wp-json\/wp\/v2\/media\/3194"}],"wp:attachment":[{"href":"https:\/\/antcube.shop\/pl\/wp-json\/wp\/v2\/media?parent=2869"}],"wp:term":[{"taxonomy":"product_brand","embeddable":true,"href":"https:\/\/antcube.shop\/pl\/wp-json\/wp\/v2\/product_brand?post=2869"},{"taxonomy":"product_cat","embeddable":true,"href":"https:\/\/antcube.shop\/pl\/wp-json\/wp\/v2\/product_cat?post=2869"},{"taxonomy":"product_tag","embeddable":true,"href":"https:\/\/antcube.shop\/pl\/wp-json\/wp\/v2\/product_tag?post=2869"}],"curies":[{"name":"wp","href":"https:\/\/api.w.org\/{rel}","templated":true}]}}