{"id":2868,"date":"2021-10-13T18:43:30","date_gmt":"2021-10-13T16:43:30","guid":{"rendered":"https:\/\/antcube.shop\/produkt\/antcube-gipsnest-20x20-stehend\/"},"modified":"2026-04-21T16:05:16","modified_gmt":"2026-04-21T14:05:16","slug":"antcube-gipsnest-20x20-stehend","status":"publish","type":"product","link":"https:\/\/antcube.shop\/pl\/produkt\/antcube-gipsnest-20x20-stehend\/","title":{"rendered":"ANTCUBE - Gniazdo gipsowe 20\u00d720 - stoj\u0105ce"},"content":{"rendered":"<p><strong>Wymiary:<\/strong> 182 x 159 x 19,5 mm<\/p>\n<p><strong>Materia\u0142:<\/strong> Gips\/tynk<\/p>\n<p>Pasuje tylko do rozmiaru naszych mr\u00f3wek <strong>L<\/strong><\/p>\n<p><strong>Opis:<\/strong> Nasze gipsowe gniazdo z prefabrykowanymi przej\u015bciami i komorami jest odpowiednie dla wielu gatunk\u00f3w mr\u00f3wek, zw\u0142aszcza dla tych, kt\u00f3re buduj\u0105 gniazda na bardzo piaszczystych lub kamienistych glebach. Posiada otw\u00f3r umo\u017cliwiaj\u0105cy dost\u0119p do gniazda. Gips ma w\u0142a\u015bciwo\u015b\u0107 poch\u0142aniania wody, wi\u0119c pewna ilo\u015b\u0107 wilgoci jest w nim magazynowana. Gniazdo gipsowe nie powinno by\u0107 jednak stale wilgotne, poniewa\u017c w przeciwnym razie mo\u017ce doj\u015b\u0107 do zagrzybienia (przez resztki pokarmu lub odchody mr\u00f3wek). Dlatego te\u017c, je\u015bli to mo\u017cliwe, nale\u017cy w nim trzyma\u0107 gatunki pochodz\u0105ce z raczej suchych region\u00f3w. S\u0105 to na przyk\u0142ad gatunki z region\u00f3w \u015br\u00f3dziemnomorskich lub pustynnych.<\/p>\n<p>&nbsp;<\/p>","protected":false},"excerpt":{"rendered":"<p>Pasuje tylko do rozmiaru naszych mr\u00f3wek <strong>L<\/strong><\/p>","protected":false},"featured_media":351,"comment_status":"open","ping_status":"closed","template":"","meta":{"_acf_changed":false,"content-type":"","_monsterinsights_skip_tracking":false,"_monsterinsights_sitenote_active":false,"_monsterinsights_sitenote_note":"","_monsterinsights_sitenote_category":0},"product_brand":[],"product_cat":[87,90],"product_tag":[],"class_list":{"0":"post-2868","1":"product","2":"type-product","3":"status-publish","4":"has-post-thumbnail","6":"product_cat-nest-insets","7":"product_cat-gypsum","9":"first","10":"instock","11":"taxable","12":"shipping-taxable","13":"purchasable","14":"product-type-simple"},"acf":[],"aioseo_notices":[],"jetpack_sharing_enabled":true,"_links":{"self":[{"href":"https:\/\/antcube.shop\/pl\/wp-json\/wp\/v2\/product\/2868","targetHints":{"allow":["GET"]}}],"collection":[{"href":"https:\/\/antcube.shop\/pl\/wp-json\/wp\/v2\/product"}],"about":[{"href":"https:\/\/antcube.shop\/pl\/wp-json\/wp\/v2\/types\/product"}],"replies":[{"embeddable":true,"href":"https:\/\/antcube.shop\/pl\/wp-json\/wp\/v2\/comments?post=2868"}],"wp:featuredmedia":[{"embeddable":true,"href":"https:\/\/antcube.shop\/pl\/wp-json\/wp\/v2\/media\/351"}],"wp:attachment":[{"href":"https:\/\/antcube.shop\/pl\/wp-json\/wp\/v2\/media?parent=2868"}],"wp:term":[{"taxonomy":"product_brand","embeddable":true,"href":"https:\/\/antcube.shop\/pl\/wp-json\/wp\/v2\/product_brand?post=2868"},{"taxonomy":"product_cat","embeddable":true,"href":"https:\/\/antcube.shop\/pl\/wp-json\/wp\/v2\/product_cat?post=2868"},{"taxonomy":"product_tag","embeddable":true,"href":"https:\/\/antcube.shop\/pl\/wp-json\/wp\/v2\/product_tag?post=2868"}],"curies":[{"name":"wp","href":"https:\/\/api.w.org\/{rel}","templated":true}]}}