{"id":2866,"date":"2021-10-13T18:43:01","date_gmt":"2021-10-13T16:43:01","guid":{"rendered":"https:\/\/antcube.shop\/produkt\/antcube-rote-folie-20x20-selbstklebend\/"},"modified":"2025-10-19T21:05:19","modified_gmt":"2025-10-19T19:05:19","slug":"antcube-rote-folie-20x20-selbstklebend-2","status":"publish","type":"product","link":"https:\/\/antcube.shop\/pl\/produkt\/antcube-rote-folie-20x20-selbstklebend-2\/","title":{"rendered":"ANTCUBE - Folia czerwona 20\u00d720 - samoprzylepna"},"content":{"rendered":"<p><strong>Wymiary:<\/strong> 19x19cm<\/p>\n<p><strong>Materia\u0142:<\/strong> PVC<\/p>\n<p><strong>Opis:<\/strong> Samoprzylepna czerwona przezroczysta folia s\u0142u\u017cy do tego, aby mr\u00f3wki czu\u0142y si\u0119 jak pod ziemi\u0105. Dlatego zalecamy, aby produkt ten stosowa\u0107 przynajmniej cz\u0119\u015bciowo w obszarze gniazda. Mimo to mo\u017cna dobrze obserwowa\u0107 mr\u00f3wki w gnie\u017adzie. Precyzyjnie wyci\u0119ta dla ANTCUBE \"Ant farm 20x20cm <strong>S\/M\/L<\/strong> - stoj\u0105cych\".<\/p>","protected":false},"excerpt":{"rendered":"<p>Wymiary: 29x29cm Materia\u0142: PCV Opis: Samoprzylepna czerwona przezroczysta folia s\u0142u\u017cy do zapewnienia mr\u00f3wkom wra\u017cenia przebywania pod ziemi\u0105. Dlatego zalecamy stosowanie tego produktu przynajmniej cz\u0119\u015bciowo w obszarze gniazda. Mimo to mo\u017cna dobrze obserwowa\u0107 mr\u00f3wki w gnie\u017adzie. Precyzyjnie przyci\u0119ta pasuje do ANTCUBE \"Ant farm 30x30cm S\/M\/L - stoj\u0105ca\".<\/p>","protected":false},"featured_media":302,"comment_status":"open","ping_status":"closed","template":"","meta":{"_acf_changed":false,"content-type":"","_monsterinsights_skip_tracking":false,"_monsterinsights_sitenote_active":false,"_monsterinsights_sitenote_note":"","_monsterinsights_sitenote_category":0},"product_brand":[],"product_cat":[119,239],"product_tag":[],"class_list":{"0":"post-2866","1":"product","2":"type-product","3":"status-publish","4":"has-post-thumbnail","6":"product_cat-formicarium-components","7":"product_cat-useful-additions","9":"first","10":"outofstock","11":"taxable","12":"shipping-taxable","13":"purchasable","14":"product-type-simple"},"acf":[],"aioseo_notices":[],"jetpack_sharing_enabled":true,"_links":{"self":[{"href":"https:\/\/antcube.shop\/pl\/wp-json\/wp\/v2\/product\/2866","targetHints":{"allow":["GET"]}}],"collection":[{"href":"https:\/\/antcube.shop\/pl\/wp-json\/wp\/v2\/product"}],"about":[{"href":"https:\/\/antcube.shop\/pl\/wp-json\/wp\/v2\/types\/product"}],"replies":[{"embeddable":true,"href":"https:\/\/antcube.shop\/pl\/wp-json\/wp\/v2\/comments?post=2866"}],"wp:featuredmedia":[{"embeddable":true,"href":"https:\/\/antcube.shop\/pl\/wp-json\/wp\/v2\/media\/302"}],"wp:attachment":[{"href":"https:\/\/antcube.shop\/pl\/wp-json\/wp\/v2\/media?parent=2866"}],"wp:term":[{"taxonomy":"product_brand","embeddable":true,"href":"https:\/\/antcube.shop\/pl\/wp-json\/wp\/v2\/product_brand?post=2866"},{"taxonomy":"product_cat","embeddable":true,"href":"https:\/\/antcube.shop\/pl\/wp-json\/wp\/v2\/product_cat?post=2866"},{"taxonomy":"product_tag","embeddable":true,"href":"https:\/\/antcube.shop\/pl\/wp-json\/wp\/v2\/product_tag?post=2866"}],"curies":[{"name":"wp","href":"https:\/\/api.w.org\/{rel}","templated":true}]}}