{"id":2865,"date":"2021-10-13T18:42:51","date_gmt":"2021-10-13T16:42:51","guid":{"rendered":"https:\/\/antcube.shop\/produkt\/futterspender-2ml-dosierbar\/"},"modified":"2026-04-08T08:47:59","modified_gmt":"2026-04-08T06:47:59","slug":"futterspender-2ml-dosierbar","status":"publish","type":"product","link":"https:\/\/antcube.shop\/pl\/produkt\/futterspender-2ml-dosierbar\/","title":{"rendered":"Dozownik paszy 2ml - dozowalny"},"content":{"rendered":"<p><strong>Wymiary:<\/strong> 30x40x50 mm, 2 ml<\/p>\n<p><strong>Zawarto\u015b\u0107:<\/strong><br \/>\n1x stopa z 1x otworem 2,5mm (mo\u017cna dozowa\u0107 1-2mm).<br \/>\n1x tubka z pokarmem dla mr\u00f3wek<\/p>\n<p><strong>Materia\u0142:<\/strong> PMMA, PS<\/p>\n<p><strong>Opis:<\/strong> Dzi\u0119ki temu dozownikowi mr\u00f3wki wewn\u0105trz formikarium mog\u0105 si\u0119 karmi\u0107 oferowanym pokarmem. Idealny r\u00f3wnie\u017c w okresie wakacyjnym. Tubki z pokarmem dla mr\u00f3wek o pojemno\u015bci 2 ml mo\u017cna w\u0142o\u017cy\u0107 do podstawy. Dzi\u0119ki g\u0142\u0119boko\u015bci w\u0142o\u017cenia mo\u017cna dozowa\u0107 dost\u0119pn\u0105 ilo\u015b\u0107 pokarmu. Dozownik z otworem wylotowym o szeroko\u015bci 2,5 mm nadaje si\u0119 do wszystkich naszych pokarm\u00f3w w formie proszku, jak r\u00f3wnie\u017c mieszanek drobnych i medialnych.<\/p>\n<p><strong>Kolory:<\/strong> przezroczysty<\/p>","protected":false},"excerpt":{"rendered":"<p>Wymiary: 30x40x50 mm, 2 ml<\/p>","protected":false},"featured_media":306,"comment_status":"open","ping_status":"closed","template":"","meta":{"_acf_changed":false,"content-type":"","_monsterinsights_skip_tracking":false,"_monsterinsights_sitenote_active":false,"_monsterinsights_sitenote_note":"","_monsterinsights_sitenote_category":0},"product_brand":[],"product_cat":[115,118],"product_tag":[],"class_list":{"0":"post-2865","1":"product","2":"type-product","3":"status-publish","4":"has-post-thumbnail","6":"product_cat-food-and-feeding","7":"product_cat-feeding-bowls","9":"first","10":"instock","11":"taxable","12":"shipping-taxable","13":"purchasable","14":"product-type-simple"},"acf":[],"aioseo_notices":[],"jetpack_sharing_enabled":true,"_links":{"self":[{"href":"https:\/\/antcube.shop\/pl\/wp-json\/wp\/v2\/product\/2865","targetHints":{"allow":["GET"]}}],"collection":[{"href":"https:\/\/antcube.shop\/pl\/wp-json\/wp\/v2\/product"}],"about":[{"href":"https:\/\/antcube.shop\/pl\/wp-json\/wp\/v2\/types\/product"}],"replies":[{"embeddable":true,"href":"https:\/\/antcube.shop\/pl\/wp-json\/wp\/v2\/comments?post=2865"}],"wp:featuredmedia":[{"embeddable":true,"href":"https:\/\/antcube.shop\/pl\/wp-json\/wp\/v2\/media\/306"}],"wp:attachment":[{"href":"https:\/\/antcube.shop\/pl\/wp-json\/wp\/v2\/media?parent=2865"}],"wp:term":[{"taxonomy":"product_brand","embeddable":true,"href":"https:\/\/antcube.shop\/pl\/wp-json\/wp\/v2\/product_brand?post=2865"},{"taxonomy":"product_cat","embeddable":true,"href":"https:\/\/antcube.shop\/pl\/wp-json\/wp\/v2\/product_cat?post=2865"},{"taxonomy":"product_tag","embeddable":true,"href":"https:\/\/antcube.shop\/pl\/wp-json\/wp\/v2\/product_tag?post=2865"}],"curies":[{"name":"wp","href":"https:\/\/api.w.org\/{rel}","templated":true}]}}