{"id":2864,"date":"2021-10-13T18:42:41","date_gmt":"2021-10-13T16:42:41","guid":{"rendered":"https:\/\/antcube.shop\/produkt\/antcube-arena-20x20x10-flach\/"},"modified":"2026-04-02T22:01:20","modified_gmt":"2026-04-02T20:01:20","slug":"antcube-arena-20x20x10-flach","status":"publish","type":"product","link":"https:\/\/antcube.shop\/pl\/produkt\/antcube-arena-20x20x10-flach\/","title":{"rendered":"ANTCUBE - Arena 20x20x10 - p\u0142aski"},"content":{"rendered":"<p><strong>Wymiary:<\/strong> 200 x 200 x 100 mm; grubo\u015b\u0107 szk\u0142a 4mm<\/p>\n<p><strong>Materia\u0142:<\/strong> szk\u0142o float<\/p>\n<p><strong>Po\u0142\u0105czenie:<\/strong> 2x otw\u00f3r 27 mm<\/p>\n<p><strong>Opis:<\/strong><br \/>\nUmywalka szklana 20x20x10 cm z nawierceniem 2x 27mm.<br \/>\nWiercenie (punkt centralny) znajduje si\u0119 na wysoko\u015bci 3 cm.<\/p>\n<p><strong>Uwaga:<\/strong> Szk\u0142o jest ci\u0119te zgodnie z DIN 1249 z tolerancj\u0105 +\/- 1mm. W przypadku wyj\u0105tkowo ma\u0142ych gatunk\u00f3w mr\u00f3wek konieczna jest dodatkowa ochrona przed wy\u0142amaniem.<\/p>\n<p>&nbsp;<\/p>","protected":false},"excerpt":{"rendered":"<p>Przy\u0142\u0105cze: 2x otw\u00f3r 27 mm<br \/>\nWielko\u015b\u0107: <strong>S<\/strong>, <strong>M<\/strong>, <strong>L<\/strong>, <strong>XL<\/strong><\/p>","protected":false},"featured_media":327,"comment_status":"open","ping_status":"closed","template":"","meta":{"_acf_changed":false,"content-type":"","_monsterinsights_skip_tracking":false,"_monsterinsights_sitenote_active":false,"_monsterinsights_sitenote_note":"","_monsterinsights_sitenote_category":0},"product_brand":[],"product_cat":[85,86],"product_tag":[],"class_list":{"0":"post-2864","1":"product","2":"type-product","3":"status-publish","4":"has-post-thumbnail","6":"product_cat-ant-arenas","7":"product_cat-formicariums","9":"first","10":"instock","11":"taxable","12":"shipping-taxable","13":"purchasable","14":"product-type-simple"},"acf":[],"aioseo_notices":[],"jetpack_sharing_enabled":true,"_links":{"self":[{"href":"https:\/\/antcube.shop\/pl\/wp-json\/wp\/v2\/product\/2864","targetHints":{"allow":["GET"]}}],"collection":[{"href":"https:\/\/antcube.shop\/pl\/wp-json\/wp\/v2\/product"}],"about":[{"href":"https:\/\/antcube.shop\/pl\/wp-json\/wp\/v2\/types\/product"}],"replies":[{"embeddable":true,"href":"https:\/\/antcube.shop\/pl\/wp-json\/wp\/v2\/comments?post=2864"}],"wp:featuredmedia":[{"embeddable":true,"href":"https:\/\/antcube.shop\/pl\/wp-json\/wp\/v2\/media\/327"}],"wp:attachment":[{"href":"https:\/\/antcube.shop\/pl\/wp-json\/wp\/v2\/media?parent=2864"}],"wp:term":[{"taxonomy":"product_brand","embeddable":true,"href":"https:\/\/antcube.shop\/pl\/wp-json\/wp\/v2\/product_brand?post=2864"},{"taxonomy":"product_cat","embeddable":true,"href":"https:\/\/antcube.shop\/pl\/wp-json\/wp\/v2\/product_cat?post=2864"},{"taxonomy":"product_tag","embeddable":true,"href":"https:\/\/antcube.shop\/pl\/wp-json\/wp\/v2\/product_tag?post=2864"}],"curies":[{"name":"wp","href":"https:\/\/api.w.org\/{rel}","templated":true}]}}