{"id":2861,"date":"2021-10-13T18:42:12","date_gmt":"2021-10-13T16:42:12","guid":{"rendered":"https:\/\/antcube.shop\/produkt\/antcube-digfix-platte-20x20-s\/"},"modified":"2026-03-27T09:45:27","modified_gmt":"2026-03-27T08:45:27","slug":"antcube-digfix-platte-20x20-s","status":"publish","type":"product","link":"https:\/\/antcube.shop\/pl\/produkt\/antcube-digfix-platte-20x20-s\/","title":{"rendered":"ANTCUBE - p\u0142ytka Digfix 20\u00d720 - S"},"content":{"rendered":"<p><strong>Wymiary:<\/strong> 183x160x6 mm<\/p>\n<p><strong>Materia\u0142:<\/strong> Digfix<\/p>\n<p><strong>Opis:<\/strong> P\u0142yta Digfix jest wykonana z materia\u0142u odpornego na gradobicie i doskonale pasuje do naszych hodowli mr\u00f3wek ANTCUBE. Mo\u017ce by\u0107 u\u017cywana zar\u00f3wno na sucho, jak i na mokro. Jest odpowiednia dla wielu gatunk\u00f3w mr\u00f3wek, zw\u0142aszcza tych, kt\u00f3re gnie\u017cd\u017c\u0105 si\u0119 w piasku i (martwym) drewnie. Mo\u017ce by\u0107 stosowana zamiast mieszanek piaskowo-gliniastych lub wk\u0142ad\u00f3w do gniazd wykonanych z korka. Du\u017c\u0105 zalet\u0105 Digfixu w por\u00f3wnaniu z gniazdami korkowymi jest to, \u017ce nie ple\u015bnieje nawet po zamoczeniu. Oznacza to, \u017ce gatunkom mr\u00f3wek o du\u017cych wymaganiach wilgotno\u015bciowych mo\u017cna bez problemu dostarcza\u0107 wystarczaj\u0105c\u0105 ilo\u015b\u0107 wody. Digfix ma r\u00f3wnie\u017c t\u0119 zalet\u0119, \u017ce mr\u00f3wki kopi\u0105ce nie brudz\u0105 szyb gniazda ziemi\u0105 podczas kopania, co zapewnia doskona\u0142y widok do wn\u0119trza gniazda.<\/p>\n<p><strong>Uwaga:<\/strong> Naturalny odcie\u0144 koloru mo\u017ce waha\u0107 si\u0119 mi\u0119dzy zielonkawym\/szarawym br\u0105zem a ziemistym br\u0105zem. Odcie\u0144 nie ma wp\u0142ywu na jako\u015b\u0107.<br \/>\nZe wzgl\u0119du na produkcj\u0119 wymiary mog\u0105 si\u0119 r\u00f3\u017cni\u0107 o +\/- 1 mm<\/p>","protected":false},"excerpt":{"rendered":"<p>Wielko\u015b\u0107: <strong>S<\/strong><\/p>","protected":false},"featured_media":344,"comment_status":"open","ping_status":"closed","template":"","meta":{"_acf_changed":false,"content-type":"","_monsterinsights_skip_tracking":false,"_monsterinsights_sitenote_active":false,"_monsterinsights_sitenote_note":"","_monsterinsights_sitenote_category":0},"product_brand":[],"product_cat":[87,88],"product_tag":[],"class_list":{"0":"post-2861","1":"product","2":"type-product","3":"status-publish","4":"has-post-thumbnail","6":"product_cat-nest-insets","7":"product_cat-digfix","9":"first","10":"instock","11":"taxable","12":"shipping-taxable","13":"purchasable","14":"product-type-simple"},"acf":[],"aioseo_notices":[],"jetpack_sharing_enabled":true,"_links":{"self":[{"href":"https:\/\/antcube.shop\/pl\/wp-json\/wp\/v2\/product\/2861","targetHints":{"allow":["GET"]}}],"collection":[{"href":"https:\/\/antcube.shop\/pl\/wp-json\/wp\/v2\/product"}],"about":[{"href":"https:\/\/antcube.shop\/pl\/wp-json\/wp\/v2\/types\/product"}],"replies":[{"embeddable":true,"href":"https:\/\/antcube.shop\/pl\/wp-json\/wp\/v2\/comments?post=2861"}],"wp:featuredmedia":[{"embeddable":true,"href":"https:\/\/antcube.shop\/pl\/wp-json\/wp\/v2\/media\/344"}],"wp:attachment":[{"href":"https:\/\/antcube.shop\/pl\/wp-json\/wp\/v2\/media?parent=2861"}],"wp:term":[{"taxonomy":"product_brand","embeddable":true,"href":"https:\/\/antcube.shop\/pl\/wp-json\/wp\/v2\/product_brand?post=2861"},{"taxonomy":"product_cat","embeddable":true,"href":"https:\/\/antcube.shop\/pl\/wp-json\/wp\/v2\/product_cat?post=2861"},{"taxonomy":"product_tag","embeddable":true,"href":"https:\/\/antcube.shop\/pl\/wp-json\/wp\/v2\/product_tag?post=2861"}],"curies":[{"name":"wp","href":"https:\/\/api.w.org\/{rel}","templated":true}]}}