{"id":2859,"date":"2021-10-13T18:41:44","date_gmt":"2021-10-13T16:41:44","guid":{"rendered":"https:\/\/antcube.shop\/produkt\/tranke-klar-20ml-schwamm\/"},"modified":"2026-04-29T17:59:23","modified_gmt":"2026-04-29T15:59:23","slug":"tranke-klar-20ml-schwamm","status":"publish","type":"product","link":"https:\/\/antcube.shop\/pl\/produkt\/tranke-klar-20ml-schwamm\/","title":{"rendered":"Poide\u0142ko przezroczyste 20ml - g\u0105bka"},"content":{"rendered":"<p><strong>Wymiary:<\/strong> 40x50x68 mm, 20 ml<\/p>\n<p><strong>Zawarto\u015b\u0107:<\/strong><br \/>\n1x podstawa z 4x otworami 3 mm i zintegrowan\u0105 g\u0105bk\u0105.<br \/>\n1x zbiornik na wod\u0119 62x22mm (20ml)<br \/>\n1x g\u0105bka 30 mm<\/p>\n<p><strong>Materia\u0142:<\/strong> PS, PMMA, pianka (o bardzo drobnych porach i du\u017cej ch\u0142onno\u015bci)<\/p>\n<p><strong>Opis:<\/strong> Dzi\u0119ki temu mr\u00f3wki mog\u0105 zapewni\u0107 sobie odpowiedni\u0105 wilgotno\u015b\u0107 w formikarium. Idealne r\u00f3wnie\u017c w okresie wakacyjnym. Zbiornik na wod\u0119 o pojemno\u015bci 20 ml mo\u017cna w\u0142o\u017cy\u0107 do stopy (Uwaga: Nie nale\u017cy wk\u0142ada\u0107 zbiornika do ko\u0144ca, lecz tylko do poziomu g\u0105bki, aby nie przerwa\u0107 dop\u0142ywu wody). G\u0105bka o wi\u0119kszej \u015brednicy ni\u017c do\u0142\u0105czony zbiornik pozwala na przesi\u0105kanie wilgoci do podstawy. 4 drobne otwory 18 mm w podstawie, umieszczone we wszystkich czterech kierunkach, umo\u017cliwiaj\u0105 karmienie kolonii z du\u017c\u0105 liczb\u0105 zwierz\u0105t. Usuwaj\u0105c piank\u0119, zwierz\u0119ta zapewniaj\u0105 sobie wystarczaj\u0105cy dop\u0142yw p\u0142ynu.<\/p>\n<p><strong>Kolory:<\/strong> krystalicznie czysty, szary<\/p>\n<p>&nbsp;<\/p>","protected":false},"excerpt":{"rendered":"<p><strong>Wymiary:<\/strong> 40x50x68 mm, 20 ml<\/p>","protected":false},"featured_media":3004,"comment_status":"open","ping_status":"closed","template":"","meta":{"_acf_changed":false,"content-type":"","_monsterinsights_skip_tracking":false,"_monsterinsights_sitenote_active":false,"_monsterinsights_sitenote_note":"","_monsterinsights_sitenote_category":0},"product_brand":[],"product_cat":[115,117],"product_tag":[],"class_list":{"0":"post-2859","1":"product","2":"type-product","3":"status-publish","4":"has-post-thumbnail","6":"product_cat-food-and-feeding","7":"product_cat-drinkers-for-ants","9":"first","10":"instock","11":"taxable","12":"shipping-taxable","13":"purchasable","14":"product-type-simple"},"acf":[],"aioseo_notices":[],"jetpack_sharing_enabled":true,"_links":{"self":[{"href":"https:\/\/antcube.shop\/pl\/wp-json\/wp\/v2\/product\/2859","targetHints":{"allow":["GET"]}}],"collection":[{"href":"https:\/\/antcube.shop\/pl\/wp-json\/wp\/v2\/product"}],"about":[{"href":"https:\/\/antcube.shop\/pl\/wp-json\/wp\/v2\/types\/product"}],"replies":[{"embeddable":true,"href":"https:\/\/antcube.shop\/pl\/wp-json\/wp\/v2\/comments?post=2859"}],"wp:featuredmedia":[{"embeddable":true,"href":"https:\/\/antcube.shop\/pl\/wp-json\/wp\/v2\/media\/3004"}],"wp:attachment":[{"href":"https:\/\/antcube.shop\/pl\/wp-json\/wp\/v2\/media?parent=2859"}],"wp:term":[{"taxonomy":"product_brand","embeddable":true,"href":"https:\/\/antcube.shop\/pl\/wp-json\/wp\/v2\/product_brand?post=2859"},{"taxonomy":"product_cat","embeddable":true,"href":"https:\/\/antcube.shop\/pl\/wp-json\/wp\/v2\/product_cat?post=2859"},{"taxonomy":"product_tag","embeddable":true,"href":"https:\/\/antcube.shop\/pl\/wp-json\/wp\/v2\/product_tag?post=2859"}],"curies":[{"name":"wp","href":"https:\/\/api.w.org\/{rel}","templated":true}]}}