{"id":2856,"date":"2021-10-13T18:41:15","date_gmt":"2021-10-13T16:41:15","guid":{"rendered":"https:\/\/antcube.shop\/produkt\/antcube-ameisenfarm-m-20x20-stehend\/"},"modified":"2026-04-02T22:01:19","modified_gmt":"2026-04-02T20:01:19","slug":"antcube-ameisenfarm-m-20x20-stehend","status":"publish","type":"product","link":"https:\/\/antcube.shop\/pl\/produkt\/antcube-ameisenfarm-m-20x20-stehend\/","title":{"rendered":"ANTCUBE - farma mr\u00f3wek - M - 20\u00d720 - stoj\u0105cy"},"content":{"rendered":"<p><strong>Wymiary (LxWxH):\u00a0<\/strong><br \/>\nna zewn\u0105trz: 232x58x199 mm<br \/>\nwn\u0119trze: 184x10x190 mm<\/p>\n<p><strong>Materia\u0142:<\/strong><br \/>\nSzk\u0142o float, tworzywo sztuczne<\/p>\n<p><strong>Kolor:<\/strong><br \/>\nkrystalicznie czysty<\/p>\n<p><strong>Tre\u015b\u0107:<\/strong><br \/>\n1x farma mr\u00f3wek ANTCUBE - rozstaw p\u0142yt 10mm.<br \/>\n1x os\u0142ona zagrody dla mr\u00f3wek M 20\u00d72<br \/>\n2x korek 4mm<\/p>\n<p><strong>Po\u0142\u0105czenie:<\/strong><br \/>\n2x nasadka 8\/10 x 10mm<br \/>\n2x otwory 4mm z za\u015blepkami 4mm<\/p>\n<p><strong>Opis:<\/strong><br \/>\nTa w pe\u0142ni przezroczysta hodowla mr\u00f3wek jest odpowiednia dla mr\u00f3wek w rozmiarze M.<\/p>\n<p><strong>Uwagi dotycz\u0105ce produkcji<\/strong><br \/>\nSzk\u0142o jest ci\u0119te zgodnie z norm\u0105 DIN 1249 z tolerancj\u0105 +\/- 1mm. W przypadku wyj\u0105tkowo ma\u0142ych gatunk\u00f3w mr\u00f3wek konieczne jest dodatkowe zabezpieczenie przed wy\u0142amaniem.<\/p>\n<p><strong>Wskaz\u00f3wki dotycz\u0105ce gospodarstwa<\/strong><br \/>\nPrzy zak\u0142adaniu i zdejmowaniu w\u0119\u017cy nale\u017cy zwr\u00f3ci\u0107 uwag\u0119 na nast\u0119puj\u0105ce kwestie:<br \/>\nJe\u015bli przew\u00f3d jest bardzo trudny do zamontowania na tulei z\u0142\u0105czki, tulej\u0119 nale\u017cy lekko natrze\u0107 kropl\u0105 naszego oleju lub proszku zabezpieczaj\u0105cego przed p\u0119kni\u0119ciem. Nast\u0119pnie w\u0105\u017c nale\u017cy wsun\u0105\u0107 na tulej\u0119 skr\u0119tnymi lub \u015brubowymi ruchami, nie obci\u0105\u017caj\u0105c tulei ruchami w g\u00f3r\u0119 i w d\u00f3\u0142. To samo dotyczy wyjmowania w\u0119\u017cy z tulei przy\u0142\u0105czeniowej w gospodarstwie. Nie wolno ich po prostu \u015bci\u0105ga\u0107!<\/p>\n<p>&nbsp;<\/p>","protected":false},"excerpt":{"rendered":"<p>Pod\u0142\u0105czenie: Gniazdo 2x 8\/10 mm + os\u0142ona<\/p>\n<p>Odst\u0119py mi\u0119dzy p\u0142ytami: Wewn\u0105trz 10 mm \/ Na zewn\u0105trz 18 mm<br \/>\nWielko\u015b\u0107: <strong><span style=\"color: #339966;\">M<\/span><\/strong><\/p>","protected":false},"featured_media":348,"comment_status":"open","ping_status":"closed","template":"","meta":{"_acf_changed":false,"content-type":"","_monsterinsights_skip_tracking":false,"_monsterinsights_sitenote_active":false,"_monsterinsights_sitenote_note":"","_monsterinsights_sitenote_category":0},"product_brand":[],"product_cat":[80,82],"product_tag":[],"class_list":{"0":"post-2856","1":"product","2":"type-product","3":"status-publish","4":"has-post-thumbnail","6":"product_cat-antfarms","7":"product_cat-antfarms-m","9":"first","10":"instock","11":"taxable","12":"shipping-taxable","13":"purchasable","14":"product-type-simple"},"acf":[],"aioseo_notices":[],"jetpack_sharing_enabled":true,"_links":{"self":[{"href":"https:\/\/antcube.shop\/pl\/wp-json\/wp\/v2\/product\/2856","targetHints":{"allow":["GET"]}}],"collection":[{"href":"https:\/\/antcube.shop\/pl\/wp-json\/wp\/v2\/product"}],"about":[{"href":"https:\/\/antcube.shop\/pl\/wp-json\/wp\/v2\/types\/product"}],"replies":[{"embeddable":true,"href":"https:\/\/antcube.shop\/pl\/wp-json\/wp\/v2\/comments?post=2856"}],"wp:featuredmedia":[{"embeddable":true,"href":"https:\/\/antcube.shop\/pl\/wp-json\/wp\/v2\/media\/348"}],"wp:attachment":[{"href":"https:\/\/antcube.shop\/pl\/wp-json\/wp\/v2\/media?parent=2856"}],"wp:term":[{"taxonomy":"product_brand","embeddable":true,"href":"https:\/\/antcube.shop\/pl\/wp-json\/wp\/v2\/product_brand?post=2856"},{"taxonomy":"product_cat","embeddable":true,"href":"https:\/\/antcube.shop\/pl\/wp-json\/wp\/v2\/product_cat?post=2856"},{"taxonomy":"product_tag","embeddable":true,"href":"https:\/\/antcube.shop\/pl\/wp-json\/wp\/v2\/product_tag?post=2856"}],"curies":[{"name":"wp","href":"https:\/\/api.w.org\/{rel}","templated":true}]}}