{"id":2854,"date":"2021-10-13T18:40:55","date_gmt":"2021-10-13T16:40:55","guid":{"rendered":"https:\/\/antcube.shop\/produkt\/mini-thermo-hygrometer-analog-display-hangend\/"},"modified":"2026-04-11T10:12:08","modified_gmt":"2026-04-11T08:12:08","slug":"mini-termo-higrometr-analogowy-wyswietlacz-wiszacy","status":"publish","type":"product","link":"https:\/\/antcube.shop\/pl\/produkt\/mini-termo-higrometr-analogowy-wyswietlacz-wiszacy\/","title":{"rendered":"Mini termo-higrometr analogowy - wy\u015bwietlacz - wisz\u0105cy"},"content":{"rendered":"<p><strong>Wymiary:<\/strong> 75mm x 45mm, g\u0142\u0119boko\u015b\u0107 20mm<\/p>\n<p><strong>Materia\u0142:<\/strong> metal \/ akryl<\/p>\n<p><strong>Kolor:<\/strong> metal, srebrny \/ przezroczysty<\/p>\n<p><strong>Tre\u015b\u0107:<\/strong> 1x mini termometr analogowy metalowy - 25mm, 1x mini higrometr analogowy metalowy - 25mm, 1x uchwyt ze szk\u0142a akrylowego z wyci\u0119ciami na przyrz\u0105dy pomiarowe - 75x45mm, 1x podstawka ze szk\u0142a akrylowego - 75x20mm, 2x przezroczyste podk\u0142adki samoprzylepne - 30x20mm<\/p>\n<p><strong>Opis:<\/strong><br \/>\nZestaw sk\u0142ada si\u0119 z analogowego termometru i higrometru wykonanych z metalu (25mm), kt\u00f3re s\u0105 umieszczone w p\u0142ytce ze szk\u0142a akrylowego (75x45mm). Wy\u015bwietlacz mocowany jest za pomoc\u0105 dw\u00f3ch przezroczystych podk\u0142adek samoprzylepnych, kt\u00f3re mog\u0105 by\u0107 wykorzystane do mocowania podstawy (75x20mm) nad g\u0142ow\u0105 do pokryw lub ramek.<\/p>\n<p><strong>Wskaz\u00f3wka:<\/strong><br \/>\nPrzyrz\u0105dy pomiarowe na tylnej stronie musz\u0105 pozosta\u0107 wolne, w przeciwnym razie mog\u0105 wyst\u0105pi\u0107 b\u0142\u0119dy pomiarowe.<\/p>\n<p><strong>Dok\u0142adno\u015b\u0107:<\/strong> +\/- 2\u00b0C , +\/- 4\u00b0F<br \/>\n<strong>Dok\u0142adno\u015b\u0107:<\/strong> +\/- 5%<\/p>","protected":false},"excerpt":{"rendered":"<p>Zestaw termometru i higrometru wykonany z metalu (25mm) umieszczony w p\u0142ytce ze szk\u0142a akrylowego (75x45mm)<\/p>","protected":false},"featured_media":311,"comment_status":"open","ping_status":"closed","template":"","meta":{"_acf_changed":false,"content-type":"","_monsterinsights_skip_tracking":false,"_monsterinsights_sitenote_active":false,"_monsterinsights_sitenote_note":"","_monsterinsights_sitenote_category":0},"product_brand":[],"product_cat":[119,239],"product_tag":[],"class_list":{"0":"post-2854","1":"product","2":"type-product","3":"status-publish","4":"has-post-thumbnail","6":"product_cat-formicarium-components","7":"product_cat-useful-additions","9":"first","10":"instock","11":"taxable","12":"shipping-taxable","13":"purchasable","14":"product-type-simple"},"acf":[],"aioseo_notices":[],"jetpack_sharing_enabled":true,"_links":{"self":[{"href":"https:\/\/antcube.shop\/pl\/wp-json\/wp\/v2\/product\/2854","targetHints":{"allow":["GET"]}}],"collection":[{"href":"https:\/\/antcube.shop\/pl\/wp-json\/wp\/v2\/product"}],"about":[{"href":"https:\/\/antcube.shop\/pl\/wp-json\/wp\/v2\/types\/product"}],"replies":[{"embeddable":true,"href":"https:\/\/antcube.shop\/pl\/wp-json\/wp\/v2\/comments?post=2854"}],"wp:featuredmedia":[{"embeddable":true,"href":"https:\/\/antcube.shop\/pl\/wp-json\/wp\/v2\/media\/311"}],"wp:attachment":[{"href":"https:\/\/antcube.shop\/pl\/wp-json\/wp\/v2\/media?parent=2854"}],"wp:term":[{"taxonomy":"product_brand","embeddable":true,"href":"https:\/\/antcube.shop\/pl\/wp-json\/wp\/v2\/product_brand?post=2854"},{"taxonomy":"product_cat","embeddable":true,"href":"https:\/\/antcube.shop\/pl\/wp-json\/wp\/v2\/product_cat?post=2854"},{"taxonomy":"product_tag","embeddable":true,"href":"https:\/\/antcube.shop\/pl\/wp-json\/wp\/v2\/product_tag?post=2854"}],"curies":[{"name":"wp","href":"https:\/\/api.w.org\/{rel}","templated":true}]}}