{"id":2853,"date":"2021-10-13T18:40:45","date_gmt":"2021-10-13T16:40:45","guid":{"rendered":"https:\/\/antcube.shop\/produkt\/gittereinsatz-50mm-edelstahl\/"},"modified":"2026-04-11T12:47:29","modified_gmt":"2026-04-11T10:47:29","slug":"gittereinsatz-50mm-edelstahl","status":"publish","type":"product","link":"https:\/\/antcube.shop\/pl\/produkt\/gittereinsatz-50mm-edelstahl\/","title":{"rendered":"Wk\u0142adka do rusztu - 50mm - stal nierdzewna"},"content":{"rendered":"<p><strong>Ilo\u015b\u0107:<\/strong> 1 szt.<\/p>\n<p><strong>Wymiary:<\/strong> 50 mm (\u015brednica wewn\u0119trzna), 56\u00d74 mm (wymiary zewn\u0119trzne)<\/p>\n<p><strong>Kolor:<\/strong> przezroczysty<\/p>\n<p><strong>Materia\u0142:<\/strong> stal nierdzewna, szk\u0142o akrylowe<\/p>\n<p><strong>Opis:<\/strong><br \/>\nTen wk\u0142ad siatkowy z bardzo drobn\u0105 siatk\u0105 ze stali nierdzewnej (0,2 mm) mo\u017ce by\u0107 w\u0142o\u017cony do otwor\u00f3w 50mm i zapewnia dobr\u0105 wentylacj\u0119 formicarium bez mr\u00f3wek mo\u017ce si\u0119 wy\u0142ama\u0107.<br \/>\nW przypadku mocowania bocznego zalecamy dodatkowe zabezpieczenie za pomoc\u0105 dost\u0119pnych w handlu klej\u00f3w, aby unikn\u0105\u0107 wypadni\u0119cia w wyniku ewentualnych wstrz\u0105s\u00f3w.<\/p>\n<p><strong>Uwaga:<\/strong> Nadaje si\u0119 r\u00f3wnie\u017c do zwalczania bardzo silnych gatunk\u00f3w gryz\u0105cych, takich jak mr\u00f3wki dr\u0105\u017c\u0105ce!<\/p>\n<p>&nbsp;<\/p>","protected":false},"excerpt":{"rendered":"<p>Ilo\u015b\u0107: 1 sztuka Wymiary: 50 mm (\u015brednica wewn\u0119trzna), 56x4 mm (wymiary zewn\u0119trzne) Kolor: przezroczysty Materia\u0142: stal nierdzewna, szk\u0142o akrylowe Opis: Ten wk\u0142ad siatkowy z bardzo drobn\u0105 siatk\u0105 ze stali nierdzewnej (0,2 mm) mo\u017ce by\u0107 w\u0142o\u017cony do otwor\u00f3w 50 mm i zapewnia dobr\u0105 wentylacj\u0119 formikarium bez mo\u017cliwo\u015bci wyrwania si\u0119 mr\u00f3wek. W przypadku bocznego mocowania, my","protected":false},"featured_media":338,"comment_status":"open","ping_status":"closed","template":"","meta":{"_acf_changed":false,"content-type":"","_monsterinsights_skip_tracking":false,"_monsterinsights_sitenote_active":false,"_monsterinsights_sitenote_note":"","_monsterinsights_sitenote_category":0},"product_brand":[],"product_cat":[238],"product_tag":[],"class_list":{"0":"post-2853","1":"product","2":"type-product","3":"status-publish","4":"has-post-thumbnail","6":"product_cat-grid-caps-plugs-and-inserts","8":"first","9":"outofstock","10":"taxable","11":"shipping-taxable","12":"purchasable","13":"product-type-simple"},"acf":[],"aioseo_notices":[],"jetpack_sharing_enabled":true,"_links":{"self":[{"href":"https:\/\/antcube.shop\/pl\/wp-json\/wp\/v2\/product\/2853","targetHints":{"allow":["GET"]}}],"collection":[{"href":"https:\/\/antcube.shop\/pl\/wp-json\/wp\/v2\/product"}],"about":[{"href":"https:\/\/antcube.shop\/pl\/wp-json\/wp\/v2\/types\/product"}],"replies":[{"embeddable":true,"href":"https:\/\/antcube.shop\/pl\/wp-json\/wp\/v2\/comments?post=2853"}],"wp:featuredmedia":[{"embeddable":true,"href":"https:\/\/antcube.shop\/pl\/wp-json\/wp\/v2\/media\/338"}],"wp:attachment":[{"href":"https:\/\/antcube.shop\/pl\/wp-json\/wp\/v2\/media?parent=2853"}],"wp:term":[{"taxonomy":"product_brand","embeddable":true,"href":"https:\/\/antcube.shop\/pl\/wp-json\/wp\/v2\/product_brand?post=2853"},{"taxonomy":"product_cat","embeddable":true,"href":"https:\/\/antcube.shop\/pl\/wp-json\/wp\/v2\/product_cat?post=2853"},{"taxonomy":"product_tag","embeddable":true,"href":"https:\/\/antcube.shop\/pl\/wp-json\/wp\/v2\/product_tag?post=2853"}],"curies":[{"name":"wp","href":"https:\/\/api.w.org\/{rel}","templated":true}]}}