{"id":2852,"date":"2021-10-13T18:40:35","date_gmt":"2021-10-13T16:40:35","guid":{"rendered":"https:\/\/antcube.shop\/produkt\/gittereinsatz-27mm-edelstahl\/"},"modified":"2026-04-06T09:42:15","modified_gmt":"2026-04-06T07:42:15","slug":"gittereinsatz-27mm-edelstahl","status":"publish","type":"product","link":"https:\/\/antcube.shop\/pl\/produkt\/gittereinsatz-27mm-edelstahl\/","title":{"rendered":"Wk\u0142ad rusztu - 27 mm - stal nierdzewna"},"content":{"rendered":"<p><strong>Ilo\u015b\u0107:<\/strong> 1 szt.<\/p>\n<p><strong>Wymiary:<\/strong> 27 mm (\u015brednica wewn\u0119trzna), 33\u00d74 mm (wymiary zewn\u0119trzne)<\/p>\n<p><strong>Kolor:<\/strong> przezroczysty<\/p>\n<p><strong>Materia\u0142:<\/strong> stal nierdzewna, akryl<\/p>\n<p><strong>Opis:<\/strong><br \/>\nTa wk\u0142adka z bardzo drobn\u0105 siatk\u0105 ze stali nierdzewnej (0,2 mm) mo\u017ce by\u0107 wk\u0142adana do otwor\u00f3w 27 mm i zapewnia dobr\u0105 wentylacj\u0119 formikarium bez mo\u017cliwo\u015bci wydostania si\u0119 mr\u00f3wek na zewn\u0105trz.<br \/>\nW przypadku mocowania bocznego zalecamy dodatkowe zabezpieczenie za pomoc\u0105 dost\u0119pnych w handlu klej\u00f3w, aby unikn\u0105\u0107 wypadni\u0119cia w wyniku ewentualnych wstrz\u0105s\u00f3w.<\/p>\n<p><strong>Uwaga:<\/strong> Nadaje si\u0119 r\u00f3wnie\u017c do zwalczania bardzo silnych gatunk\u00f3w gryz\u0105cych, takich jak mr\u00f3wki dr\u0105\u017c\u0105ce!<\/p>","protected":false},"excerpt":{"rendered":"<p>Ilo\u015b\u0107: 1 sztuka Wymiary: 27 mm (\u015brednica wewn\u0119trzna), 33x4 mm (wymiary zewn\u0119trzne) Kolor: przezroczysty Materia\u0142: stal nierdzewna, akryl Opis: Ta wk\u0142adka siatkowa z bardzo drobn\u0105 siatk\u0105 ze stali nierdzewnej (0,2 mm) mo\u017ce by\u0107 w\u0142o\u017cona do otwor\u00f3w 27 mm i zapewnia dobr\u0105 wentylacj\u0119 formikarium bez mo\u017cliwo\u015bci wyrwania si\u0119 mr\u00f3wek. W przypadku mocowania bocznego zalecamy","protected":false},"featured_media":337,"comment_status":"open","ping_status":"closed","template":"","meta":{"_acf_changed":false,"content-type":"","_monsterinsights_skip_tracking":false,"_monsterinsights_sitenote_active":false,"_monsterinsights_sitenote_note":"","_monsterinsights_sitenote_category":0},"product_brand":[],"product_cat":[238],"product_tag":[],"class_list":{"0":"post-2852","1":"product","2":"type-product","3":"status-publish","4":"has-post-thumbnail","6":"product_cat-grid-caps-plugs-and-inserts","8":"first","9":"instock","10":"taxable","11":"shipping-taxable","12":"purchasable","13":"product-type-simple"},"acf":[],"aioseo_notices":[],"jetpack_sharing_enabled":true,"_links":{"self":[{"href":"https:\/\/antcube.shop\/pl\/wp-json\/wp\/v2\/product\/2852","targetHints":{"allow":["GET"]}}],"collection":[{"href":"https:\/\/antcube.shop\/pl\/wp-json\/wp\/v2\/product"}],"about":[{"href":"https:\/\/antcube.shop\/pl\/wp-json\/wp\/v2\/types\/product"}],"replies":[{"embeddable":true,"href":"https:\/\/antcube.shop\/pl\/wp-json\/wp\/v2\/comments?post=2852"}],"wp:featuredmedia":[{"embeddable":true,"href":"https:\/\/antcube.shop\/pl\/wp-json\/wp\/v2\/media\/337"}],"wp:attachment":[{"href":"https:\/\/antcube.shop\/pl\/wp-json\/wp\/v2\/media?parent=2852"}],"wp:term":[{"taxonomy":"product_brand","embeddable":true,"href":"https:\/\/antcube.shop\/pl\/wp-json\/wp\/v2\/product_brand?post=2852"},{"taxonomy":"product_cat","embeddable":true,"href":"https:\/\/antcube.shop\/pl\/wp-json\/wp\/v2\/product_cat?post=2852"},{"taxonomy":"product_tag","embeddable":true,"href":"https:\/\/antcube.shop\/pl\/wp-json\/wp\/v2\/product_tag?post=2852"}],"curies":[{"name":"wp","href":"https:\/\/api.w.org\/{rel}","templated":true}]}}