{"id":2851,"date":"2021-10-13T18:40:25","date_gmt":"2021-10-13T16:40:25","guid":{"rendered":"https:\/\/antcube.shop\/produkt\/gitterkappe-10mm-edelstahl\/"},"modified":"2026-04-02T22:01:19","modified_gmt":"2026-04-02T20:01:19","slug":"gitterkappe-10mm-edelstahl","status":"publish","type":"product","link":"https:\/\/antcube.shop\/pl\/produkt\/gitterkappe-10mm-edelstahl\/","title":{"rendered":"Za\u015blepka kraty - 10 mm - Stal nierdzewna"},"content":{"rendered":"<p><strong>Ilo\u015b\u0107:<\/strong> 1 szt.<\/p>\n<p><strong>Wymiary:<\/strong> 10 mm (\u015brednica wewn\u0119trzna), 14\u00d74 mm (wymiary zewn\u0119trzne)<\/p>\n<p><strong>Kolor:<\/strong> przezroczysty<\/p>\n<p><strong>Materia\u0142:<\/strong> stal nierdzewna, akryl<\/p>\n<p><strong>Opis:<\/strong><br \/>\nTa nak\u0142adka z bardzo drobn\u0105 siatk\u0105 ze stali nierdzewnej (0,2 mm) mo\u017ce by\u0107 za\u0142o\u017cona na gniazdo, rurk\u0119 lub ko\u0144c\u00f3wk\u0119 w\u0119\u017ca i zapewnia dobr\u0105 wentylacj\u0119 formikarium bez mo\u017cliwo\u015bci wydostania si\u0119 mr\u00f3wek. Zar\u00f3wno siatka ze stali nierdzewnej, jak i ramka ze szk\u0142a akrylowego s\u0105 przezroczyste.<\/p>\n<p><strong>Uwaga:<\/strong> Nadaje si\u0119 r\u00f3wnie\u017c do zwalczania bardzo silnych gatunk\u00f3w gryz\u0105cych, takich jak mr\u00f3wki dr\u0105\u017c\u0105ce!<\/p>\n<p>&nbsp;<\/p>","protected":false},"excerpt":{"rendered":"<p>Ilo\u015b\u0107: 1 sztuka Wymiary: 10 mm (\u015brednica wewn\u0119trzna), 14x4 mm (wymiary zewn\u0119trzne) Kolor: przezroczysty Materia\u0142: stal nierdzewna, akryl Opis: Ta za\u015blepka z bardzo drobn\u0105 siatk\u0105 ze stali nierdzewnej (0,2 mm) mo\u017ce by\u0107 za\u0142o\u017cona na gniazdo, rurk\u0119 lub ko\u0144c\u00f3wk\u0119 w\u0119\u017ca i zapewnia dobr\u0105 wentylacj\u0119 formikarium bez mo\u017cliwo\u015bci wyrwania si\u0119 mr\u00f3wek. Oba","protected":false},"featured_media":335,"comment_status":"open","ping_status":"closed","template":"","meta":{"_acf_changed":false,"content-type":"","_monsterinsights_skip_tracking":false,"_monsterinsights_sitenote_active":false,"_monsterinsights_sitenote_note":"","_monsterinsights_sitenote_category":0},"product_brand":[],"product_cat":[238],"product_tag":[],"class_list":{"0":"post-2851","1":"product","2":"type-product","3":"status-publish","4":"has-post-thumbnail","6":"product_cat-grid-caps-plugs-and-inserts","8":"first","9":"instock","10":"taxable","11":"shipping-taxable","12":"purchasable","13":"product-type-simple"},"acf":[],"aioseo_notices":[],"jetpack_sharing_enabled":true,"_links":{"self":[{"href":"https:\/\/antcube.shop\/pl\/wp-json\/wp\/v2\/product\/2851","targetHints":{"allow":["GET"]}}],"collection":[{"href":"https:\/\/antcube.shop\/pl\/wp-json\/wp\/v2\/product"}],"about":[{"href":"https:\/\/antcube.shop\/pl\/wp-json\/wp\/v2\/types\/product"}],"replies":[{"embeddable":true,"href":"https:\/\/antcube.shop\/pl\/wp-json\/wp\/v2\/comments?post=2851"}],"wp:featuredmedia":[{"embeddable":true,"href":"https:\/\/antcube.shop\/pl\/wp-json\/wp\/v2\/media\/335"}],"wp:attachment":[{"href":"https:\/\/antcube.shop\/pl\/wp-json\/wp\/v2\/media?parent=2851"}],"wp:term":[{"taxonomy":"product_brand","embeddable":true,"href":"https:\/\/antcube.shop\/pl\/wp-json\/wp\/v2\/product_brand?post=2851"},{"taxonomy":"product_cat","embeddable":true,"href":"https:\/\/antcube.shop\/pl\/wp-json\/wp\/v2\/product_cat?post=2851"},{"taxonomy":"product_tag","embeddable":true,"href":"https:\/\/antcube.shop\/pl\/wp-json\/wp\/v2\/product_tag?post=2851"}],"curies":[{"name":"wp","href":"https:\/\/api.w.org\/{rel}","templated":true}]}}