{"id":2848,"date":"2021-10-13T18:39:56","date_gmt":"2021-10-13T16:39:56","guid":{"rendered":"https:\/\/antcube.shop\/produkt\/tranke-2ml-360-grad\/"},"modified":"2026-04-05T12:30:25","modified_gmt":"2026-04-05T10:30:25","slug":"tranke-2ml-360-grad","status":"publish","type":"product","link":"https:\/\/antcube.shop\/pl\/produkt\/tranke-2ml-360-grad\/","title":{"rendered":"Poide\u0142ko 2ml - 360 stopni"},"content":{"rendered":"<p><strong>Wymiary:<\/strong> 30x40x52 mm, 2 ml<\/p>\n<p><strong>Zawarto\u015b\u0107:<\/strong><br \/>\n1x stopa z 24x otworami 0,5mm<br \/>\n1x tubka z pokarmem dla mr\u00f3wek<\/p>\n<p><strong>Materia\u0142:<\/strong> PLA, PS, PMMA<\/p>\n<p><strong>Opis:<\/strong> Dzi\u0119ki temu mr\u00f3wki mog\u0105 zapewni\u0107 sobie odpowiedni\u0105 wilgotno\u015b\u0107 wewn\u0105trz formikarium. Idealne r\u00f3wnie\u017c w okresie wakacyjnym. Tubki z pokarmem dla mr\u00f3wek o pojemno\u015bci 2ml mog\u0105 by\u0107 teraz w\u0142o\u017cone do stopki. Dzi\u0119ki 24 drobnym otworom 0,5mm rozmieszczonym w 360\u00b0 mo\u017cna zaopatrywa\u0107 kolonie z bardzo licznymi i bardzo ma\u0142ymi gatunkami.<\/p>\n<p><strong>Kolor:<\/strong> przezroczysty<\/p>\n<p>&nbsp;<\/p>","protected":false},"excerpt":{"rendered":"<p>Wymiary: 30x40x52 mm, 2 ml<\/p>","protected":false},"featured_media":305,"comment_status":"open","ping_status":"closed","template":"","meta":{"_acf_changed":false,"content-type":"","_monsterinsights_skip_tracking":false,"_monsterinsights_sitenote_active":false,"_monsterinsights_sitenote_note":"","_monsterinsights_sitenote_category":0},"product_brand":[],"product_cat":[115,117],"product_tag":[],"class_list":{"0":"post-2848","1":"product","2":"type-product","3":"status-publish","4":"has-post-thumbnail","6":"product_cat-food-and-feeding","7":"product_cat-drinkers-for-ants","9":"first","10":"instock","11":"taxable","12":"shipping-taxable","13":"purchasable","14":"product-type-simple"},"acf":[],"aioseo_notices":[],"jetpack_sharing_enabled":true,"_links":{"self":[{"href":"https:\/\/antcube.shop\/pl\/wp-json\/wp\/v2\/product\/2848","targetHints":{"allow":["GET"]}}],"collection":[{"href":"https:\/\/antcube.shop\/pl\/wp-json\/wp\/v2\/product"}],"about":[{"href":"https:\/\/antcube.shop\/pl\/wp-json\/wp\/v2\/types\/product"}],"replies":[{"embeddable":true,"href":"https:\/\/antcube.shop\/pl\/wp-json\/wp\/v2\/comments?post=2848"}],"wp:featuredmedia":[{"embeddable":true,"href":"https:\/\/antcube.shop\/pl\/wp-json\/wp\/v2\/media\/305"}],"wp:attachment":[{"href":"https:\/\/antcube.shop\/pl\/wp-json\/wp\/v2\/media?parent=2848"}],"wp:term":[{"taxonomy":"product_brand","embeddable":true,"href":"https:\/\/antcube.shop\/pl\/wp-json\/wp\/v2\/product_brand?post=2848"},{"taxonomy":"product_cat","embeddable":true,"href":"https:\/\/antcube.shop\/pl\/wp-json\/wp\/v2\/product_cat?post=2848"},{"taxonomy":"product_tag","embeddable":true,"href":"https:\/\/antcube.shop\/pl\/wp-json\/wp\/v2\/product_tag?post=2848"}],"curies":[{"name":"wp","href":"https:\/\/api.w.org\/{rel}","templated":true}]}}