{"id":2847,"date":"2021-10-13T18:38:27","date_gmt":"2021-10-13T16:38:27","guid":{"rendered":"https:\/\/antcube.shop\/produkt\/formicariengranulat-200ml-weis\/"},"modified":"2026-04-21T09:56:20","modified_gmt":"2026-04-21T07:56:20","slug":"formicariengranulat-200ml-weis-2","status":"publish","type":"product","link":"https:\/\/antcube.shop\/pl\/produkt\/formicariengranulat-200ml-weis-2\/","title":{"rendered":"Formicarium granulki 200ml - bia\u0142e"},"content":{"rendered":"<p><strong>Tre\u015b\u0107:<\/strong> 200ml (r\u00f3wnowarto\u015b\u0107 ~16g)<\/p>\n<p><strong>Wielko\u015b\u0107 ziarna:<\/strong> 1 - 6 mm<\/p>\n<p><strong>Kolor:<\/strong> bia\u0142y<\/p>\n<p><strong>Materia\u0142 podstawy:<\/strong> specjalna mieszanka obsydianu wulkanicznego\/perlitu<\/p>\n<p><strong>Opis:<\/strong> Materia\u0142 zatrzymuje wilgo\u0107 i zapewnia dobre napowietrzenie gleby w formikarium, chroni\u0105c przed zalaniem i gniciem. Warstwa granulatu powinna by\u0107 stosowana oko\u0142o 1-2 cm jako dolna warstwa gleby w gospodarstwie.<\/p>\n<p><strong>W\u0142a\u015bciwo\u015bci:<\/strong><br \/>\n- nieorganiczne, produkt mineralny<br \/>\n- biologicznie i chemicznie neutralny<br \/>\n- strukturalnie stabilny<br \/>\n- przechowuje wilgo\u0107<\/p>\n<p>&nbsp;<\/p>","protected":false},"excerpt":{"rendered":"<p>Na neutralne lub lekkie pod\u0142o\u017ce piaskowe\/gliniaste<\/p>","protected":false},"featured_media":388,"comment_status":"open","ping_status":"closed","template":"","meta":{"_acf_changed":false,"content-type":"","_monsterinsights_skip_tracking":false,"_monsterinsights_sitenote_active":false,"_monsterinsights_sitenote_note":"","_monsterinsights_sitenote_category":0},"product_brand":[],"product_cat":[241],"product_tag":[],"class_list":{"0":"post-2847","1":"product","2":"type-product","3":"status-publish","4":"has-post-thumbnail","6":"product_cat-granules","8":"first","9":"instock","10":"taxable","11":"shipping-taxable","12":"purchasable","13":"product-type-simple"},"acf":[],"aioseo_notices":[],"jetpack_sharing_enabled":true,"_links":{"self":[{"href":"https:\/\/antcube.shop\/pl\/wp-json\/wp\/v2\/product\/2847","targetHints":{"allow":["GET"]}}],"collection":[{"href":"https:\/\/antcube.shop\/pl\/wp-json\/wp\/v2\/product"}],"about":[{"href":"https:\/\/antcube.shop\/pl\/wp-json\/wp\/v2\/types\/product"}],"replies":[{"embeddable":true,"href":"https:\/\/antcube.shop\/pl\/wp-json\/wp\/v2\/comments?post=2847"}],"wp:featuredmedia":[{"embeddable":true,"href":"https:\/\/antcube.shop\/pl\/wp-json\/wp\/v2\/media\/388"}],"wp:attachment":[{"href":"https:\/\/antcube.shop\/pl\/wp-json\/wp\/v2\/media?parent=2847"}],"wp:term":[{"taxonomy":"product_brand","embeddable":true,"href":"https:\/\/antcube.shop\/pl\/wp-json\/wp\/v2\/product_brand?post=2847"},{"taxonomy":"product_cat","embeddable":true,"href":"https:\/\/antcube.shop\/pl\/wp-json\/wp\/v2\/product_cat?post=2847"},{"taxonomy":"product_tag","embeddable":true,"href":"https:\/\/antcube.shop\/pl\/wp-json\/wp\/v2\/product_tag?post=2847"}],"curies":[{"name":"wp","href":"https:\/\/api.w.org\/{rel}","templated":true}]}}