{"id":2842,"date":"2021-10-13T18:37:40","date_gmt":"2021-10-13T16:37:40","guid":{"rendered":"https:\/\/antcube.shop\/produkt\/ameisenarena-rahmen-20x20\/"},"modified":"2026-04-05T21:18:11","modified_gmt":"2026-04-05T19:18:11","slug":"ameisenarena-rahmen-20x20","status":"publish","type":"product","link":"https:\/\/antcube.shop\/pl\/produkt\/ameisenarena-rahmen-20x20\/","title":{"rendered":"Rama areny mr\u00f3wek 20\u00d720"},"content":{"rendered":"<p><strong>Wymiary (LxWxH):<\/strong> 20x20x0,4 cm<\/p>\n<p><strong>Materia\u0142:<\/strong> szk\u0142o float<\/p>\n<p><strong>Kolor:<\/strong> krystalicznie czysty \/ przejrzysty<\/p>\n<p><strong>Zawarto\u015b\u0107:<\/strong><br \/>\n1x rama areny mr\u00f3wek<\/p>\n<p><strong>Opis:<\/strong><br \/>\nRama wykonana ze szk\u0142a dla areny mr\u00f3wek jako zabezpieczenie przed wy\u0142amaniem.<\/p>\n<p><strong>Zastosowanie:<\/strong><br \/>\nRama areny mr\u00f3wek to rama wykonana ze szk\u0142a, kt\u00f3r\u0105 umieszcza si\u0119 na arenie mr\u00f3wek i kt\u00f3ra od spodu posiada zabezpieczenie przed wy\u0142amaniem (olej, proszek lub lakier), co zapobiega wy\u0142amywaniu si\u0119 mr\u00f3wek.<\/p>\n<p><strong>Zawiadomienie:<\/strong><br \/>\nPoniewa\u017c artyku\u0142 jest wykonany ze szk\u0142a i dlatego jest delikatny, nale\u017cy si\u0119 z nim obchodzi\u0107 bardzo ostro\u017cnie. Szk\u0142o jest ci\u0119te zgodnie z norm\u0105 DIN 1249 z tolerancj\u0105 +\/- 1mm. W przypadku wyj\u0105tkowo ma\u0142ych gatunk\u00f3w mr\u00f3wek konieczna jest dodatkowa ochrona przed wy\u0142amaniem.<\/p>\n<p>&nbsp;<\/p>","protected":false},"excerpt":{"rendered":"<p>Wymiary (LxWxH): 20x20x0,4 cm Materia\u0142: szk\u0142o float Kolor: krystalicznie czysty \/ przezroczysty Zawarto\u015b\u0107: 1x ramka do areny mr\u00f3wek Opis: Ramka wykonana ze szk\u0142a do areny mr\u00f3wek jako zabezpieczenie przed wy\u0142amaniem. Zastosowanie: Ramka na aren\u0119 mr\u00f3wek to ramka wykonana ze szk\u0142a, kt\u00f3r\u0105 umieszcza si\u0119 na arenie mr\u00f3wek i kt\u00f3ra stanowi zabezpieczenie przed wy\u0142amaniem","protected":false},"featured_media":332,"comment_status":"open","ping_status":"closed","template":"","meta":{"_acf_changed":false,"content-type":"","_monsterinsights_skip_tracking":false,"_monsterinsights_sitenote_active":false,"_monsterinsights_sitenote_note":"","_monsterinsights_sitenote_category":0},"product_brand":[],"product_cat":[91,93],"product_tag":[],"class_list":{"0":"post-2842","1":"product","2":"type-product","3":"status-publish","4":"has-post-thumbnail","6":"product_cat-formicarium-modules","7":"product_cat-arena-frame","9":"first","10":"instock","11":"taxable","12":"shipping-taxable","13":"purchasable","14":"product-type-simple"},"acf":[],"aioseo_notices":[],"jetpack_sharing_enabled":true,"_links":{"self":[{"href":"https:\/\/antcube.shop\/pl\/wp-json\/wp\/v2\/product\/2842","targetHints":{"allow":["GET"]}}],"collection":[{"href":"https:\/\/antcube.shop\/pl\/wp-json\/wp\/v2\/product"}],"about":[{"href":"https:\/\/antcube.shop\/pl\/wp-json\/wp\/v2\/types\/product"}],"replies":[{"embeddable":true,"href":"https:\/\/antcube.shop\/pl\/wp-json\/wp\/v2\/comments?post=2842"}],"wp:featuredmedia":[{"embeddable":true,"href":"https:\/\/antcube.shop\/pl\/wp-json\/wp\/v2\/media\/332"}],"wp:attachment":[{"href":"https:\/\/antcube.shop\/pl\/wp-json\/wp\/v2\/media?parent=2842"}],"wp:term":[{"taxonomy":"product_brand","embeddable":true,"href":"https:\/\/antcube.shop\/pl\/wp-json\/wp\/v2\/product_brand?post=2842"},{"taxonomy":"product_cat","embeddable":true,"href":"https:\/\/antcube.shop\/pl\/wp-json\/wp\/v2\/product_cat?post=2842"},{"taxonomy":"product_tag","embeddable":true,"href":"https:\/\/antcube.shop\/pl\/wp-json\/wp\/v2\/product_tag?post=2842"}],"curies":[{"name":"wp","href":"https:\/\/api.w.org\/{rel}","templated":true}]}}