{"id":2841,"date":"2021-10-13T18:37:30","date_gmt":"2021-10-13T16:37:30","guid":{"rendered":"https:\/\/antcube.shop\/produkt\/food-mix-set-standard\/"},"modified":"2026-04-05T21:18:39","modified_gmt":"2026-04-05T19:18:39","slug":"food-mix-set-standard","status":"publish","type":"product","link":"https:\/\/antcube.shop\/pl\/produkt\/food-mix-set-standard\/","title":{"rendered":"Zestaw mieszanek spo\u017cywczych - standardowy"},"content":{"rendered":"<p><strong>Tre\u015b\u0107:<\/strong> 2ml na rurk\u0119 zasilaj\u0105c\u0105<br \/>\n2x od\u017cywka bia\u0142kowa (PP)<br \/>\n2x pokarm bia\u0142kowy Owady FD (PI)<br \/>\n2x pokarm w\u0119glowodanowy (K)<br \/>\n2x karma dla owoc\u00f3w (F)<br \/>\n2x roztw\u00f3r cukru z miodem (ZH)<br \/>\n1x g\u0105bka<\/p>\n<p><span data-text-color=\"alert\"><strong>Uwaga:<\/strong> <\/span>Nale\u017cy wymiesza\u0107 proszek z kropl\u0105 wody, poniewa\u017c nie jest on akceptowany przez zwierz\u0119ta w stanie suchym!<\/p>\n<p><strong>Opis:<\/strong><br \/>\nJest to Food Mix Set dla r\u00f3\u017cnych gatunk\u00f3w mr\u00f3wek, kt\u00f3re \u017cywi\u0105 si\u0119 w\u0119glowodanami i bia\u0142kami. Zawiera wszystko, czego mr\u00f3wki potrzebuj\u0105 do zbilansowanej diety. Poniewa\u017c poszczeg\u00f3lne porcje pokarmu wype\u0142nione s\u0105 w osobnych tubach, \u0142atwo je dozowa\u0107. Zaleca si\u0119 minimalne zwil\u017cenie pokarmu bia\u0142kowego, w\u0119glowodanowego i owocowego niewielk\u0105 ilo\u015bci\u0105 wody. Zapobiegnie to r\u00f3wnie\u017c wydostawaniu si\u0119 proszku na zewn\u0105trz podczas stosowania w \"\u015brodkowym\" formikarium w otworze.<\/p>\n<p><strong>Zastosowanie\/Aplikacja:<\/strong><br \/>\nPokarm bia\u0142kowy = dla owado\u017cernych gatunk\u00f3w mr\u00f3wek (Eulipotyphla).<br \/>\nJest to pasza uzupe\u0142niaj\u0105ca (mieszanka paszowa)<br \/>\nNale\u017cy go wymiesza\u0107 z kropl\u0105 wody, po czym mokry mo\u017ce by\u0107 przechowywany tylko 1 dzie\u0144. Przed ponownym u\u017cyciem nale\u017cy dok\u0142adnie wyczy\u015bci\u0107 miseczk\u0119\/rurk\u0119 do karmienia.<br \/>\nOtwarte opakowanie nale\u017cy zu\u017cy\u0107 dobrze zamkni\u0119te (je\u015bli jest przechowywane w suchym miejscu) do wskazanej daty (najlepiej spo\u017cy\u0107 przed).<\/p>\n<p>Pokarm bia\u0142kowy FD = dla owado\u017cernych gatunk\u00f3w mr\u00f3wek (Eulipotyphla)<br \/>\nJest to pasza uzupe\u0142niaj\u0105ca (mieszanka paszowa).<br \/>\nNale\u017cy go wymiesza\u0107 z kropl\u0105 wody, po czym mokry mo\u017ce by\u0107 przechowywany tylko 1 dzie\u0144. Przed ponownym u\u017cyciem nale\u017cy dok\u0142adnie wyczy\u015bci\u0107 miseczk\u0119\/rurk\u0119 do karmienia.<br \/>\nOtwarte opakowanie nale\u017cy zu\u017cy\u0107 dobrze zamkni\u0119te (je\u015bli jest przechowywane w suchym miejscu) do wskazanej daty (najlepiej spo\u017cy\u0107 przed).<\/p>\n<p>Pokarm w\u0119glowodanowy = dla gatunk\u00f3w mr\u00f3wek \u017cywi\u0105cych si\u0119 cukrem\/miodem<br \/>\nJest to pasza uzupe\u0142niaj\u0105ca (mieszanka paszowa)<br \/>\nMo\u017cna go zmiesza\u0107 z kropl\u0105 wody, a po zamoczeniu ma 3-dniowy okres przydatno\u015bci. Przed ponownym u\u017cyciem nale\u017cy dok\u0142adnie wyczy\u015bci\u0107 misk\u0119\/rurk\u0119 do karmienia.<br \/>\nOtwarte opakowanie nale\u017cy zu\u017cy\u0107 dobrze zamkni\u0119te (je\u015bli jest przechowywane w suchym miejscu) do wskazanej daty (najlepiej spo\u017cy\u0107 przed).<\/p>\n<p>Pokarm owocowy = dla owoco\u017cernych gatunk\u00f3w mr\u00f3wek (frugivores)<br \/>\nJest to pasza uzupe\u0142niaj\u0105ca (pasza pojedyncza)<br \/>\nMo\u017ce by\u0107 mieszany z kropl\u0105 wody i ma 3-dniowy okres przydatno\u015bci do spo\u017cycia po zamoczeniu. Przed ponownym u\u017cyciem nale\u017cy dok\u0142adnie wyczy\u015bci\u0107 miseczk\u0119\/rurk\u0119 do karmienia.<br \/>\nOtwarte opakowanie nale\u017cy zu\u017cy\u0107 dobrze zamkni\u0119te (je\u015bli jest przechowywane w suchym miejscu) do wskazanej daty (najlepiej spo\u017cy\u0107 przed).<\/p>\n<p>Roztw\u00f3r cukrowo-miodowy = dla gatunk\u00f3w mr\u00f3wek \u017cywi\u0105cych si\u0119 cukrem\/miodem.<br \/>\nJest to pasza uzupe\u0142niaj\u0105ca (mieszanka paszowa)<br \/>\nMo\u017ce by\u0107 oferowana zwierz\u0119tom w dostarczonym stanie. Poniewa\u017c wilgo\u0107 zmniejsza st\u0119\u017cenie cukru i rozpoczyna si\u0119 proces fermentacji, karm\u0119 nale\u017cy wymienia\u0107 co 3 dni. Przed ponownym u\u017cyciem dok\u0142adnie oczy\u015bci\u0107 misk\u0119\/rurk\u0119 do karmienia.<br \/>\nOtwarte opakowanie nale\u017cy zu\u017cy\u0107 szczelnie zamkni\u0119te do wskazanej (najlepiej przed) daty.<\/p>\n<p><strong>Zawiadomienie:<\/strong><br \/>\nInformacje o tym, jak u\u017cywa\u0107 rurek do karmienia mo\u017cna znale\u017a\u0107 tutaj: Link<br \/>\nPokarm pe\u0142noporcjowy dla mr\u00f3wek owado\u017cernych.<br \/>\nSk\u0142ad, sk\u0142adniki analityczne, data przydatno\u015bci do spo\u017cycia i numer partii znajduj\u0105 si\u0119 na ulotce do\u0142\u0105czonej do opakowania.<\/p>\n<p>Infolinia +49 30 439703870<\/p>\n<p>W\u0142a\u015bciwy organ nadzoru weterynaryjnego i \u017cywno\u015bciowego:<br \/>\nGabinet weterynaryjny Steglitz<br \/>\nK\u00f6nigin-Luise-Str. 92<br \/>\n14195 Berlin<\/p>","protected":false},"excerpt":{"rendered":"<p>Pasza pe\u0142noporcjowa<\/p>","protected":false},"featured_media":309,"comment_status":"open","ping_status":"closed","template":"","meta":{"_acf_changed":false,"content-type":"","_monsterinsights_skip_tracking":false,"_monsterinsights_sitenote_active":false,"_monsterinsights_sitenote_note":"","_monsterinsights_sitenote_category":0},"product_brand":[],"product_cat":[115,116],"product_tag":[],"class_list":{"0":"post-2841","1":"product","2":"type-product","3":"status-publish","4":"has-post-thumbnail","6":"product_cat-food-and-feeding","7":"product_cat-food","9":"first","10":"instock","11":"taxable","12":"shipping-taxable","13":"purchasable","14":"product-type-simple"},"acf":[],"aioseo_notices":[],"jetpack_sharing_enabled":true,"_links":{"self":[{"href":"https:\/\/antcube.shop\/pl\/wp-json\/wp\/v2\/product\/2841","targetHints":{"allow":["GET"]}}],"collection":[{"href":"https:\/\/antcube.shop\/pl\/wp-json\/wp\/v2\/product"}],"about":[{"href":"https:\/\/antcube.shop\/pl\/wp-json\/wp\/v2\/types\/product"}],"replies":[{"embeddable":true,"href":"https:\/\/antcube.shop\/pl\/wp-json\/wp\/v2\/comments?post=2841"}],"wp:featuredmedia":[{"embeddable":true,"href":"https:\/\/antcube.shop\/pl\/wp-json\/wp\/v2\/media\/309"}],"wp:attachment":[{"href":"https:\/\/antcube.shop\/pl\/wp-json\/wp\/v2\/media?parent=2841"}],"wp:term":[{"taxonomy":"product_brand","embeddable":true,"href":"https:\/\/antcube.shop\/pl\/wp-json\/wp\/v2\/product_brand?post=2841"},{"taxonomy":"product_cat","embeddable":true,"href":"https:\/\/antcube.shop\/pl\/wp-json\/wp\/v2\/product_cat?post=2841"},{"taxonomy":"product_tag","embeddable":true,"href":"https:\/\/antcube.shop\/pl\/wp-json\/wp\/v2\/product_tag?post=2841"}],"curies":[{"name":"wp","href":"https:\/\/api.w.org\/{rel}","templated":true}]}}