{"id":2839,"date":"2021-10-13T18:37:12","date_gmt":"2021-10-13T16:37:12","guid":{"rendered":"https:\/\/antcube.shop\/produkt\/bodengrund-regenwald-1-kg\/"},"modified":"2026-04-10T19:44:15","modified_gmt":"2026-04-10T17:44:15","slug":"bodengrund-regenwald-1-kg","status":"publish","type":"product","link":"https:\/\/antcube.shop\/pl\/produkt\/bodengrund-regenwald-1-kg\/","title":{"rendered":"Pod\u0142o\u017ce - Rainforest - 1 Kg"},"content":{"rendered":"<p><strong>Tre\u015b\u0107:<\/strong> 1 Kg<\/p>\n<p><strong>Materia\u0142:<\/strong> piasek, torf, humus, glina<\/p>\n<p><strong>Kolor:<\/strong> br\u0105zowy, be\u017cowy<\/p>\n<p><strong>Opis:<\/strong> Ta naturalna gleba las\u00f3w deszczowych sk\u0142ada si\u0119 z mieszaniny piasku, torfu, humusu i gliny.<br \/>\nMa nieco ni\u017csz\u0105 zawarto\u015b\u0107 gliny ni\u017c normalna gleba las\u00f3w deszczowych, ale dzi\u0119ki temu mr\u00f3wki \u0142atwiej w niej kopi\u0105 i jest przez nie znacznie lepiej akceptowana. Nadaje si\u0119 dla wszystkich gatunk\u00f3w mr\u00f3wek \u017cyj\u0105cych w glebie las\u00f3w deszczowych lub og\u00f3lnie w wilgotnych \u015brodowiskach tropikalnych.<\/p>\n<p><strong>Zastosowanie:<\/strong> Gleba do kopania mo\u017ce by\u0107 u\u017cyta do budowy gniazda i areny!<\/p>\n<p><strong>Uwaga:<\/strong> poniewa\u017c jest to czysty produkt naturalny, mog\u0105 wyst\u0105pi\u0107 niewielkie r\u00f3\u017cnice w kolorze i strukturze, na kt\u00f3re nie mamy wp\u0142ywu.<\/p>\n<p><strong>Wa\u017cne:<\/strong> Przed u\u017cyciem nale\u017cy zwil\u017cy\u0107 pod\u0142o\u017ce, aby mieszanka mog\u0142a si\u0119 po\u0142\u0105czy\u0107 i mocno osadzi\u0107 w mr\u00f3wczej zagrodzie. Ponadto zbyt suche i zakurzone pod\u0142o\u017ce mo\u017ce spowodowa\u0107 zablokowanie dr\u00f3g oddechowych mr\u00f3wek, a w najgorszym wypadku uduszenie si\u0119 zwierz\u0105t.<\/p>","protected":false},"excerpt":{"rendered":"<p>Naturalne siedlisko specjalne gleba\/ pod\u0142o\u017ce<\/p>","protected":false},"featured_media":5501,"comment_status":"open","ping_status":"closed","template":"","meta":{"_acf_changed":false,"content-type":"","_monsterinsights_skip_tracking":false,"_monsterinsights_sitenote_active":false,"_monsterinsights_sitenote_note":"","_monsterinsights_sitenote_category":0},"product_brand":[],"product_cat":[96],"product_tag":[],"class_list":{"0":"post-2839","1":"product","2":"type-product","3":"status-publish","4":"has-post-thumbnail","6":"product_cat-soil","8":"first","9":"instock","10":"taxable","11":"shipping-taxable","12":"purchasable","13":"product-type-simple"},"acf":[],"aioseo_notices":[],"jetpack_sharing_enabled":true,"_links":{"self":[{"href":"https:\/\/antcube.shop\/pl\/wp-json\/wp\/v2\/product\/2839","targetHints":{"allow":["GET"]}}],"collection":[{"href":"https:\/\/antcube.shop\/pl\/wp-json\/wp\/v2\/product"}],"about":[{"href":"https:\/\/antcube.shop\/pl\/wp-json\/wp\/v2\/types\/product"}],"replies":[{"embeddable":true,"href":"https:\/\/antcube.shop\/pl\/wp-json\/wp\/v2\/comments?post=2839"}],"wp:featuredmedia":[{"embeddable":true,"href":"https:\/\/antcube.shop\/pl\/wp-json\/wp\/v2\/media\/5501"}],"wp:attachment":[{"href":"https:\/\/antcube.shop\/pl\/wp-json\/wp\/v2\/media?parent=2839"}],"wp:term":[{"taxonomy":"product_brand","embeddable":true,"href":"https:\/\/antcube.shop\/pl\/wp-json\/wp\/v2\/product_brand?post=2839"},{"taxonomy":"product_cat","embeddable":true,"href":"https:\/\/antcube.shop\/pl\/wp-json\/wp\/v2\/product_cat?post=2839"},{"taxonomy":"product_tag","embeddable":true,"href":"https:\/\/antcube.shop\/pl\/wp-json\/wp\/v2\/product_tag?post=2839"}],"curies":[{"name":"wp","href":"https:\/\/api.w.org\/{rel}","templated":true}]}}