{"id":2837,"date":"2021-10-13T18:36:53","date_gmt":"2021-10-13T16:36:53","guid":{"rendered":"https:\/\/antcube.shop\/produkt\/bodengrund-wald-1-kg\/"},"modified":"2026-04-04T17:56:25","modified_gmt":"2026-04-04T15:56:25","slug":"bodengrund-wald-1-kg","status":"publish","type":"product","link":"https:\/\/antcube.shop\/pl\/produkt\/bodengrund-wald-1-kg\/","title":{"rendered":"Pod\u0142o\u017ce le\u015bne - 1 kg"},"content":{"rendered":"<p><strong>Tre\u015b\u0107:<\/strong> 1 Kg<\/p>\n<p><strong>Materia\u0142:<\/strong> piasek, torf, humus, glina, przesiane.<\/p>\n<p><strong>Kolor:<\/strong> ciemnoszary, be\u017cowy<\/p>\n<p><strong>Opis:<\/strong> Ta oryginalna gleba le\u015bna sk\u0142ada si\u0119 z naturalnych sk\u0142adnik\u00f3w w\u0142\u00f3knistych.<br \/>\nJest naturalnym pod\u0142o\u017cem dla wszystkich gatunk\u00f3w mr\u00f3wek \u017cyj\u0105cych w glebie le\u015bnej.<\/p>\n<p><strong>Zastosowanie:<\/strong> Gleba kopana mo\u017ce by\u0107 stosowana do budowy gniazda i areny! Ma mniejsz\u0105 wytrzyma\u0142o\u015b\u0107 w por\u00f3wnaniu z ziemi\u0105 be\u017cow\u0105, zw\u0142aszcza w warunkach suchych.<\/p>\n<p><strong>Uwaga:<\/strong> poniewa\u017c jest to czysty produkt naturalny, mog\u0105 wyst\u0105pi\u0107 niewielkie r\u00f3\u017cnice w kolorze i strukturze, na kt\u00f3re nie mamy wp\u0142ywu.<\/p>\n<p><strong>Wa\u017cne:<\/strong> Przed u\u017cyciem nale\u017cy zwil\u017cy\u0107 pod\u0142o\u017ce, aby mieszanka mog\u0142a si\u0119 po\u0142\u0105czy\u0107 i mocno osadzi\u0107 w mr\u00f3wczej zagrodzie. Ponadto zbyt suche i zakurzone pod\u0142o\u017ce mo\u017ce spowodowa\u0107 zablokowanie dr\u00f3g oddechowych mr\u00f3wek, a w najgorszym wypadku uduszenie si\u0119 zwierz\u0105t.<\/p>","protected":false},"excerpt":{"rendered":"<p>Naturalne siedlisko specjalne gleba\/ pod\u0142o\u017ce<\/p>","protected":false},"featured_media":5503,"comment_status":"open","ping_status":"closed","template":"","meta":{"_acf_changed":false,"content-type":"","_monsterinsights_skip_tracking":false,"_monsterinsights_sitenote_active":false,"_monsterinsights_sitenote_note":"","_monsterinsights_sitenote_category":0},"product_brand":[],"product_cat":[96],"product_tag":[],"class_list":{"0":"post-2837","1":"product","2":"type-product","3":"status-publish","4":"has-post-thumbnail","6":"product_cat-soil","8":"first","9":"instock","10":"taxable","11":"shipping-taxable","12":"purchasable","13":"product-type-simple"},"acf":[],"aioseo_notices":[],"jetpack_sharing_enabled":true,"_links":{"self":[{"href":"https:\/\/antcube.shop\/pl\/wp-json\/wp\/v2\/product\/2837","targetHints":{"allow":["GET"]}}],"collection":[{"href":"https:\/\/antcube.shop\/pl\/wp-json\/wp\/v2\/product"}],"about":[{"href":"https:\/\/antcube.shop\/pl\/wp-json\/wp\/v2\/types\/product"}],"replies":[{"embeddable":true,"href":"https:\/\/antcube.shop\/pl\/wp-json\/wp\/v2\/comments?post=2837"}],"wp:featuredmedia":[{"embeddable":true,"href":"https:\/\/antcube.shop\/pl\/wp-json\/wp\/v2\/media\/5503"}],"wp:attachment":[{"href":"https:\/\/antcube.shop\/pl\/wp-json\/wp\/v2\/media?parent=2837"}],"wp:term":[{"taxonomy":"product_brand","embeddable":true,"href":"https:\/\/antcube.shop\/pl\/wp-json\/wp\/v2\/product_brand?post=2837"},{"taxonomy":"product_cat","embeddable":true,"href":"https:\/\/antcube.shop\/pl\/wp-json\/wp\/v2\/product_cat?post=2837"},{"taxonomy":"product_tag","embeddable":true,"href":"https:\/\/antcube.shop\/pl\/wp-json\/wp\/v2\/product_tag?post=2837"}],"curies":[{"name":"wp","href":"https:\/\/api.w.org\/{rel}","templated":true}]}}