{"id":2829,"date":"2021-10-13T18:35:37","date_gmt":"2021-10-13T16:35:37","guid":{"rendered":"https:\/\/antcube.shop\/produkt\/formicarienstopfen-fur-50mm-bohrung\/"},"modified":"2026-04-18T12:43:08","modified_gmt":"2026-04-18T10:43:08","slug":"formicarienstopfen-fur-50mm-bohrung","status":"publish","type":"product","link":"https:\/\/antcube.shop\/pl\/produkt\/formicarienstopfen-fur-50mm-bohrung\/","title":{"rendered":"Korek Formicarium do otworu 50mm"},"content":{"rendered":"<p><strong>Ilo\u015b\u0107:<\/strong> 1 szt.<\/p>\n<p><strong>Wymiary:<\/strong> 59 x 10 mm<\/p>\n<p><strong>Materia\u0142:<\/strong> Tworzywo PE<\/p>\n<p><strong>Kolor:<\/strong> przezroczysty, mleczny<\/p>\n<p><strong>Opis:<\/strong> Do zamykania okr\u0105g\u0142ych otwor\u00f3w w formikarium o \u015brednicy 50mm.<\/p>\n<p><strong>Opcjonalnie z otworem:<\/strong><br \/>\n- Otw\u00f3r 20mm pasuje do z\u0142\u0105czek rurowych zbiornika 27mm - 14, 16, 20mm - przezroczyste.<br \/>\n- Otw\u00f3r 27mm pasuje do z\u0142\u0105czek 3\/4 cala i M25<\/p>","protected":false},"excerpt":{"rendered":"<p>Ilo\u015b\u0107: 1 sztuka Wymiary: 59 x 10 mm Materia\u0142: Tworzywo PE Kolor: przezroczysty, mleczny Opis: Do zamykania okr\u0105g\u0142ych otwor\u00f3w w formikarium o \u015brednicy 50mm. Opcjonalnie z otworem: - otw\u00f3r 20 mm pasuje do \u0142\u0105cznik\u00f3w rur zbiornika 27 mm - 14, 16, 20 mm - przezroczysty. - Otw\u00f3r 27 mm pasuje do z\u0142\u0105czek 3\/4 cala i M25<\/p>","protected":false},"featured_media":343,"comment_status":"open","ping_status":"closed","template":"","meta":{"_acf_changed":false,"content-type":"","_monsterinsights_skip_tracking":false,"_monsterinsights_sitenote_active":false,"_monsterinsights_sitenote_note":"","_monsterinsights_sitenote_category":0},"product_brand":[],"product_cat":[238],"product_tag":[],"class_list":{"0":"post-2829","1":"product","2":"type-product","3":"status-publish","4":"has-post-thumbnail","6":"product_cat-grid-caps-plugs-and-inserts","8":"first","9":"instock","10":"taxable","11":"shipping-taxable","12":"purchasable","13":"product-type-simple"},"acf":[],"aioseo_notices":[],"jetpack_sharing_enabled":true,"_links":{"self":[{"href":"https:\/\/antcube.shop\/pl\/wp-json\/wp\/v2\/product\/2829","targetHints":{"allow":["GET"]}}],"collection":[{"href":"https:\/\/antcube.shop\/pl\/wp-json\/wp\/v2\/product"}],"about":[{"href":"https:\/\/antcube.shop\/pl\/wp-json\/wp\/v2\/types\/product"}],"replies":[{"embeddable":true,"href":"https:\/\/antcube.shop\/pl\/wp-json\/wp\/v2\/comments?post=2829"}],"wp:featuredmedia":[{"embeddable":true,"href":"https:\/\/antcube.shop\/pl\/wp-json\/wp\/v2\/media\/343"}],"wp:attachment":[{"href":"https:\/\/antcube.shop\/pl\/wp-json\/wp\/v2\/media?parent=2829"}],"wp:term":[{"taxonomy":"product_brand","embeddable":true,"href":"https:\/\/antcube.shop\/pl\/wp-json\/wp\/v2\/product_brand?post=2829"},{"taxonomy":"product_cat","embeddable":true,"href":"https:\/\/antcube.shop\/pl\/wp-json\/wp\/v2\/product_cat?post=2829"},{"taxonomy":"product_tag","embeddable":true,"href":"https:\/\/antcube.shop\/pl\/wp-json\/wp\/v2\/product_tag?post=2829"}],"curies":[{"name":"wp","href":"https:\/\/api.w.org\/{rel}","templated":true}]}}