{"id":2826,"date":"2021-10-13T18:34:38","date_gmt":"2021-10-13T16:34:38","guid":{"rendered":"https:\/\/antcube.shop\/produkt\/schaumstoffwischer-150x18x25mm-5er-pack\/"},"modified":"2026-04-08T16:06:12","modified_gmt":"2026-04-08T14:06:12","slug":"schaumstoffwischer-150x18x25mm-5er-pack","status":"publish","type":"product","link":"https:\/\/antcube.shop\/pl\/produkt\/schaumstoffwischer-150x18x25mm-5er-pack\/","title":{"rendered":"Wycieraczka piankowa 150x18x2,5mm - opakowanie 5 szt."},"content":{"rendered":"<p><strong>Wymiary:<\/strong> D\u0142ugo\u015b\u0107 150mm, g\u0142\u00f3wka piankowa 40x40x20mm.<\/p>\n<p><strong>Ilo\u015b\u0107:<\/strong> 5 szt.<\/p>\n<p><strong>Materia\u0142:<\/strong> pianka, PS<\/p>\n<p><strong>Opis:<\/strong><br \/>\nWycieraczka piankowa z kwadratow\u0105 g\u0142\u00f3wk\u0105 do r\u00f3\u017cnych zastosowa\u0144.<br \/>\nPrzyk\u0142ady:<br \/>\n1.) do mycia okien.<\/p>\n<p>2.) Jako g\u0105bka do miodu<\/p>\n<p>3.) Jako koryto do picia, poniewa\u017c zasysa wod\u0119<\/p>\n<p>4) na\u0142o\u017cy\u0107 olej zabezpieczaj\u0105cy przed wy\u0142amaniem<\/p>\n<p>&nbsp;<\/p>","protected":false},"excerpt":{"rendered":"<p>Wymiary: 150mm d\u0142ugo\u015bci, piankowa g\u0142\u00f3wka 40x40x20mm. Ilo\u015b\u0107: 5 szt. Materia\u0142: pianka, PS Opis: Wycieraczka piankowa z kwadratow\u0105 g\u0142\u00f3wk\u0105 do r\u00f3\u017cnych zastosowa\u0144. Przyk\u0142ady: 1.) do czyszczenia okien. 2.) Jako g\u0105bka do miodu 3.) Jako koryto do picia, poniewa\u017c zasysa wod\u0119 4.) do nak\u0142adania olejku chroni\u0105cego przed p\u0119kni\u0119ciami &nbsp;<\/p>","protected":false},"featured_media":307,"comment_status":"open","ping_status":"closed","template":"","meta":{"_acf_changed":false,"content-type":"","_monsterinsights_skip_tracking":false,"_monsterinsights_sitenote_active":false,"_monsterinsights_sitenote_note":"","_monsterinsights_sitenote_category":0},"product_brand":[],"product_cat":[237],"product_tag":[],"class_list":{"0":"post-2826","1":"product","2":"type-product","3":"status-publish","4":"has-post-thumbnail","6":"product_cat-tools","8":"first","9":"instock","10":"taxable","11":"shipping-taxable","12":"purchasable","13":"product-type-simple"},"acf":[],"aioseo_notices":[],"jetpack_sharing_enabled":true,"_links":{"self":[{"href":"https:\/\/antcube.shop\/pl\/wp-json\/wp\/v2\/product\/2826","targetHints":{"allow":["GET"]}}],"collection":[{"href":"https:\/\/antcube.shop\/pl\/wp-json\/wp\/v2\/product"}],"about":[{"href":"https:\/\/antcube.shop\/pl\/wp-json\/wp\/v2\/types\/product"}],"replies":[{"embeddable":true,"href":"https:\/\/antcube.shop\/pl\/wp-json\/wp\/v2\/comments?post=2826"}],"wp:featuredmedia":[{"embeddable":true,"href":"https:\/\/antcube.shop\/pl\/wp-json\/wp\/v2\/media\/307"}],"wp:attachment":[{"href":"https:\/\/antcube.shop\/pl\/wp-json\/wp\/v2\/media?parent=2826"}],"wp:term":[{"taxonomy":"product_brand","embeddable":true,"href":"https:\/\/antcube.shop\/pl\/wp-json\/wp\/v2\/product_brand?post=2826"},{"taxonomy":"product_cat","embeddable":true,"href":"https:\/\/antcube.shop\/pl\/wp-json\/wp\/v2\/product_cat?post=2826"},{"taxonomy":"product_tag","embeddable":true,"href":"https:\/\/antcube.shop\/pl\/wp-json\/wp\/v2\/product_tag?post=2826"}],"curies":[{"name":"wp","href":"https:\/\/api.w.org\/{rel}","templated":true}]}}