{"id":2825,"date":"2021-10-13T18:33:32","date_gmt":"2021-10-13T16:33:32","guid":{"rendered":"https:\/\/antcube.shop\/produkt\/ytongnest-20x20\/"},"modified":"2026-04-17T10:05:20","modified_gmt":"2026-04-17T08:05:20","slug":"ytongnest-20x20","status":"publish","type":"product","link":"https:\/\/antcube.shop\/pl\/produkt\/ytongnest-20x20\/","title":{"rendered":"Ytongnest - 20\u00d720"},"content":{"rendered":"<p><strong>Materia\u0142:<\/strong> gazobeton, szk\u0142o, tworzywa sztuczne PMMA i PVC<\/p>\n<p><strong>Po\u0142\u0105czenie:<\/strong> 2x otwory 14mm<\/p>\n<p><strong>Tre\u015b\u0107:<\/strong><br \/>\n1x blok gazobetonowy 20x20x5 cm z komorami o g\u0142\u0119boko\u015bci 20 mm.<br \/>\n1x p\u0142yta szklana 20\u00d720 cm z otworem 50 mm<br \/>\n1x pier\u015bcie\u0144 50mm z otworem 27mm<br \/>\n2x Korek Formicarium 13mm<br \/>\n1x korek Formicarium 27mm<\/p>\n<p><strong>Opis:<\/strong><br \/>\nYtong to nazwa marki, sam materia\u0142 nazywa si\u0119 gazobeton.<br \/>\nZe wzgl\u0119du na w\u0142a\u015bciwo\u015bci zatrzymywania wody, materia\u0142 ten dobrze nadaje si\u0119 do hodowli mr\u00f3wek.<br \/>\nMo\u017cliwe jest utrzymanie w nim du\u017cej liczby gatunk\u00f3w grzebi\u0105cych, zar\u00f3wno z siedlisk suchych, jak i wilgotnych.<br \/>\nW zale\u017cno\u015bci od gatunku mr\u00f3wek, zaleca si\u0119 wy\u0142o\u017cenie dna komory substratem glebowym. Niekt\u00f3re gatunki czuj\u0105 si\u0119 w ten spos\u00f3b bardziej komfortowo, a na przyk\u0142ad gatunki mr\u00f3wek Ponerinae potrzebuj\u0105 gleby, aby ich larwy mog\u0142y si\u0119 prawid\u0142owo pocz\u0105\u0107.<br \/>\nZalecamy do\u0142\u0105czenie areny do gniazda, aby u\u017cywa\u0107 go jako pe\u0142nego formikarium.<\/p>\n<p><strong>Wskaz\u00f3wka:<\/strong><br \/>\nAby zapobiec wyciekaniu wody z Ytong po zwil\u017ceniu obszaru gniazda i zbieraniu si\u0119 jej na powierzchni mebli poni\u017cej, lub porysowaniu powierzchni przez szorstki materia\u0142, zalecamy zam\u00f3wienie jednej z naszych dopasowanych szklanych wanien do gniazd Ytong. S\u0105 one wodoodporne i w ten spos\u00f3b skutecznie chroni\u0105 powierzchnie przed wod\u0105 i zadrapaniami.<\/p>\n<p><strong>Zastosowanie:<\/strong><br \/>\n<strong>Dla gatunk\u00f3w mr\u00f3wek o wielko\u015bci M - L.<\/strong><br \/>\nGazobeton jest materia\u0142em bardzo kruchym i delikatnym. Dlatego te\u017c, ze wzgl\u0119du na proces produkcji, nie da si\u0119 zapobiec temu, aby w naro\u017cnikach i na kraw\u0119dziach pojawi\u0142y si\u0119 drobne p\u0119kni\u0119cia i nier\u00f3wno\u015bci.<br \/>\nZ tego powodu gniazda Ytong nie s\u0105 odpowiednie dla bardzo ma\u0142ych gatunk\u00f3w mr\u00f3wek o rozmiarze S, poniewa\u017c gatunki te mog\u0105 \u0142atwo si\u0119 tu wydosta\u0107.<\/p>","protected":false},"excerpt":{"rendered":"<p>Przy\u0142\u0105cze: 2x otw\u00f3r 14mm<br \/>\nWielko\u015b\u0107: <strong><span style=\"color: #339966;\">M<\/span><\/strong><strong> &#8211; <span style=\"color: #0000ff;\">L<\/span><\/strong><\/p>","protected":false},"featured_media":3010,"comment_status":"open","ping_status":"closed","template":"","meta":{"_acf_changed":false,"content-type":"","_monsterinsights_skip_tracking":false,"_monsterinsights_sitenote_active":false,"_monsterinsights_sitenote_note":"","_monsterinsights_sitenote_category":0},"product_brand":[],"product_cat":[80,86],"product_tag":[],"class_list":{"0":"post-2825","1":"product","2":"type-product","3":"status-publish","4":"has-post-thumbnail","6":"product_cat-antfarms","7":"product_cat-formicariums","9":"first","10":"instock","11":"taxable","12":"shipping-taxable","13":"purchasable","14":"product-type-simple"},"acf":[],"aioseo_notices":[],"jetpack_sharing_enabled":true,"_links":{"self":[{"href":"https:\/\/antcube.shop\/pl\/wp-json\/wp\/v2\/product\/2825","targetHints":{"allow":["GET"]}}],"collection":[{"href":"https:\/\/antcube.shop\/pl\/wp-json\/wp\/v2\/product"}],"about":[{"href":"https:\/\/antcube.shop\/pl\/wp-json\/wp\/v2\/types\/product"}],"replies":[{"embeddable":true,"href":"https:\/\/antcube.shop\/pl\/wp-json\/wp\/v2\/comments?post=2825"}],"wp:featuredmedia":[{"embeddable":true,"href":"https:\/\/antcube.shop\/pl\/wp-json\/wp\/v2\/media\/3010"}],"wp:attachment":[{"href":"https:\/\/antcube.shop\/pl\/wp-json\/wp\/v2\/media?parent=2825"}],"wp:term":[{"taxonomy":"product_brand","embeddable":true,"href":"https:\/\/antcube.shop\/pl\/wp-json\/wp\/v2\/product_brand?post=2825"},{"taxonomy":"product_cat","embeddable":true,"href":"https:\/\/antcube.shop\/pl\/wp-json\/wp\/v2\/product_cat?post=2825"},{"taxonomy":"product_tag","embeddable":true,"href":"https:\/\/antcube.shop\/pl\/wp-json\/wp\/v2\/product_tag?post=2825"}],"curies":[{"name":"wp","href":"https:\/\/api.w.org\/{rel}","templated":true}]}}