{"id":2824,"date":"2021-10-13T18:33:13","date_gmt":"2021-10-13T16:33:13","guid":{"rendered":"https:\/\/antcube.shop\/produkt\/food-mix-set-fur-kornersammler\/"},"modified":"2026-04-17T16:46:43","modified_gmt":"2026-04-17T14:46:43","slug":"food-mix-set-fur-kornersammler","status":"publish","type":"product","link":"https:\/\/antcube.shop\/pl\/produkt\/food-mix-set-fur-kornersammler\/","title":{"rendered":"Zestaw Food Mix - dla mr\u00f3wek zbieraj\u0105cych ziarno"},"content":{"rendered":"<p><strong>Tre\u015b\u0107:<\/strong> 2ml na rurk\u0119 zasilaj\u0105c\u0105<br \/>\n2x pasza zbo\u017cowa Minor (Mi)<br \/>\n1x \u017cywno\u015b\u0107 ziarnista Media (Me)<br \/>\n1x \u017cywno\u015b\u0107 zbo\u017cowa Major (Ma)<br \/>\n1x py\u0142ek kwiatowy (B)<br \/>\n1x pasza w\u0119glowodanowa (K)<br \/>\n2x Pasza proteinowa (PP)<br \/>\n1x pasza proteinowa FD insekty Pi)<br \/>\n1x pasza dla owoc\u00f3w (F)<\/p>\n<p><span data-text-color=\"alert\"><strong>Uwaga:<\/strong> <\/span>Nale\u017cy wymiesza\u0107 proszek z kropl\u0105 wody, poniewa\u017c nie jest on akceptowany przez zwierz\u0119ta w stanie suchym!<\/p>\n<p><strong>Opis:<\/strong> Jest to zestaw pokarmowy dla gatunk\u00f3w zbieraj\u0105cych ziarna, takich jak rodzaj Messor. Zawiera bia\u0142ka, w\u0119glowodany oraz ziarna dla wszystkich robotnic. Poniewa\u017c poszczeg\u00f3lne porcje pokarmu znajduj\u0105 si\u0119 w oddzielnych tubkach, mo\u017cna je \u0142atwo dozowa\u0107.<\/p>\n<p><strong>Przeznaczenie \/ zastosowanie:<\/strong><br \/>\nPokarm bia\u0142kowy = dla owado\u017cernych gatunk\u00f3w mr\u00f3wek (Eulipotyphla).<br \/>\nJest to pasza uzupe\u0142niaj\u0105ca (mieszanka paszowa)<br \/>\nNale\u017cy go wymiesza\u0107 z kropl\u0105 wody, a nast\u0119pnie w stanie wilgotnym przechowywa\u0107 tylko 1 dzie\u0144. Przed ponownym u\u017cyciem nale\u017cy dok\u0142adnie wyczy\u015bci\u0107 miseczk\u0119\/rurk\u0119 do karmienia.<br \/>\nOtwarte opakowanie nale\u017cy zu\u017cy\u0107 dobrze zamkni\u0119te (je\u015bli jest przechowywane w suchym miejscu) do wskazanej daty (najlepiej spo\u017cy\u0107 przed).<\/p>\n<p>Pokarm bia\u0142kowy FD = dla owado\u017cernych gatunk\u00f3w mr\u00f3wek (Eulipotyphla)<br \/>\nJest to pasza uzupe\u0142niaj\u0105ca (mieszanka paszowa).<br \/>\nNale\u017cy go wymiesza\u0107 z kropl\u0105 wody, po czym mokry mo\u017ce by\u0107 przechowywany tylko 1 dzie\u0144. Przed ponownym u\u017cyciem nale\u017cy dok\u0142adnie wyczy\u015bci\u0107 miseczk\u0119\/rurk\u0119 do karmienia.<br \/>\nOtwarte opakowanie nale\u017cy zu\u017cy\u0107 dobrze zamkni\u0119te (je\u015bli jest przechowywane w suchym miejscu) do wskazanej daty (najlepiej spo\u017cy\u0107 przed).<\/p>\n<p>Pokarm w\u0119glowodanowy = dla gatunk\u00f3w mr\u00f3wek \u017cywi\u0105cych si\u0119 cukrem\/miodem<br \/>\nJest to pasza uzupe\u0142niaj\u0105ca (mieszanka paszowa)<br \/>\nMo\u017cna go zmiesza\u0107 z kropl\u0105 wody, a po zamoczeniu ma 3-dniowy okres przydatno\u015bci. Przed ponownym u\u017cyciem nale\u017cy dok\u0142adnie wyczy\u015bci\u0107 misk\u0119\/rurk\u0119 do karmienia.<br \/>\nOtwarte opakowanie nale\u017cy zu\u017cy\u0107 dobrze zamkni\u0119te (je\u015bli jest przechowywane w suchym miejscu) do wskazanej daty (najlepiej spo\u017cy\u0107 przed).<\/p>\n<p>Pokarm owocowy = dla owoco\u017cernych gatunk\u00f3w mr\u00f3wek (frugivores)<br \/>\nJest to pasza uzupe\u0142niaj\u0105ca (pasza pojedyncza)<br \/>\nMo\u017ce by\u0107 mieszany z kropl\u0105 wody i ma 3-dniowy okres przydatno\u015bci do spo\u017cycia po zamoczeniu. Przed ponownym u\u017cyciem nale\u017cy dok\u0142adnie wyczy\u015bci\u0107 miseczk\u0119\/rurk\u0119 do karmienia.<br \/>\nOtwarte opakowanie nale\u017cy zu\u017cy\u0107 dobrze zamkni\u0119te (je\u015bli jest przechowywane w suchym miejscu) do wskazanej daty (najlepiej spo\u017cy\u0107 przed).<\/p>\n<p>Py\u0142ek kwiatowy = dla gatunk\u00f3w mr\u00f3wek \u017cywi\u0105cych si\u0119 py\u0142kiem kwiatowym.<br \/>\nJest to pasza uzupe\u0142niaj\u0105ca (pasza pojedyncza)<br \/>\nMo\u017ce by\u0107 oferowana zwierz\u0119tom w stanie dostarczonym. Poniewa\u017c wilgo\u0107 powoduje zmi\u0119kczenie konsystencji, karm\u0119 nale\u017cy wymienia\u0107 co 5 dni. Przed ponownym u\u017cyciem nale\u017cy dok\u0142adnie wyczy\u015bci\u0107 misk\u0119\/rurk\u0119 na karm\u0119.<br \/>\nOtwarte opakowanie nale\u017cy zu\u017cy\u0107 dobrze zamkni\u0119te (je\u015bli jest przechowywane w suchym miejscu) do wskazanej daty (najlepiej spo\u017cy\u0107 przed).<\/p>\n<p>Pasza zbo\u017cowa Minor<br \/>\nPasza ziarnista Media<br \/>\nPokarm zbo\u017cowy Major = dla gatunk\u00f3w mr\u00f3wek \u017cywi\u0105cych si\u0119 ziarnem = (granivores)<br \/>\nJest to pasza uzupe\u0142niaj\u0105ca (mieszanka paszowa)<br \/>\nMo\u017ce by\u0107 oferowana zwierz\u0119tom w stanie dostarczonym. Misk\u0119\/tulej\u0119 do karmienia nale\u017cy umie\u015bci\u0107 w suchym miejscu. W wilgotnych warunkach ziarna (nasiona) mog\u0105 zacz\u0105\u0107 kie\u0142kowa\u0107. Je\u015bli zostanie to zauwa\u017cone, nale\u017cy wymieni\u0107 karm\u0119.<br \/>\nOtwarte opakowanie nale\u017cy zu\u017cy\u0107 dobrze zamkni\u0119te (je\u015bli jest przechowywane w suchym miejscu) do wskazanej daty (najlepiej spo\u017cy\u0107 przed).<\/p>\n<p><strong>Zawiadomienie:<\/strong><br \/>\nInformacje o tym, jak u\u017cywa\u0107 rurek podaj\u0105cych mo\u017cna znale\u017a\u0107 tutaj: Link<br \/>\nPokarm pe\u0142noporcjowy dla mr\u00f3wek ziarnojad\u00f3w.<br \/>\nSk\u0142ad, sk\u0142adniki analityczne, data przydatno\u015bci do spo\u017cycia i numer partii znajduj\u0105 si\u0119 na ulotce do\u0142\u0105czonej do opakowania.<\/p>\n<p>Infolinia +49 30 439703870<\/p>\n<p>W\u0142a\u015bciwy organ nadzoru weterynaryjnego i \u017cywno\u015bciowego:<br \/>\nGabinet weterynaryjny Steglitz<br \/>\nK\u00f6nigin-Luise-Str. 92<br \/>\n14195 Berlin<\/p>\n<p>&nbsp;<\/p>","protected":false},"excerpt":{"rendered":"<p>Pasza pe\u0142noporcjowa<\/p>","protected":false},"featured_media":308,"comment_status":"open","ping_status":"closed","template":"","meta":{"_acf_changed":false,"content-type":"","_monsterinsights_skip_tracking":false,"_monsterinsights_sitenote_active":false,"_monsterinsights_sitenote_note":"","_monsterinsights_sitenote_category":0},"product_brand":[],"product_cat":[115,116],"product_tag":[],"class_list":{"0":"post-2824","1":"product","2":"type-product","3":"status-publish","4":"has-post-thumbnail","6":"product_cat-food-and-feeding","7":"product_cat-food","9":"first","10":"instock","11":"taxable","12":"shipping-taxable","13":"purchasable","14":"product-type-simple"},"acf":[],"aioseo_notices":[],"jetpack_sharing_enabled":true,"_links":{"self":[{"href":"https:\/\/antcube.shop\/pl\/wp-json\/wp\/v2\/product\/2824","targetHints":{"allow":["GET"]}}],"collection":[{"href":"https:\/\/antcube.shop\/pl\/wp-json\/wp\/v2\/product"}],"about":[{"href":"https:\/\/antcube.shop\/pl\/wp-json\/wp\/v2\/types\/product"}],"replies":[{"embeddable":true,"href":"https:\/\/antcube.shop\/pl\/wp-json\/wp\/v2\/comments?post=2824"}],"wp:featuredmedia":[{"embeddable":true,"href":"https:\/\/antcube.shop\/pl\/wp-json\/wp\/v2\/media\/308"}],"wp:attachment":[{"href":"https:\/\/antcube.shop\/pl\/wp-json\/wp\/v2\/media?parent=2824"}],"wp:term":[{"taxonomy":"product_brand","embeddable":true,"href":"https:\/\/antcube.shop\/pl\/wp-json\/wp\/v2\/product_brand?post=2824"},{"taxonomy":"product_cat","embeddable":true,"href":"https:\/\/antcube.shop\/pl\/wp-json\/wp\/v2\/product_cat?post=2824"},{"taxonomy":"product_tag","embeddable":true,"href":"https:\/\/antcube.shop\/pl\/wp-json\/wp\/v2\/product_tag?post=2824"}],"curies":[{"name":"wp","href":"https:\/\/api.w.org\/{rel}","templated":true}]}}