{"id":2823,"date":"2021-10-13T18:33:03","date_gmt":"2021-10-13T16:33:03","guid":{"rendered":"https:\/\/antcube.shop\/produkt\/becken-schlauchverbinder-27mm-14-16-20-mm-transparent\/"},"modified":"2026-04-08T08:47:29","modified_gmt":"2026-04-08T06:47:29","slug":"becken-schlauchverbinder-27mm-14-16-20-mm-przezroczysty","status":"publish","type":"product","link":"https:\/\/antcube.shop\/pl\/produkt\/becken-schlauchverbinder-27mm-14-16-20-mm-przezroczysty\/","title":{"rendered":"Z\u0142\u0105cze w\u0119\u017ca umywalkowego 27mm - 14, 16, 20 mm - przezroczyste"},"content":{"rendered":"<p><strong>Wymiary:\u00a0<\/strong><br \/>\n\u015arednica wewn\u0119trzna = 14mm<br \/>\n\u015arednica zewn\u0119trzna = 16mm (pierwszy stopie\u0144), 20mm (drugi stopie\u0144)<br \/>\nD\u0142ugo\u015b\u0107 = 36 mm<\/p>\n<p><strong>Zawarto\u015b\u0107:<\/strong><br \/>\n1x z\u0142\u0105cze w\u0119\u017ca umywalkowego<br \/>\n1x pier\u015bcie\u0144 zaciskowy<\/p>\n<p><strong>Po\u0142\u0105czenie:<\/strong><br \/>\nBasen: Pasuje do otwor\u00f3w 27mm (3\/4\u2033) o grubo\u015bci \u015bcianki 4mm!<br \/>\nW\u0119\u017ce: 14\/10 - w\u0105\u017c jest ciasno w\u0142o\u017cony w gniazdo 14mm<br \/>\nRurka 20\/16 jest ciasno osadzona na pierwszym stopniu 16mm.<br \/>\nW\u0105\u017c 22\/18 jest mocowany na drugim stopniu 20 mm.<br \/>\nW\u0105\u017c 24\/20 jest lu\u017ano zamocowany na drugim stopniu 20 mm.<\/p>\n<p><strong>Opis:<\/strong><br \/>\nTen \u0142\u0105cznik umywalkowy, zostanie zatkany przez otw\u00f3r 27mm przy grubo\u015bci \u015bcianki szk\u0142a 4mm. Pier\u015bcie\u0144 zaciskowy mocuje z\u0142\u0105cze do szklanej niecki. Do drugiego ko\u0144ca tulei mo\u017cna przymocowa\u0107 rurki o \u015brednicy zewn\u0119trznej 14mm lub wewn\u0119trznej 16mm lub 20mm.<\/p>","protected":false},"excerpt":{"rendered":"<p>Wymiary: \u015arednica wewn\u0119trzna = 14mm \u015arednica zewn\u0119trzna = 16mm (pierwszy stopie\u0144), 20mm (drugi stopie\u0144) D\u0142ugo\u015b\u0107 = 36mm Zawarto\u015b\u0107: 1x z\u0142\u0105cze w\u0119\u017ca umywalkowego 1x pier\u015bcie\u0144 zaciskowy Po\u0142\u0105czenie: Basin : Pasuje do otwor\u00f3w 27mm (3\/4\") o grubo\u015bci \u015bcianki 4mm! W\u0119\u017ce: 14\/10-w\u0105\u017c wk\u0142adamy ciasno do gniazda 14mm 20\/16-w\u0105\u017c ciasno zak\u0142adamy na.","protected":false},"featured_media":357,"comment_status":"open","ping_status":"closed","template":"","meta":{"_acf_changed":false,"content-type":"","_monsterinsights_skip_tracking":false,"_monsterinsights_sitenote_active":false,"_monsterinsights_sitenote_note":"","_monsterinsights_sitenote_category":0},"product_brand":[],"product_cat":[121],"product_tag":[],"class_list":{"0":"post-2823","1":"product","2":"type-product","3":"status-publish","4":"has-post-thumbnail","6":"product_cat-connectors","8":"first","9":"instock","10":"taxable","11":"shipping-taxable","12":"purchasable","13":"product-type-simple"},"acf":[],"aioseo_notices":[],"jetpack_sharing_enabled":true,"_links":{"self":[{"href":"https:\/\/antcube.shop\/pl\/wp-json\/wp\/v2\/product\/2823","targetHints":{"allow":["GET"]}}],"collection":[{"href":"https:\/\/antcube.shop\/pl\/wp-json\/wp\/v2\/product"}],"about":[{"href":"https:\/\/antcube.shop\/pl\/wp-json\/wp\/v2\/types\/product"}],"replies":[{"embeddable":true,"href":"https:\/\/antcube.shop\/pl\/wp-json\/wp\/v2\/comments?post=2823"}],"wp:featuredmedia":[{"embeddable":true,"href":"https:\/\/antcube.shop\/pl\/wp-json\/wp\/v2\/media\/357"}],"wp:attachment":[{"href":"https:\/\/antcube.shop\/pl\/wp-json\/wp\/v2\/media?parent=2823"}],"wp:term":[{"taxonomy":"product_brand","embeddable":true,"href":"https:\/\/antcube.shop\/pl\/wp-json\/wp\/v2\/product_brand?post=2823"},{"taxonomy":"product_cat","embeddable":true,"href":"https:\/\/antcube.shop\/pl\/wp-json\/wp\/v2\/product_cat?post=2823"},{"taxonomy":"product_tag","embeddable":true,"href":"https:\/\/antcube.shop\/pl\/wp-json\/wp\/v2\/product_tag?post=2823"}],"curies":[{"name":"wp","href":"https:\/\/api.w.org\/{rel}","templated":true}]}}