{"id":2822,"date":"2021-10-13T18:31:19","date_gmt":"2021-10-13T16:31:19","guid":{"rendered":"https:\/\/antcube.shop\/produkt\/schlauch-transparent-10-06-mm\/"},"modified":"2026-04-02T20:28:07","modified_gmt":"2026-04-02T18:28:07","slug":"schlauch-transparentny-10-06-mm","status":"publish","type":"product","link":"https:\/\/antcube.shop\/pl\/produkt\/schlauch-transparentny-10-06-mm\/","title":{"rendered":"W\u0105\u017c przezroczysty 10\/06 mm"},"content":{"rendered":"<p><strong>Wymiary:<\/strong><br \/>\n\u015arednica zewn\u0119trzna: 10 mm<br \/>\n\u015arednica wewn\u0119trzna: 6 mm<br \/>\nGrubo\u015b\u0107 \u015bcianki: 2 mm<\/p>\n<p><strong>D\u0142ugo\u015b\u0107:<\/strong> 1 metr (mo\u017cliwe do 100 metr\u00f3w w jednym kawa\u0142ku)<\/p>\n<p><strong>Opis:<\/strong> przezroczyste rury PVC <strong>bez etykietowania<\/strong>. Idealne do uk\u0142adania \u015bcie\u017cek dla mr\u00f3wek lub \u0142\u0105czenia formikari\u00f3w.<\/p>\n<p><strong>Uwaga:<\/strong> S\u0105 to nietoksyczne w\u0119\u017ce do \u017cywno\u015bci.<\/p>","protected":false},"excerpt":{"rendered":"<p><img decoding=\"async\" src=\"\/shop\/images\/rolle-1m.gif\" alt=\"\" \/><\/p>","protected":false},"featured_media":358,"comment_status":"open","ping_status":"closed","template":"","meta":{"_acf_changed":false,"content-type":"","_monsterinsights_skip_tracking":false,"_monsterinsights_sitenote_active":false,"_monsterinsights_sitenote_note":"","_monsterinsights_sitenote_category":0},"product_brand":[],"product_cat":[120],"product_tag":[],"class_list":{"0":"post-2822","1":"product","2":"type-product","3":"status-publish","4":"has-post-thumbnail","6":"product_cat-hoses","8":"first","9":"instock","10":"taxable","11":"shipping-taxable","12":"purchasable","13":"product-type-simple"},"acf":[],"aioseo_notices":[],"jetpack_sharing_enabled":true,"_links":{"self":[{"href":"https:\/\/antcube.shop\/pl\/wp-json\/wp\/v2\/product\/2822","targetHints":{"allow":["GET"]}}],"collection":[{"href":"https:\/\/antcube.shop\/pl\/wp-json\/wp\/v2\/product"}],"about":[{"href":"https:\/\/antcube.shop\/pl\/wp-json\/wp\/v2\/types\/product"}],"replies":[{"embeddable":true,"href":"https:\/\/antcube.shop\/pl\/wp-json\/wp\/v2\/comments?post=2822"}],"wp:featuredmedia":[{"embeddable":true,"href":"https:\/\/antcube.shop\/pl\/wp-json\/wp\/v2\/media\/358"}],"wp:attachment":[{"href":"https:\/\/antcube.shop\/pl\/wp-json\/wp\/v2\/media?parent=2822"}],"wp:term":[{"taxonomy":"product_brand","embeddable":true,"href":"https:\/\/antcube.shop\/pl\/wp-json\/wp\/v2\/product_brand?post=2822"},{"taxonomy":"product_cat","embeddable":true,"href":"https:\/\/antcube.shop\/pl\/wp-json\/wp\/v2\/product_cat?post=2822"},{"taxonomy":"product_tag","embeddable":true,"href":"https:\/\/antcube.shop\/pl\/wp-json\/wp\/v2\/product_tag?post=2822"}],"curies":[{"name":"wp","href":"https:\/\/api.w.org\/{rel}","templated":true}]}}