{"id":2821,"date":"2021-10-13T18:28:32","date_gmt":"2021-10-13T16:28:32","guid":{"rendered":"https:\/\/antcube.shop\/produkt\/handlupe-2fach-30mm\/"},"modified":"2026-04-17T17:36:33","modified_gmt":"2026-04-17T15:36:33","slug":"lupa-reczna-2x-30mm","status":"publish","type":"product","link":"https:\/\/antcube.shop\/pl\/produkt\/lupa-reczna-2x-30mm\/","title":{"rendered":"Lupa r\u0119czna - 2x - 30mm"},"content":{"rendered":"<p><strong>Wymiary (LxWxH):<\/strong> 80x36x2 mm<\/p>\n<p><strong>Materia\u0142:<\/strong> plastik<\/p>\n<p><strong>Kolor:<\/strong> przezroczysty<\/p>\n<p><strong>Zawarto\u015b\u0107:<\/strong><br \/>\n<strong>1x<\/strong> lupa r\u0119czna<\/p>\n<p><strong>Dane techniczne:<\/strong><br \/>\nPowi\u0119kszenie = 2x<\/p>\n<p><strong>Opis \/ Zastosowanie:<\/strong><br \/>\nLupa r\u0119czna do sprawdzania mr\u00f3wek lub \u017ceruj\u0105cych owad\u00f3w.<\/p>\n<p><strong>Zawiadomienie:<\/strong><br \/>\nProsta obr\u00f3bka i prosta jako\u015b\u0107, bo wykonana z plastiku i jest wra\u017cliwa na zarysowania.<\/p>","protected":false},"excerpt":{"rendered":"<p>Wymiary (LxWxH): 80x36x2 mm Materia\u0142: plastik Kolor: przezroczysty Zawarto\u015b\u0107: 1x lupa r\u0119czna Dane techniczne: Powi\u0119kszenie = 2x Opis \/ Zastosowanie: Lupa r\u0119czna do sprawdzania mr\u00f3wek lub karmienia owad\u00f3w. Uwagi: Prosta obr\u00f3bka i prosta jako\u015b\u0107, poniewa\u017c wykonana z tworzywa sztucznego i jest wra\u017cliwa na zarysowania.<\/p>","protected":false},"featured_media":310,"comment_status":"open","ping_status":"closed","template":"","meta":{"_acf_changed":false,"content-type":"","_monsterinsights_skip_tracking":false,"_monsterinsights_sitenote_active":false,"_monsterinsights_sitenote_note":"","_monsterinsights_sitenote_category":0},"product_brand":[],"product_cat":[237],"product_tag":[],"class_list":{"0":"post-2821","1":"product","2":"type-product","3":"status-publish","4":"has-post-thumbnail","6":"product_cat-tools","8":"first","9":"instock","10":"taxable","11":"shipping-taxable","12":"purchasable","13":"product-type-simple"},"acf":[],"aioseo_notices":[],"jetpack_sharing_enabled":true,"_links":{"self":[{"href":"https:\/\/antcube.shop\/pl\/wp-json\/wp\/v2\/product\/2821","targetHints":{"allow":["GET"]}}],"collection":[{"href":"https:\/\/antcube.shop\/pl\/wp-json\/wp\/v2\/product"}],"about":[{"href":"https:\/\/antcube.shop\/pl\/wp-json\/wp\/v2\/types\/product"}],"replies":[{"embeddable":true,"href":"https:\/\/antcube.shop\/pl\/wp-json\/wp\/v2\/comments?post=2821"}],"wp:featuredmedia":[{"embeddable":true,"href":"https:\/\/antcube.shop\/pl\/wp-json\/wp\/v2\/media\/310"}],"wp:attachment":[{"href":"https:\/\/antcube.shop\/pl\/wp-json\/wp\/v2\/media?parent=2821"}],"wp:term":[{"taxonomy":"product_brand","embeddable":true,"href":"https:\/\/antcube.shop\/pl\/wp-json\/wp\/v2\/product_brand?post=2821"},{"taxonomy":"product_cat","embeddable":true,"href":"https:\/\/antcube.shop\/pl\/wp-json\/wp\/v2\/product_cat?post=2821"},{"taxonomy":"product_tag","embeddable":true,"href":"https:\/\/antcube.shop\/pl\/wp-json\/wp\/v2\/product_tag?post=2821"}],"curies":[{"name":"wp","href":"https:\/\/api.w.org\/{rel}","templated":true}]}}