{"id":2820,"date":"2021-10-13T18:28:23","date_gmt":"2021-10-13T16:28:23","guid":{"rendered":"https:\/\/antcube.shop\/produkt\/ameisen-ausbruchsschutz-ol-10ml\/"},"modified":"2026-04-08T21:45:19","modified_gmt":"2026-04-08T19:45:19","slug":"ameisen-ausbruchsschutz-ol-10ml","status":"publish","type":"product","link":"https:\/\/antcube.shop\/pl\/produkt\/ameisen-ausbruchsschutz-ol-10ml\/","title":{"rendered":"Olejek chroni\u0105cy przed ucieczk\u0105 mr\u00f3wek 10ml"},"content":{"rendered":"<p><strong>Tre\u015b\u0107:<\/strong> 10 ml (wystarcza na ok. 10-15 metr\u00f3w ta\u015bmy o szeroko\u015bci 2 cm)<\/p>\n<p><strong>Kolor:<\/strong> przezroczysty, bezbarwny<\/p>\n<p><strong>Materia\u0142:<\/strong> na bazie oleju parafinowego<\/p>\n<p><strong>Zaleta:<\/strong> Mo\u017ce by\u0107 stosowany na wszystkich g\u0142adkich powierzchniach, takich jak szk\u0142o czy plastik:<\/p>\n<p><strong>Wady:<\/strong> W przypadku du\u017cych kolonii, zwierz\u0119ta mog\u0105 rozprowadza\u0107 olej po szybie, chodz\u0105c po jej powierzchni, co powoduje, \u017ce szyba musi by\u0107 z czasem czyszczona.<\/p>\n<p><strong>Zastosowanie:<\/strong> Folia powinna by\u0107 oko\u0142o 3 razy szersza przy wewn\u0119trznej kraw\u0119dzi ni\u017c mr\u00f3wki s\u0105 d\u0142ugie i nak\u0142adana bez kapania.<\/p>\n<p><strong>Odnowienie:<\/strong> 2-4 miesi\u0105ce w zale\u017cno\u015bci od wielko\u015bci kolonii i pory roku.<\/p>\n<p><strong>Uwaga:<\/strong> Zwierz\u0119ta powinny mie\u0107 kontakt z olejem tylko \"stopami\". W przypadku du\u017cych kropl\u00f3wek istnieje ryzyko, \u017ce zwierz\u0119ta mog\u0105 w\u0142o\u017cy\u0107 g\u0142ow\u0119 do kropl\u00f3wki i udusi\u0107 si\u0119 olejem.<\/p>\n<p><a href=\"https:\/\/antcube.shop\/wp-content\/uploads\/2022\/02\/ant_escape_protection_oil_en.pdf\">Karta charakterystyki substancji niebezpiecznej dla oleju zabezpieczaj\u0105cego przed wyrwaniem mr\u00f3wek (PDF 0,1 MB)<\/a><br \/>\n(Zawiera: Instrukcje bezpiecze\u0144stwa)<\/p>\n<p>&nbsp;<\/p>","protected":false},"excerpt":{"rendered":"<p>Zawarto\u015b\u0107: 10 ml (wystarcza na ok. 10-15 metr\u00f3w paska o szeroko\u015bci 2 cm) Kolor: przezroczysty, bezbarwny Materia\u0142: na bazie oleju parafinowego Zalety: Mo\u017ce by\u0107 stosowany na wszystkich g\u0142adkich powierzchniach, takich jak szk\u0142o czy plastik: Wada: W przypadku du\u017cych kolonii zwierz\u0119ta mog\u0105 rozprowadzi\u0107 olej po szybie chodz\u0105c po powierzchni oleju,","protected":false},"featured_media":303,"comment_status":"open","ping_status":"closed","template":"","meta":{"_acf_changed":false,"content-type":"","_monsterinsights_skip_tracking":false,"_monsterinsights_sitenote_active":false,"_monsterinsights_sitenote_note":"","_monsterinsights_sitenote_category":0},"product_brand":[],"product_cat":[237],"product_tag":[],"class_list":{"0":"post-2820","1":"product","2":"type-product","3":"status-publish","4":"has-post-thumbnail","6":"product_cat-tools","8":"first","9":"instock","10":"taxable","11":"shipping-taxable","12":"purchasable","13":"product-type-simple"},"acf":[],"aioseo_notices":[],"jetpack_sharing_enabled":true,"_links":{"self":[{"href":"https:\/\/antcube.shop\/pl\/wp-json\/wp\/v2\/product\/2820","targetHints":{"allow":["GET"]}}],"collection":[{"href":"https:\/\/antcube.shop\/pl\/wp-json\/wp\/v2\/product"}],"about":[{"href":"https:\/\/antcube.shop\/pl\/wp-json\/wp\/v2\/types\/product"}],"replies":[{"embeddable":true,"href":"https:\/\/antcube.shop\/pl\/wp-json\/wp\/v2\/comments?post=2820"}],"wp:featuredmedia":[{"embeddable":true,"href":"https:\/\/antcube.shop\/pl\/wp-json\/wp\/v2\/media\/303"}],"wp:attachment":[{"href":"https:\/\/antcube.shop\/pl\/wp-json\/wp\/v2\/media?parent=2820"}],"wp:term":[{"taxonomy":"product_brand","embeddable":true,"href":"https:\/\/antcube.shop\/pl\/wp-json\/wp\/v2\/product_brand?post=2820"},{"taxonomy":"product_cat","embeddable":true,"href":"https:\/\/antcube.shop\/pl\/wp-json\/wp\/v2\/product_cat?post=2820"},{"taxonomy":"product_tag","embeddable":true,"href":"https:\/\/antcube.shop\/pl\/wp-json\/wp\/v2\/product_tag?post=2820"}],"curies":[{"name":"wp","href":"https:\/\/api.w.org\/{rel}","templated":true}]}}