{"id":2816,"date":"2021-10-13T18:27:16","date_gmt":"2021-10-13T16:27:16","guid":{"rendered":"https:\/\/antcube.shop\/produkt\/pinzette-federstahl-breit-weich\/"},"modified":"2026-05-08T18:14:11","modified_gmt":"2026-05-08T16:14:11","slug":"pinzette-federstahl-breit-weich","status":"publish","type":"product","link":"https:\/\/antcube.shop\/pl\/produkt\/pinzette-federstahl-breit-weich\/","title":{"rendered":"P\u0119seta stal spr\u0119\u017cynowa - szeroka - mi\u0119kka"},"content":{"rendered":"<p><strong>D\u0142ugo\u015b\u0107:<\/strong> 115 mm<\/p>\n<p><strong>Materia\u0142:<\/strong> stal spr\u0119\u017cynowa 0,25mm<\/p>\n<p><strong>Opis:<\/strong> P\u0119seta ze stali spr\u0119\u017cynowej. Idealna do \"zbierania\" mr\u00f3wek, poniewa\u017c si\u0142a nacisku jest nieco ograniczona w tym typie p\u0119sety i dlatego mr\u00f3wki nie mog\u0105 by\u0107 tak \u0142atwo \"zgniecione\".<\/p>","protected":false},"excerpt":{"rendered":"<p>D\u0142ugo\u015b\u0107: 115 mm, Materia\u0142: stal spr\u0119\u017cynowa<\/p>","protected":false},"featured_media":5603,"comment_status":"open","ping_status":"closed","template":"","meta":{"_acf_changed":false,"content-type":"","_monsterinsights_skip_tracking":false,"_monsterinsights_sitenote_active":false,"_monsterinsights_sitenote_note":"","_monsterinsights_sitenote_category":0},"product_brand":[],"product_cat":[237],"product_tag":[],"class_list":{"0":"post-2816","1":"product","2":"type-product","3":"status-publish","4":"has-post-thumbnail","6":"product_cat-tools","8":"first","9":"instock","10":"taxable","11":"shipping-taxable","12":"purchasable","13":"product-type-simple"},"acf":[],"aioseo_notices":[],"jetpack_sharing_enabled":true,"_links":{"self":[{"href":"https:\/\/antcube.shop\/pl\/wp-json\/wp\/v2\/product\/2816","targetHints":{"allow":["GET"]}}],"collection":[{"href":"https:\/\/antcube.shop\/pl\/wp-json\/wp\/v2\/product"}],"about":[{"href":"https:\/\/antcube.shop\/pl\/wp-json\/wp\/v2\/types\/product"}],"replies":[{"embeddable":true,"href":"https:\/\/antcube.shop\/pl\/wp-json\/wp\/v2\/comments?post=2816"}],"wp:featuredmedia":[{"embeddable":true,"href":"https:\/\/antcube.shop\/pl\/wp-json\/wp\/v2\/media\/5603"}],"wp:attachment":[{"href":"https:\/\/antcube.shop\/pl\/wp-json\/wp\/v2\/media?parent=2816"}],"wp:term":[{"taxonomy":"product_brand","embeddable":true,"href":"https:\/\/antcube.shop\/pl\/wp-json\/wp\/v2\/product_brand?post=2816"},{"taxonomy":"product_cat","embeddable":true,"href":"https:\/\/antcube.shop\/pl\/wp-json\/wp\/v2\/product_cat?post=2816"},{"taxonomy":"product_tag","embeddable":true,"href":"https:\/\/antcube.shop\/pl\/wp-json\/wp\/v2\/product_tag?post=2816"}],"curies":[{"name":"wp","href":"https:\/\/api.w.org\/{rel}","templated":true}]}}