{"id":2744,"date":"2021-10-08T12:05:54","date_gmt":"2021-10-08T10:05:54","guid":{"rendered":"https:\/\/antcube.shop\/produkt\/antcube-starter-set-s-20x20-wald\/"},"modified":"2026-04-07T10:39:01","modified_gmt":"2026-04-07T08:39:01","slug":"antcube-starter-set-s-20x20-forest","status":"publish","type":"product","link":"https:\/\/antcube.shop\/pl\/produkt\/antcube-starter-set-s-20x20-forest\/","title":{"rendered":"ANTCUBE Starter Set S - 20\u00d720 - Forest"},"content":{"rendered":"<p><strong>Zawarto\u015b\u0107:<\/strong><br \/>\n1x Cricket Jam 25g<br \/>\n1x Mi\u00f3d le\u015bny (Wa) - uzupe\u0142nienie 10 ml<\/p>\n<p>1x ANTCUBE - Arena 20x20x10 - p\u0142aski<br \/>\n1x rama areny mr\u00f3wek 20\u00d720<br \/>\n1x pokrywa areny mr\u00f3wek 20\u00d720<br \/>\n4x punkt mocowania dla pokrywy areny<br \/>\n2x ANTCUBE - Farma mr\u00f3wek - L - 20\u00d720 - pionowa<\/p>\n<p>1x 0,5 m rurka przezroczysta 10\/06 mm<br \/>\n1x ANTCUBE - czerwona folia 20\u00d720 - filtr<br \/>\n1x zaciski samoprzylepne - przezroczyste 2 szt.<br \/>\n1x pod\u0142o\u017ce - las - 1kg<br \/>\n1x Formicarien granulat 200 ml - czarny<\/p>\n<p>1x wk\u0142adka kratowa - 50mm - stal nierdzewna<br \/>\n1x zatyczka Formicarium dla otworu 50mm<br \/>\n1x zatyczka Formicarium dla otworu 27mm<br \/>\n1x Nasadka Formicarium dla gniazda 6mm<\/p>\n<p>1x Z\u0142\u0105cze basenu B-27 i S-10-16 mm M25 - zestaw<br \/>\n1x poide\u0142ko 2ml - 360 stopni<br \/>\n1x poide\u0142ko przezroczyste 20ml - g\u0105bka<br \/>\n1x miska przezroczysta 1\u00d720 - g\u0105bka<br \/>\n1x Mini termo-higrometr analogowy - wy\u015bwietlacz - wisz\u0105cy<br \/>\n1x Olejek przeciw mr\u00f3wkom 10ml<br \/>\n1x P\u0119seta ze stali spr\u0119\u017cynowej - szeroka - mi\u0119kka<br \/>\n1x P\u0119seta plastikowa przezroczysta<br \/>\n1x pipeta plastikowa 3ml<br \/>\n1x lupa r\u0119czna - 2x - 30mm<br \/>\n1x wycieraczka piankowa 150x18x2,5mm<br \/>\n1x plecy fotograficzne - las - 20\u00d710<\/p>\n<p><strong>Opis:<\/strong><br \/>\nTen le\u015bny zestaw startowy jest odpowiedni dla wszystkich gatunk\u00f3w mr\u00f3wek \u017cyj\u0105cych na dnie lasu.<\/p>\n<p>W ca\u0142kowicie przezroczystej farmie (gnie\u017adzie), \"Gleba - Pustynia\" jest u\u017cywana do wype\u0142nienia farmy. W razie potrzeby mo\u017cna pod\u0142\u0105czy\u0107 dodatkowe modu\u0142y przez 50 mm otwory w pokrywie, np. dost\u0119pne oddzielnie zamg\u0142awiacze, wentylatory lub o\u015bwietlenie. Alternatywnie, do zamkni\u0119cia otwor\u00f3w do\u0142\u0105czone s\u0105 odpowiednie za\u015blepki formikarium. W razie potrzeby formikarium mo\u017cna r\u00f3wnie\u017c obs\u0142ugiwa\u0107 w stanie otwartym, po prostu mocuj\u0105c zdejmowan\u0105 ram\u0119 i nak\u0142adaj\u0105c na kraw\u0119d\u017a olej chroni\u0105cy przed mr\u00f3wkami. \"Poide\u0142ko 2 ml - 360 stopni\" jest przeznaczone do miodu\/roztworu cukru, a \"Poide\u0142ko przezroczyste 20 ml - g\u0105bka\" do wody. \"Mini termo-higrometr\" mo\u017ce by\u0107 przymocowany do ramy lub pokrywy i wy\u015bwietla warto\u015bci klimatyczne.<\/p>\n<p><strong>Wa\u017cne:<\/strong> Przed u\u017cyciem nale\u017cy zwil\u017cy\u0107 pod\u0142o\u017ce, aby mieszanka mog\u0142a zwi\u0105za\u0107 si\u0119 i mocno osadzi\u0107 w hodowli mr\u00f3wek. Ponadto, je\u015bli pod\u0142o\u017ce jest zbyt suche i zakurzone, drogi oddechowe mr\u00f3wek mog\u0105 zosta\u0107 zablokowane, a w najgorszym przypadku zwierz\u0119ta mog\u0105 si\u0119 udusi\u0107.<\/p>\n<p><strong>Zalecenie:<\/strong> Zalecamy warstw\u0119 pod\u0142o\u017ca o wysoko\u015bci 2 mm, aby zwierz\u0119ta nie mog\u0142y zagrzeba\u0107 si\u0119 na arenie i zamiast tego korzysta\u0142y z przeznaczonej do tego celu zagrody. Zalecamy r\u00f3wnie\u017c, aby materia\u0142 do budowy gniazda w zagrodzie (piasek\/glina, Digfix, itp.) by\u0142 lekko nak\u0142uty w jednym miejscu, aby u\u0142atwi\u0107 zwierz\u0119tom kopanie.<\/p>\n<p><strong>Uwagi dotycz\u0105ce produkcji<\/strong><br \/>\nSzk\u0142o jest ci\u0119te na wymiar zgodnie z norm\u0105 DIN 1249 z tolerancj\u0105 +\/- 1 mm. Dodatkowa ochrona przed wy\u0142amaniem jest niezb\u0119dna w przypadku wyj\u0105tkowo ma\u0142ych gatunk\u00f3w mr\u00f3wek.<\/p>\n<p><strong>Uwagi dotycz\u0105ce gospodarstwa<\/strong><br \/>\nPrzy zak\u0142adaniu i zdejmowaniu w\u0119\u017cy nale\u017cy przestrzega\u0107 nast\u0119puj\u0105cych wskaz\u00f3wek:<br \/>\nJe\u015bli w\u0105\u017c jest bardzo trudny do zamocowania w gnie\u017adzie przy\u0142\u0105czeniowym, gniazdo nale\u017cy lekko natrze\u0107 kropl\u0105 naszego oleju lub proszku zabezpieczaj\u0105cego przed wyrwaniem. Nast\u0119pnie w\u0105\u017c nale\u017cy wsun\u0105\u0107 do gniazda za pomoc\u0105 ruch\u00f3w obrotowych lub wkr\u0119caj\u0105cych, bez obci\u0105\u017cania gniazda ruchami w g\u00f3r\u0119 i w d\u00f3\u0142. To samo dotyczy zdejmowania w\u0119\u017cy z gniazda przy\u0142\u0105czeniowego. Nie nale\u017cy go po prostu \u015bci\u0105ga\u0107!<\/p>\n<p><strong>Instrukcje:<\/strong> (Wersja 2023, zaktualizowana wersja na 2024 b\u0119dzie dost\u0119pna najp\u00f3\u017aniej do 04\/2024)<\/p>\n<p>- DE <a href=\"https:\/\/www.antstore.net\/shop\/images\/info\/de\/Gebrauchsanweisung%20Starter%20Set%20Habitat.pdf\">Gebrauchsanweisung Starter Set Habitat<\/a> (PDF 3,21 MB)<\/p>\n<p>- PL <a href=\"https:\/\/www.antstore.net\/shop\/images\/info\/en\/Instructions%20for%20use%20-%20Starter%20Set%20Habitat.pdf\">Instrukcja u\u017cytkowania - zestaw startowy Siedlisko<\/a> (PDF 3,21 MB)<\/p>\n<p>- ES <a href=\"https:\/\/www.antstore.net\/shop\/images\/info\/es\/Manual%20de%20instrucciones%20-%20Set%20de%20inicio%20H%C3%A1bitat.pdf\">Manual de instrucciones - Set de inicio H\u00e1bitat<\/a> (PDF 3,21 MB)<\/p>\n<p>- FR <a href=\"https:\/\/www.antstore.net\/shop\/images\/info\/fr\/Manuel%20d'instruction%20-%20Kit%20de%20d%C3%A9marrage%20Habitat.pdf\">Instrukcja obs\u0142ugi - Zestaw do demonta\u017cu Siedlisko<\/a> (PDF 3,21 MB)<\/p>\n<p><strong>Notes on Forest Honey (Wa) - opakowanie uzupe\u0142niaj\u0105ce 10 ml<\/strong><br \/>\nZawarto\u015b\u0107: 10 ml<\/p>\n<p><strong>Opis:<\/strong> Jest to produkt czysto naturalny. Mi\u00f3d pochodzi z las\u00f3w i dlatego jest idealny dla gatunk\u00f3w mr\u00f3wek zamieszkuj\u0105cych lasy.<br \/>\nRurk\u0119 z pokarmem mo\u017cna umie\u015bci\u0107 w ca\u0142o\u015bci w formikarium, alternatywnie mo\u017cna dodawa\u0107 mniejsze ilo\u015bci do miski z pokarmem w zale\u017cno\u015bci od potrzeb\/rozmiaru kolonii. Pokarm powinien zosta\u0107 zjedzony w ci\u0105gu oko\u0142o 3 dni, w przeciwnym razie istnieje ryzyko ple\u015bni. Z tego samego powodu nale\u017cy wyczy\u015bci\u0107 misk\u0119 z pokarmem przed ponownym nape\u0142nieniem.<\/p>\n<p><strong>U\u017cycie:<\/strong><br \/>\nMi\u00f3d le\u015bny = dla gatunk\u00f3w mr\u00f3wek miodo\u017cernych (Meliphagidae)<br \/>\nJest to pasza uzupe\u0142niaj\u0105ca<br \/>\nKarma mo\u017ce by\u0107 podawana zwierz\u0119tom w takiej postaci, w jakiej zosta\u0142a dostarczona. Poniewa\u017c wilgotno\u015b\u0107 zmniejsza st\u0119\u017cenie cukru i rozpoczyna si\u0119 proces fermentacji, pokarm nale\u017cy wymienia\u0107 co 3 dni. Przed ponownym u\u017cyciem nale\u017cy dok\u0142adnie wyczy\u015bci\u0107 misk\u0119\/rurk\u0119 do karmienia.<br \/>\nPo otwarciu opakowania nale\u017cy je przechowywa\u0107 szczelnie zamkni\u0119te do up\u0142ywu daty wa\u017cno\u015bci.<\/p>\n<p><strong>Zawiera:<\/strong> Sk\u0142adniki miodu w og\u00f3le, proporcje s\u0105 r\u00f3\u017cne w zale\u017cno\u015bci od rodzaju miodu.<br \/>\n- ok. 38 % cukier owocowy (fruktoza)<br \/>\n- ok. 32 % dekstrozy (glukozy)<br \/>\n- ok. 20 % woda<br \/>\n- ok. 5 polisacharyd\u00f3w %<br \/>\n- ok. 5 witamin % (B1, B2, B6, C, H)<br \/>\nMinera\u0142y (potas, wap\u0144, mied\u017a, \u017celazo, s\u00f3d, magnez, fosfor, cynk i inne pierwiastki \u015bladowe) Aminokwasy (prolina, leucyna, fenyloalanina, alanina, histydyna, izoleucyna, kwas glutaminowy, arginina, kwas asparaginowy itd.) Kwasy organiczne Enzymy (fermenty) Aromaty Inhibiny (substancje antybakteryjne) Kwiaty Py\u0142ek kwiatowy<\/p>\n<p><strong>Przechowywanie:<\/strong> Aby zapewni\u0107 odpowiedni\u0105 jako\u015b\u0107 paszy, nale\u017cy przechowywa\u0107 j\u0105 w ciemnym i suchym miejscu.<\/p>\n<p><strong>Uwaga:<\/strong><br \/>\nPokarm uzupe\u0142niaj\u0105cy dla mr\u00f3wek miodo\u017cernych.<br \/>\nSk\u0142ad, sk\u0142adniki analityczne, data przydatno\u015bci do spo\u017cycia i numer partii znajduj\u0105 si\u0119 na ulotce do\u0142\u0105czonej do opakowania.<\/p>\n<p>Infolinia +49 30 439703870<\/p>\n<p><strong>W\u0142a\u015bciwy Inspektorat Weterynarii i \u017bywno\u015bci:<\/strong><br \/>\nGabinet weterynaryjny Steglitz<br \/>\nK\u00f6nigin-Luise-Str. 92<br \/>\n14195 Berlin<\/p>\n<p><strong>Notatki na temat d\u017cemu krykietowego:<\/strong><br \/>\nNasze blanszowane \u015bwierszcze to \u0142atwy spos\u00f3b na zapewnienie mr\u00f3wkom \u015bwie\u017co konserwowanego pokarmu bia\u0142kowego bez konieczno\u015bci karmienia \u017cywymi owadami. Zawarte \u015bwierszcze (Acheta domesticus) zosta\u0142y delikatnie zblanszowane, aby zapewni\u0107 zachowanie warto\u015bci od\u017cywczych, smaku i aromatu. Ponadto chitynowa pow\u0142oka owad\u00f3w jest w ten spos\u00f3b zmi\u0119kczana, dzi\u0119ki czemu mo\u017ce by\u0107 \u0142atwiej trawiona. Wi\u0105zania bia\u0142ek kolagenowych s\u0105 rozbijane, aby mr\u00f3wki mog\u0142y je lepiej wykorzysta\u0107. Konserwy Acheta domesticus maj\u0105 tak\u0105 sam\u0105 warto\u015b\u0107 od\u017cywcz\u0105 jak \u017cywe \u015bwierszcze, ale s\u0105 \u0142atwiejsze do strawienia.<\/p>\n<p>Cricket Jam nie nadaje si\u0119 do polowania na gatunki mr\u00f3wek, kt\u00f3re wymagaj\u0105 \u017cywego pokarmu (np. ponerines (wielkie mr\u00f3wki), takie jak Harpegnathos lub Odontomachus).<\/p>\n<p><strong>Dalsze korzy\u015bci:<\/strong><br \/>\nGwarantowany brak roztoczy<br \/>\nMo\u017cna porcjowa\u0107 i rozcie\u0144cza\u0107 wod\u0105<br \/>\nSterylizowane i pakowane pr\u00f3\u017cniowo<br \/>\nBez dodatk\u00f3w<br \/>\n\u015awierszcze ze zr\u00f3wnowa\u017conej, czysto ekologicznej hodowli, karmione odpadami organicznymi<\/p>\n<p><strong>Uwaga:<\/strong><br \/>\nMo\u017cna przechowywa\u0107 w lod\u00f3wce przez oko\u0142o cztery dni po otwarciu. D\u0142u\u017cszy okres trwa\u0142o\u015bci w przypadku zamro\u017cenia.<br \/>\nUwaga: Najpierw porcjowa\u0107, potem zamra\u017ca\u0107.<\/p>","protected":false},"excerpt":{"rendered":"<p>Zestaw sk\u0142ada si\u0119 z 42 element\u00f3w i przeznaczony jest dla wszystkich gatunk\u00f3w mr\u00f3wek \u017cyj\u0105cych w glebie le\u015bnej.<br \/>\nWielko\u015b\u0107: <span style=\"color: #ff8c00;\"><strong>S<\/strong><\/span><\/p>","protected":false},"featured_media":5450,"comment_status":"open","ping_status":"closed","template":"","meta":{"_acf_changed":false,"content-type":"","_monsterinsights_skip_tracking":false,"_monsterinsights_sitenote_active":false,"_monsterinsights_sitenote_note":"","_monsterinsights_sitenote_category":0},"product_brand":[],"product_cat":[73,74],"product_tag":[],"class_list":{"0":"post-2744","1":"product","2":"type-product","3":"status-publish","4":"has-post-thumbnail","6":"product_cat-starter-sets","7":"product_cat-starter-sets-habitat","9":"first","10":"outofstock","11":"taxable","12":"shipping-taxable","13":"purchasable","14":"product-type-simple"},"acf":[],"aioseo_notices":[],"jetpack_sharing_enabled":true,"_links":{"self":[{"href":"https:\/\/antcube.shop\/pl\/wp-json\/wp\/v2\/product\/2744","targetHints":{"allow":["GET"]}}],"collection":[{"href":"https:\/\/antcube.shop\/pl\/wp-json\/wp\/v2\/product"}],"about":[{"href":"https:\/\/antcube.shop\/pl\/wp-json\/wp\/v2\/types\/product"}],"replies":[{"embeddable":true,"href":"https:\/\/antcube.shop\/pl\/wp-json\/wp\/v2\/comments?post=2744"}],"wp:featuredmedia":[{"embeddable":true,"href":"https:\/\/antcube.shop\/pl\/wp-json\/wp\/v2\/media\/5450"}],"wp:attachment":[{"href":"https:\/\/antcube.shop\/pl\/wp-json\/wp\/v2\/media?parent=2744"}],"wp:term":[{"taxonomy":"product_brand","embeddable":true,"href":"https:\/\/antcube.shop\/pl\/wp-json\/wp\/v2\/product_brand?post=2744"},{"taxonomy":"product_cat","embeddable":true,"href":"https:\/\/antcube.shop\/pl\/wp-json\/wp\/v2\/product_cat?post=2744"},{"taxonomy":"product_tag","embeddable":true,"href":"https:\/\/antcube.shop\/pl\/wp-json\/wp\/v2\/product_tag?post=2744"}],"curies":[{"name":"wp","href":"https:\/\/api.w.org\/{rel}","templated":true}]}}