{"id":2740,"date":"2021-10-08T12:05:15","date_gmt":"2021-10-08T10:05:15","guid":{"rendered":"https:\/\/antcube.shop\/produkt\/antcube-starter-set-l-20x20-gips\/"},"modified":"2026-03-11T18:34:19","modified_gmt":"2026-03-11T17:34:19","slug":"antcube-starter-set-l-20x20-gips","status":"publish","type":"product","link":"https:\/\/antcube.shop\/pl\/produkt\/antcube-starter-set-l-20x20-gips\/","title":{"rendered":"ANTCUBE Starter Set L - 20\u00d720 - Gips"},"content":{"rendered":"<p><strong>Zawarto\u015b\u0107:<\/strong><br \/>\n1x ANTCUBE - Arena 20x20x10 - p\u0142aski<br \/>\n1x rama areny mr\u00f3wek 20\u00d720<br \/>\n1x pokrywa areny mr\u00f3wek 20\u00d720<br \/>\n4x punkt mocowania dla pokrywy areny<br \/>\n1x ANTCUBE - Farma mr\u00f3wek - L - 20\u00d720 - pionowa<\/p>\n<p>1x ANTCUBE - gniazdo gipsowe 20\u00d720 - pionowo<br \/>\n1x 0,5 m w\u0105\u017c przezroczysty 20\/16 mm<br \/>\n1x ANTCUBE - czerwona folia 20\u00d720 - filtr<br \/>\n1x klipsy samoprzylepne - przezroczyste 2 szt.<br \/>\n1x pod\u0142o\u017ce - piasek-glina bia\u0142a - 1000g<\/p>\n<p>2x Grid insert acrylic &#8211; 50 mm with sealing ring<br \/>\n1x Grid insert acrylic &#8211; 27 mm with sealing ring<br \/>\n1x Za\u015blepka siatki - 16 mm - stal nierdzewna<\/p>\n<p>1x z\u0142\u0105cze w\u0119\u017ca zbiornika 27-14,16,20 mm - przezroczyste<br \/>\n1x Olejek chroni\u0105cy przed ucieczk\u0105 mr\u00f3wek 10ml<br \/>\n1x P\u0119seta ze stali spr\u0119\u017cynowej - szeroka - mi\u0119kka<br \/>\n1x P\u0119seta plastikowa przezroczysta<br \/>\n1x Plastikowa pipeta 3ml<br \/>\n1x lupa r\u0119czna - 2x - 30mm<br \/>\n1x wycieraczka piankowa 150x18x2,5mm<\/p>\n<p>1x drinking clear 5ml &#8211; sponge<br \/>\n1x Feeding dish white rectangle &#8211; 3 compartments<br \/>\n1x Drinking trough 2ml &#8211; 360 Degrees<\/p>\n<p>1x Foil thermometer &#8211; farm<br \/>\n1x Foil thermometer display<\/p>\n<p><strong>Opis:<\/strong><br \/>\nTen gipsowy zestaw startowy, z prefabrykowanymi przej\u015bciami i komorami, jest odpowiedni dla r\u00f3\u017cnych gatunk\u00f3w mr\u00f3wek, zw\u0142aszcza dla gatunk\u00f3w, kt\u00f3re gniazduj\u0105 mi\u0119dzy kamieniami lub pod nimi oraz tych, kt\u00f3re kopi\u0105 w glebie.<\/p>\n<p>The &#8220;ANTCUBE &#8211; plaster nest&#8221; can be inserted into the fully transparent farm. Alternatively, you can also use the &#8220;Soil &#8211; sand-clay white&#8221; to fill the farm or to close off some of the chambers of the gypsum nest. Additional modules can be connected via the 50 mm holes in the cover if required, e.g. the separately available foggers, fans or lights. Alternatively, suitable grid inserts and formicarium plugs to close the openings are included in the scope of delivery. If desired, the formicarium can also be operated open by simply placing the removable frame on top and applying the ant escape protection oil to the edge. The &#8220;Drinking trough 2ml &#8211; 360 degrees&#8221; is intended for honey\/sugar solution, the &#8220;Drinking trough clear 5ml &#8211; sponge&#8221; for water. The &#8220;Foil thermometer display&#8221; can be attached to the frame or the cover and displays the climate values.<\/p>\n<p><strong>Wa\u017cne:<\/strong> Przed u\u017cyciem nale\u017cy zwil\u017cy\u0107 pod\u0142o\u017ce, aby mieszanka mog\u0142a zwi\u0105za\u0107 si\u0119 i mocno osadzi\u0107 w hodowli mr\u00f3wek. Ponadto, je\u015bli pod\u0142o\u017ce jest zbyt suche i zakurzone, drogi oddechowe mr\u00f3wek mog\u0105 zosta\u0107 zablokowane, a w najgorszym przypadku zwierz\u0119ta mog\u0105 si\u0119 udusi\u0107.<\/p>\n<p><strong>Zalecenie:<\/strong> Zalecamy warstw\u0119 pod\u0142o\u017ca o wysoko\u015bci 2 mm, aby zwierz\u0119ta nie mog\u0142y zakopa\u0107 si\u0119 w hali i zamiast tego korzysta\u0142y z zapewnionej do tego celu farmy.<\/p>\n<p><strong>Uwaga:<\/strong> Gniazdo powinno by\u0107 u\u017cywane w suchym lub lekko wilgotnym formikarium. Je\u015bli gniazdo jest stale wilgotne, materia\u0142 mo\u017ce sple\u015bnie\u0107.<\/p>\n<p><strong>Wskaz\u00f3wki dotycz\u0105ce gospodarstwa<\/strong><br \/>\nPrzy zak\u0142adaniu i zdejmowaniu w\u0119\u017cy nale\u017cy przestrzega\u0107 nast\u0119puj\u0105cych wskaz\u00f3wek:<br \/>\nJe\u015bli w\u0105\u017c jest bardzo trudny do zamocowania w gnie\u017adzie przy\u0142\u0105czeniowym, gniazdo nale\u017cy lekko natrze\u0107 kropl\u0105 naszego oleju lub proszku zabezpieczaj\u0105cego przed wyrwaniem. Nast\u0119pnie w\u0105\u017c nale\u017cy wsun\u0105\u0107 do gniazda za pomoc\u0105 ruch\u00f3w obrotowych lub wkr\u0119caj\u0105cych, bez obci\u0105\u017cania gniazda ruchami w g\u00f3r\u0119 i w d\u00f3\u0142. To samo dotyczy zdejmowania w\u0119\u017cy z gniazda przy\u0142\u0105czeniowego. Nie nale\u017cy go po prostu \u015bci\u0105ga\u0107!<\/p>\n<p><strong>Instrukcje:<\/strong> (Wersja 2023, zaktualizowana wersja na 2024 b\u0119dzie dost\u0119pna najp\u00f3\u017aniej do 04\/2024)<\/p>\n<p>- DE <a href=\"https:\/\/www.antstore.net\/shop\/images\/info\/de\/Gebrauchsanweisung%20Starter%20Set%20Gips.pdf\" data-cke-saved-href=\"https:\/\/www.antstore.net\/shop\/images\/info\/de\/Gebrauchsanweisung%20Starter%20Set%20Gips.pdf\">Gebrauchsanweisung Zestaw startowy Gips<\/a> (PDF 2,66 MB)<\/p>\n<p>- PL <a href=\"https:\/\/www.antstore.net\/shop\/images\/info\/en\/Instructions%20for%20use%20-%20Starter%20Set%20Plaster.pdf\" data-cke-saved-href=\"https:\/\/www.antstore.net\/shop\/images\/info\/en\/Instructions%20for%20use%20-%20Starter%20Set%20Plaster.pdf\">Instrukcja u\u017cytkowania - Zestaw startowy Plaster<\/a> (PDF 2,66 MB)<\/p>\n<p>- ES <a href=\"https:\/\/www.antstore.net\/shop\/images\/info\/es\/Manual%20de%20instrucciones%20-%20Set%20de%20inicio%20de%20yeso.pdf\" data-cke-saved-href=\"https:\/\/www.antstore.net\/shop\/images\/info\/es\/Manual%20de%20instrucciones%20-%20Set%20de%20inicio%20de%20yeso.pdf\">Manual de instrucciones - Set de inicio de yeso<\/a> (PDF 2,66 MB)<\/p>\n<p>- FR <a href=\"https:\/\/www.antstore.net\/shop\/images\/info\/fr\/Manuel%20d'instruction%20-%20Kit%20de%20d%C3%A9marrage%20pl%C3%A2tre.pdf\" data-cke-saved-href=\"https:\/\/www.antstore.net\/shop\/images\/info\/fr\/Manuel%20d'instruction%20-%20Kit%20de%20d%C3%A9marrage%20pl%C3%A2tre.pdf\">Manuel d'instruction - Kit de d\u00e9marrage pl\u00e2tre<\/a> (PDF 2,66 MB)<\/p>","protected":false},"excerpt":{"rendered":"<p>The set consists of 25 parts and is suitable for various ant species, especially those that nest between or under stones and dig in the ground.<br \/>\nWielko\u015b\u0107: <span style=\"color: #0000ff;\"><strong>L<\/strong><\/span><\/p>","protected":false},"featured_media":5447,"comment_status":"open","ping_status":"closed","template":"","meta":{"_acf_changed":false,"content-type":"","_monsterinsights_skip_tracking":false,"_monsterinsights_sitenote_active":false,"_monsterinsights_sitenote_note":"","_monsterinsights_sitenote_category":0},"product_brand":[],"product_cat":[73,77],"product_tag":[],"class_list":{"0":"post-2740","1":"product","2":"type-product","3":"status-publish","4":"has-post-thumbnail","6":"product_cat-starter-sets","7":"product_cat-starter-sets-gypsum","9":"first","10":"instock","11":"taxable","12":"shipping-taxable","13":"purchasable","14":"product-type-simple"},"acf":[],"aioseo_notices":[],"jetpack_sharing_enabled":true,"_links":{"self":[{"href":"https:\/\/antcube.shop\/pl\/wp-json\/wp\/v2\/product\/2740","targetHints":{"allow":["GET"]}}],"collection":[{"href":"https:\/\/antcube.shop\/pl\/wp-json\/wp\/v2\/product"}],"about":[{"href":"https:\/\/antcube.shop\/pl\/wp-json\/wp\/v2\/types\/product"}],"replies":[{"embeddable":true,"href":"https:\/\/antcube.shop\/pl\/wp-json\/wp\/v2\/comments?post=2740"}],"wp:featuredmedia":[{"embeddable":true,"href":"https:\/\/antcube.shop\/pl\/wp-json\/wp\/v2\/media\/5447"}],"wp:attachment":[{"href":"https:\/\/antcube.shop\/pl\/wp-json\/wp\/v2\/media?parent=2740"}],"wp:term":[{"taxonomy":"product_brand","embeddable":true,"href":"https:\/\/antcube.shop\/pl\/wp-json\/wp\/v2\/product_brand?post=2740"},{"taxonomy":"product_cat","embeddable":true,"href":"https:\/\/antcube.shop\/pl\/wp-json\/wp\/v2\/product_cat?post=2740"},{"taxonomy":"product_tag","embeddable":true,"href":"https:\/\/antcube.shop\/pl\/wp-json\/wp\/v2\/product_tag?post=2740"}],"curies":[{"name":"wp","href":"https:\/\/api.w.org\/{rel}","templated":true}]}}