{"id":2738,"date":"2021-10-08T12:04:55","date_gmt":"2021-10-08T10:04:55","guid":{"rendered":"https:\/\/antcube.shop\/produkt\/antcube-starter-set-fur-messor-spec\/"},"modified":"2026-04-23T09:47:56","modified_gmt":"2026-04-23T07:47:56","slug":"antcube-starter-set-fur-messor-spec","status":"publish","type":"product","link":"https:\/\/antcube.shop\/pl\/produkt\/antcube-starter-set-fur-messor-spec\/","title":{"rendered":"Zestaw startowy ANTCUBE dla mr\u00f3wek Messor lub Harvester"},"content":{"rendered":"<p><strong>Tre\u015b\u0107:<\/strong><br \/>\n1x ANTCUBE - Arena 20x20x10 - p\u0142aski<br \/>\n1x rama areny mr\u00f3wek 20\u00d720<br \/>\n1x pokrywa areny mr\u00f3wek 20\u00d720<br \/>\n4x punkt mocowania dla pokrywy areny<br \/>\n2x ANTCUBE - Farma mr\u00f3wek - L - 20\u00d720 - pionowa<\/p>\n<p>2x ANTCUBE - p\u0142ytka Digfix 20\u00d720 - M<br \/>\n1x 1m rurka przezroczysta 14\/10 mm<br \/>\n2x ANTCUBE - czerwona folia 20\u00d720 - filtr<br \/>\n2x zaciski samoprzylepne - przezroczyste 2 szt.<br \/>\n1x pod\u0142o\u017ce - pustynia - 1 kg<\/p>\n<p>1x tylna \u015bciana fotograficzna - pustynia - 20\u00d710<\/p>\n<p>2x Grid insert acrylic &#8211; 50 mm with sealing ring<br \/>\n1x Grid insert acrylic &#8211; 27 mm with sealing ring<br \/>\n1x Grid cap &#8211; 10mm &#8211; stainless steel<\/p>\n<p>1x drinking clear 5ml &#8211; sponge<br \/>\n1x Feeding dish white rectangle &#8211; 3 compartments<\/p>\n<p>2x Foil thermometer &#8211; farm<br \/>\n1x Foil thermometer display<\/p>\n<p>1x z\u0142\u0105cze w\u0119\u017ca zbiornika 27-14,16,20 mm - przezroczyste<br \/>\n1x Olejek chroni\u0105cy przed ucieczk\u0105 mr\u00f3wek 10ml<br \/>\n1x P\u0119seta ze stali spr\u0119\u017cynowej - szeroka - mi\u0119kka<br \/>\n1x P\u0119seta plastikowa przezroczysta<br \/>\n1x Plastikowa pipeta 3ml<br \/>\n1x lupa r\u0119czna - 2x - 30mm<br \/>\n1x wycieraczka piankowa 150x18x2,5mm<\/p>\n<p><strong>Opis:<\/strong><br \/>\nThis starter set is especially suitable for various species of the genus Messor or Pogonomyrmex.\u00a0One of these two farms is intended for storing grains\/seeds and ant bread. To prevent the grains\/seeds stored there from germinating or molding, it should remain completely dry.<\/p>\n<p>The &#8220;Digfix plates&#8221; can be inserted into the fully transparent farms. Alternatively, however, you can also use the &#8220;Soil &#8211; Desert&#8221; to fill the farms. If required, additional modules can be connected via the 50 mm holes in the cover, e.g. the separately available foggers, fans or lights. Alternatively, suitable grid inserts to close the openings are included in the scope of delivery. If desired, the formicarium can also be operated open by simply attaching the removable outbreak protection frame and applying the ant outbreak protection oil to the edge. The &#8220;Drinking trough clear 5 ml &#8211; sponge&#8221; is intended for water. The &#8220;Foil thermometer display&#8221; can be attached to the frame or cover and displays the climate values.<\/p>\n<p><strong>Wa\u017cne:<\/strong> Przed u\u017cyciem nale\u017cy zwil\u017cy\u0107 pod\u0142o\u017ce, aby mieszanina mog\u0142a si\u0119 zwi\u0105za\u0107 i mocno osadzi\u0107 w hodowli mr\u00f3wek. Ponadto, je\u015bli pod\u0142o\u017ce jest zbyt suche i zakurzone, drogi oddechowe mr\u00f3wek mog\u0105 zosta\u0107 zablokowane, a w najgorszym przypadku zwierz\u0119ta mog\u0105 si\u0119 udusi\u0107.<\/p>\n<p><strong>Zalecenie:<\/strong> Zalecamy warstw\u0119 pod\u0142o\u017ca o wysoko\u015bci 2 mm, aby zwierz\u0119ta nie mog\u0142y zagrzeba\u0107 si\u0119 na arenie i zamiast tego korzysta\u0142y z przeznaczonej do tego celu zagrody. Zalecamy r\u00f3wnie\u017c, aby materia\u0142 do budowy gniazda w zagrodzie (piasek\/glina, Digfix, itp.) by\u0142 lekko nak\u0142uty w jednym miejscu, aby u\u0142atwi\u0107 zwierz\u0119tom kopanie.<\/p>\n<p><strong>Uwagi dotycz\u0105ce produkcji<\/strong><br \/>\nSzk\u0142o jest ci\u0119te zgodnie z DIN 1249 z tolerancj\u0105 +\/;- 1mm. W przypadku wyj\u0105tkowo ma\u0142ych gatunk\u00f3w mr\u00f3wek konieczne jest dodatkowe zabezpieczenie przed ucieczk\u0105 mr\u00f3wek.<\/p>\n<p><strong>Uwagi dotycz\u0105ce gospodarstwa<\/strong><br \/>\nPrzy zak\u0142adaniu i zdejmowaniu w\u0119\u017cy nale\u017cy przestrzega\u0107 nast\u0119puj\u0105cych wskaz\u00f3wek:<br \/>\nJe\u015bli w\u0105\u017c jest bardzo trudny do zamocowania w gnie\u017adzie przy\u0142\u0105czeniowym, gniazdo nale\u017cy lekko natrze\u0107 kropl\u0105 naszego oleju lub proszku zabezpieczaj\u0105cego przed wyrwaniem. Nast\u0119pnie w\u0105\u017c nale\u017cy wsun\u0105\u0107 do gniazda za pomoc\u0105 ruch\u00f3w obrotowych lub wkr\u0119caj\u0105cych, bez obci\u0105\u017cania gniazda ruchami w g\u00f3r\u0119 i w d\u00f3\u0142. To samo dotyczy zdejmowania w\u0119\u017cy z gniazda przy\u0142\u0105czeniowego. Nie nale\u017cy go po prostu \u015bci\u0105ga\u0107!<\/p>\n<p><strong>Wskaz\u00f3wka dotycz\u0105ca Digfix:<\/strong> Naturalny kolor mo\u017ce waha\u0107 si\u0119 od zielono-szaro-br\u0105zowego do ziemisto-br\u0105zowego. Odcie\u0144 koloru nie ma wp\u0142ywu na jako\u015b\u0107.<\/p>\n<p><strong>Instrukcje:<\/strong>\u00a0(Wersja 2023, zaktualizowana wersja na 2024 b\u0119dzie dost\u0119pna najp\u00f3\u017aniej do 04\/2024)<\/p>\n<p><span style=\"font-weight: 400;\">- DE <\/span><a href=\"https:\/\/www.antstore.net\/shop\/images\/info\/de\/Gebrauchsanweisung%20Starter%20Set%20Ernteameisen.pdf\" data-cke-saved-href=\"https:\/\/www.antstore.net\/shop\/images\/info\/de\/Gebrauchsanweisung%20Starter%20Set%20Ernteameisen.pdf\"><span style=\"font-weight: 400;\">Gebrauchsanweisung Starter Set Ernteameisen<\/span><\/a><span style=\"font-weight: 400;\"> (PDF 2,50 MB)<\/span><\/p>\n<p><span style=\"font-weight: 400;\">- PL <\/span><a href=\"https:\/\/www.antstore.net\/shop\/images\/info\/en\/Instructions%20for%20use%20-%20Starter%20Set%20for%20Harvester%20Ants.pdf\" data-cke-saved-href=\"https:\/\/www.antstore.net\/shop\/images\/info\/en\/Instructions%20for%20use%20-%20Starter%20Set%20for%20Harvester%20Ants.pdf\"><span style=\"font-weight: 400;\">Instrukcja u\u017cytkowania - Zestaw startowy dla mr\u00f3wek \u017cniwiarzy<\/span><\/a><span style=\"font-weight: 400;\"> (PDF 2,50 MB)<\/span><\/p>\n<p><span style=\"font-weight: 400;\">- ES <\/span><a href=\"https:\/\/www.antstore.net\/shop\/images\/info\/es\/Manual%20de%20instrucciones%20-%20Set%20de%20inicio%20para%20las%20hormigas%20de%20la%20cosecha%20_%20messor.pdf\" data-cke-saved-href=\"https:\/\/www.antstore.net\/shop\/images\/info\/es\/Manual%20de%20instrucciones%20-%20Set%20de%20inicio%20para%20las%20hormigas%20de%20la%20cosecha%20_%20messor.pdf\"><span style=\"font-weight: 400;\">Manual de instrucciones - Set de inicio para las hormigas de la cosecha _ messor<\/span><\/a><span style=\"font-weight: 400;\"> (PDF 2,50 MB)<\/span><\/p>\n<p><span style=\"font-weight: 400;\">- FR <\/span><a href=\"https:\/\/www.antstore.net\/shop\/images\/info\/fr\/Manuel%20d'instruction%20-%20Kit%20de%20d%C3%A9marrage%20pour%20les%20fourmis%20moissonneuses_%20Messor.pdf\" data-cke-saved-href=\"https:\/\/www.antstore.net\/shop\/images\/info\/fr\/Manuel%20d'instruction%20-%20Kit%20de%20d%C3%A9marrage%20pour%20les%20fourmis%20moissonneuses_%20Messor.pdf\"><span style=\"font-weight: 400;\">Instrukcja obs\u0142ugi - Zestaw do demonta\u017cu dla myszy mokrych Messor<\/span><\/a><span style=\"font-weight: 400;\"> (PDF 2,50 MB)<\/span><\/p>","protected":false},"excerpt":{"rendered":"<p>The set consists of 30 parts and\u00a0is ideal for all grain-collecting ants species.<br \/>\nWielko\u015b\u0107: <span style=\"color: #00a859;\"><strong>M<\/strong><\/span><\/p>","protected":false},"featured_media":1101,"comment_status":"open","ping_status":"closed","template":"","meta":{"_acf_changed":false,"content-type":"","_monsterinsights_skip_tracking":false,"_monsterinsights_sitenote_active":false,"_monsterinsights_sitenote_note":"","_monsterinsights_sitenote_category":0},"product_brand":[],"product_cat":[353,73],"product_tag":[],"class_list":{"0":"post-2738","1":"product","2":"type-product","3":"status-publish","4":"has-post-thumbnail","6":"product_cat-starter-sets-for-harvester-ants","7":"product_cat-starter-sets","9":"first","10":"instock","11":"taxable","12":"shipping-taxable","13":"purchasable","14":"product-type-simple"},"acf":[],"aioseo_notices":[],"jetpack_sharing_enabled":true,"_links":{"self":[{"href":"https:\/\/antcube.shop\/pl\/wp-json\/wp\/v2\/product\/2738","targetHints":{"allow":["GET"]}}],"collection":[{"href":"https:\/\/antcube.shop\/pl\/wp-json\/wp\/v2\/product"}],"about":[{"href":"https:\/\/antcube.shop\/pl\/wp-json\/wp\/v2\/types\/product"}],"replies":[{"embeddable":true,"href":"https:\/\/antcube.shop\/pl\/wp-json\/wp\/v2\/comments?post=2738"}],"wp:featuredmedia":[{"embeddable":true,"href":"https:\/\/antcube.shop\/pl\/wp-json\/wp\/v2\/media\/1101"}],"wp:attachment":[{"href":"https:\/\/antcube.shop\/pl\/wp-json\/wp\/v2\/media?parent=2738"}],"wp:term":[{"taxonomy":"product_brand","embeddable":true,"href":"https:\/\/antcube.shop\/pl\/wp-json\/wp\/v2\/product_brand?post=2738"},{"taxonomy":"product_cat","embeddable":true,"href":"https:\/\/antcube.shop\/pl\/wp-json\/wp\/v2\/product_cat?post=2738"},{"taxonomy":"product_tag","embeddable":true,"href":"https:\/\/antcube.shop\/pl\/wp-json\/wp\/v2\/product_tag?post=2738"}],"curies":[{"name":"wp","href":"https:\/\/api.w.org\/{rel}","templated":true}]}}