{"id":2737,"date":"2021-10-08T12:04:45","date_gmt":"2021-10-08T10:04:45","guid":{"rendered":"https:\/\/antcube.shop\/produkt\/antcube-starter-set-fur-blattschneiderarten-gros\/"},"modified":"2026-04-01T13:28:05","modified_gmt":"2026-04-01T11:28:05","slug":"antcube-starter-set-fur-blattschneiderarten-gros","status":"publish","type":"product","link":"https:\/\/antcube.shop\/pl\/produkt\/antcube-starter-set-fur-blattschneiderarten-gros\/","title":{"rendered":"ANTCUBE - Zestaw startowy dla mr\u00f3wek przecinak\u00f3w do li\u015bci - du\u017cy"},"content":{"rendered":"<p><span data-text-color=\"alert\"><strong>Wysy\u0142ka mo\u017cliwa tylko za po\u015brednictwem spedycji na palecie.<\/strong><\/span><\/p>\n<p><strong>Zawiera:<\/strong><\/p>\n<p>1x ANTCUBE Arena 30x30x60 z przesuwanymi drzwiami<br \/>\n1x rama do drzwi przesuwnych<br \/>\n2x ANTCUBE Arena 30x30x30cm<br \/>\n3x rama areny mr\u00f3wek 30x30cm<br \/>\n3x pokrywa areny mr\u00f3wek 30x30cm<br \/>\n12x punkt mocowania pokrywy areny<\/p>\n<p>1x rurka na mr\u00f3wki - krystalicznie przezroczysta 50 mm - 1 m (przepo\u0142owiona)<br \/>\n1x pod\u0142o\u017ce - las deszczowy - 1 kg<br \/>\n1x Formicarium granulat 200ml - be\u017cowy<br \/>\n3x Podstawa Formicarium 30\u00d730<\/p>\n<p>3x Formicarium plug for 50mm hole<br \/>\n8x Grid insert acrylic &#8211; 50 mm with sealing ring<br \/>\n4x z\u0142\u0105cze zbiornika 1 1\/2\u2033 do 50 mm - krystalicznie czyste<br \/>\n4x Nakr\u0119tka Formicarium 1 1\/2 cala - krystalicznie czysta<\/p>\n<p>1x Foil thermometer Display<br \/>\n1x drinking clear 5ml &#8211; sponge<br \/>\n1x p\u0119seta stal spr\u0119\u017cynowa - szeroka - mi\u0119kka<br \/>\n1x p\u0119seta Formicarium - plastikowa<br \/>\n1x lupa r\u0119czna - 2x - 30mm<br \/>\n1x olejek ochronny ant escape 10ml<br \/>\n1x wycieraczka piankowa 150x18x2,5mm<br \/>\n1x butelka z rozpylaczem 0,5 litra - mosi\u0119\u017cna dysza<br \/>\n1x P\u0142atki r\u00f3\u017cy 100g - suszone<br \/>\n2x \u015bcianka tylna - las deszczowy - 30\u00d730<br \/>\n1x tylna \u015bciana fotograficzna - las deszczowy - 30\u00d760 - wysoka<\/p>\n<p><strong>Opis:<\/strong><br \/>\nThis expandable starter set for all leafcutter ant species contains, in addition to the optimally adapted formicarium, the appropriate accessories for keeping these ants. The voluminous basins allow easy handling for feeding and cleaning. The large holes (50 mm) and tubes not only make it easy to observe the ants, they also allow the animals to remove large pieces of leaf. The stainless steel mesh inserts ensure good ventilation and are robust against mechanical impact. Even large colonies of leaf-cutter ants, which are very fond of cutting, are unable to penetrate them. The sturdy screw sockets are also absolutely bite-proof.. If necessary, the humidity can be increased using the spray bottle.<\/p>\n<p><strong>Wa\u017cne:<\/strong> Przed u\u017cyciem nale\u017cy zwil\u017cy\u0107 pod\u0142o\u017ce, aby mieszanka mog\u0142a zwi\u0105za\u0107 si\u0119 i mocno osadzi\u0107 w hodowli mr\u00f3wek. Ponadto, je\u015bli pod\u0142o\u017ce jest zbyt suche i zakurzone, drogi oddechowe mr\u00f3wek mog\u0105 zosta\u0107 zablokowane, a w najgorszym przypadku zwierz\u0119ta mog\u0105 si\u0119 udusi\u0107.<\/p>\n<p><strong>Uwagi dotycz\u0105ce produkcji<\/strong><br \/>\nSzk\u0142o jest ci\u0119te na wymiar zgodnie z norm\u0105 DIN 1249 z tolerancj\u0105 +\/- 1 mm. Dodatkowa ochrona przed ucieczk\u0105 jest niezb\u0119dna w przypadku wyj\u0105tkowo ma\u0142ych gatunk\u00f3w mr\u00f3wek.<\/p>\n<p><strong>Opis areny drzwi przesuwnych: <\/strong>Nasza arena ANTCUBE 30x30x60 z przesuwanymi drzwiami zosta\u0142a opracowana tak, aby umo\u017cliwi\u0107 wygodn\u0105 prac\u0119 nawet w pe\u0142nych formikariach. S\u0105 one szczeg\u00f3lnie przydatne jako formikarium dla mr\u00f3wek tkaczek (Polyrhachis i Oecophylla), poniewa\u017c lubi\u0105 one budowa\u0107 w g\u00f3r\u0119 i potrzebuj\u0105 ro\u015bliny \u017cywicielskiej. Czasami mo\u017ce by\u0107 trudno usun\u0105\u0107 nieczysto\u015bci zwierz\u0105t z dna formikarium. Nie stanowi to problemu w przypadku tego specjalnie przystosowanego zbiornika. Przesuwane drzwi s\u0105 r\u00f3wnie\u017c bardzo praktyczne w przypadku zbiornik\u00f3w do karmienia mr\u00f3wek Acromyrmex lub Atta, poniewa\u017c resztki ro\u015blin i inne odpady mo\u017cna \u0142atwo usun\u0105\u0107. Mo\u017cna r\u00f3wnie\u017c u\u017cy\u0107 ramy drzwi przesuwnych (nr art. 1005648), aby zapobiec ucieczce zwierz\u0105t podczas pracy.<\/p>","protected":false},"excerpt":{"rendered":"<p>The set consists of 47 parts and is suitable for all leaf cutter ant species.<br \/>\nWielko\u015b\u0107: <span style=\"color: #ed1c24;\"><strong>XL<\/strong><\/span><\/p>","protected":false},"featured_media":7665,"comment_status":"open","ping_status":"closed","template":"","meta":{"_acf_changed":false,"content-type":"","_monsterinsights_skip_tracking":false,"_monsterinsights_sitenote_active":false,"_monsterinsights_sitenote_note":"","_monsterinsights_sitenote_category":0},"product_brand":[484],"product_cat":[73,79],"product_tag":[],"class_list":{"0":"post-2737","1":"product","2":"type-product","3":"status-publish","4":"has-post-thumbnail","6":"product_brand-antcube","7":"product_cat-starter-sets","8":"product_cat-starter-sets-for-leafcutter-ants","9":"product_shipping_class-forwarding-on-pallet","11":"first","12":"instock","13":"taxable","14":"shipping-taxable","15":"purchasable","16":"product-type-simple"},"acf":[],"aioseo_notices":[],"jetpack_sharing_enabled":true,"_links":{"self":[{"href":"https:\/\/antcube.shop\/pl\/wp-json\/wp\/v2\/product\/2737","targetHints":{"allow":["GET"]}}],"collection":[{"href":"https:\/\/antcube.shop\/pl\/wp-json\/wp\/v2\/product"}],"about":[{"href":"https:\/\/antcube.shop\/pl\/wp-json\/wp\/v2\/types\/product"}],"replies":[{"embeddable":true,"href":"https:\/\/antcube.shop\/pl\/wp-json\/wp\/v2\/comments?post=2737"}],"wp:featuredmedia":[{"embeddable":true,"href":"https:\/\/antcube.shop\/pl\/wp-json\/wp\/v2\/media\/7665"}],"wp:attachment":[{"href":"https:\/\/antcube.shop\/pl\/wp-json\/wp\/v2\/media?parent=2737"}],"wp:term":[{"taxonomy":"product_brand","embeddable":true,"href":"https:\/\/antcube.shop\/pl\/wp-json\/wp\/v2\/product_brand?post=2737"},{"taxonomy":"product_cat","embeddable":true,"href":"https:\/\/antcube.shop\/pl\/wp-json\/wp\/v2\/product_cat?post=2737"},{"taxonomy":"product_tag","embeddable":true,"href":"https:\/\/antcube.shop\/pl\/wp-json\/wp\/v2\/product_tag?post=2737"}],"curies":[{"name":"wp","href":"https:\/\/api.w.org\/{rel}","templated":true}]}}