{"id":2736,"date":"2021-10-08T12:04:36","date_gmt":"2021-10-08T10:04:36","guid":{"rendered":"https:\/\/antcube.shop\/produkt\/prenolepis-nitens\/"},"modified":"2023-03-21T15:10:55","modified_gmt":"2023-03-21T14:10:55","slug":"prenolepis-nitens","status":"publish","type":"product","link":"https:\/\/antcube.shop\/pl\/produkt\/prenolepis-nitens\/","title":{"rendered":"Prenolepis nitens"},"content":{"rendered":"<p>&nbsp;<\/p>\n<table border=\"1\" cellspacing=\"1\" cellpadding=\"1\">\n<tbody>\n<tr>\n<td><strong>Lat. Nazwa:<\/strong><\/td>\n<td><\/td>\n<td><em>Prenolepis nitens<\/em><\/td>\n<\/tr>\n<tr>\n<td><strong>Nazwa zwyczajowa<\/strong>:<\/td>\n<td><strong><img data-recalc-dims=\"1\" loading=\"lazy\" decoding=\"async\" src=\"https:\/\/i0.wp.com\/www.antstore.net\/shop\/images\/icons\/ants\/trivialname.jpg?resize=30%2C30&#038;ssl=1\" alt=\"\" width=\"30\" height=\"30\" \/><\/strong><\/td>\n<td>\u00a0europejska mr\u00f3wka Honeypot<\/td>\n<\/tr>\n<tr>\n<td><strong>Taksonomia:<\/strong><\/td>\n<td><strong><img data-recalc-dims=\"1\" loading=\"lazy\" decoding=\"async\" src=\"https:\/\/i0.wp.com\/www.antstore.net\/shop\/images\/icons\/ants\/taxonomie.jpg?resize=30%2C30&#038;ssl=1\" alt=\"\" width=\"30\" height=\"30\" \/><\/strong><\/td>\n<td><strong>Podrodzina:\u00a0 <\/strong>Formicinae\u00a0<strong>Tribus: <\/strong>Lasiini<\/td>\n<\/tr>\n<tr>\n<td><strong>Utrzymanie poziomu:<\/strong><\/td>\n<td><strong><img data-recalc-dims=\"1\" loading=\"lazy\" decoding=\"async\" src=\"https:\/\/i0.wp.com\/www.antstore.net\/shop\/images\/icons\/ants\/haltungsklasse.jpg?resize=30%2C30&#038;ssl=1\" alt=\"\" width=\"30\" height=\"30\" \/><\/strong><\/td>\n<td>1-2<\/td>\n<\/tr>\n<tr>\n<td><strong>Dystrybucja:<\/strong><\/td>\n<td><strong><img data-recalc-dims=\"1\" loading=\"lazy\" decoding=\"async\" src=\"https:\/\/i0.wp.com\/www.antstore.net\/shop\/images\/icons\/ants\/verbreitung.jpg?resize=30%2C30&#038;ssl=1\" alt=\"\" width=\"30\" height=\"30\" \/><\/strong><\/td>\n<td>Po\u0142udniowo-wschodnia Europa, do Austrii (sporadycznie wykrywane)<\/td>\n<\/tr>\n<tr>\n<td><strong>Siedlisko:<\/strong><\/td>\n<td><strong><img data-recalc-dims=\"1\" loading=\"lazy\" decoding=\"async\" src=\"https:\/\/i0.wp.com\/www.antstore.net\/shop\/images\/icons\/ants\/habitat.jpg?resize=30%2C30&#038;ssl=1\" alt=\"\" width=\"30\" height=\"30\" \/><\/strong><\/td>\n<td>Lasy li\u015bciaste, tereny otwarte<\/td>\n<\/tr>\n<tr>\n<td><strong>Colonyform:<\/strong><\/td>\n<td><strong><img data-recalc-dims=\"1\" loading=\"lazy\" decoding=\"async\" src=\"https:\/\/i0.wp.com\/www.antstore.net\/shop\/images\/icons\/ants\/Kolonieform.jpg?resize=30%2C30&#038;ssl=1\" alt=\"\" width=\"30\" height=\"30\" \/><\/strong><\/td>\n<td>monogyn<\/td>\n<\/tr>\n<tr>\n<td><strong>Kr\u00f3lowa:<\/strong><\/td>\n<td><strong><img data-recalc-dims=\"1\" loading=\"lazy\" decoding=\"async\" src=\"https:\/\/i0.wp.com\/www.antstore.net\/shop\/images\/icons\/ants\/koenigin.jpg?resize=30%2C30&#038;ssl=1\" alt=\"\" width=\"30\" height=\"30\" \/><\/strong><\/td>\n<td><strong>Wielko\u015b\u0107:<\/strong> 9-10 mm <strong>Kolor: <\/strong>G\u0142owa i tu\u0142\u00f3w r\u00f3\u017cni\u0105 si\u0119 od br\u0105zowych do jasnobr\u0105zowych, gaster \u017c\u00f3\u0142to-br\u0105zowy w paski, r\u00f3\u017cni si\u0119 tak\u017ce innymi cechami.<\/td>\n<\/tr>\n<tr>\n<td><strong>Pracownik:<\/strong><\/td>\n<td><img data-recalc-dims=\"1\" loading=\"lazy\" decoding=\"async\" src=\"https:\/\/i0.wp.com\/www.antstore.net\/shop\/images\/icons\/ants\/arbeiterin.jpg?resize=30%2C30&#038;ssl=1\" alt=\"\" width=\"30\" height=\"30\" \/><\/td>\n<td><strong>Wielko\u015b\u0107:<\/strong> 3 - 4 mm <strong>Kolor: <\/strong>Ubarwienie br\u0105zowo-czerwone\/miodowe, g\u0142owa i gaster czasami ciemniejsze<\/td>\n<\/tr>\n<tr>\n<td><strong>\u017bo\u0142nierz:<\/strong><\/td>\n<td><img data-recalc-dims=\"1\" loading=\"lazy\" decoding=\"async\" src=\"https:\/\/i0.wp.com\/www.antstore.net\/shop\/images\/icons\/ants\/soldaten.jpg?resize=30%2C30&#038;ssl=1\" alt=\"\" width=\"30\" height=\"30\" \/><\/td>\n<td>nieobecny<\/td>\n<\/tr>\n<tr>\n<td><strong>M\u0119\u017cczyzna:<\/strong><\/td>\n<td><img data-recalc-dims=\"1\" loading=\"lazy\" decoding=\"async\" src=\"https:\/\/i0.wp.com\/www.antstore.net\/shop\/images\/icons\/ants\/maennchen.jpg?resize=30%2C30&#038;ssl=1\" alt=\"\" width=\"30\" height=\"30\" \/><\/td>\n<td><strong>Wielko\u015b\u0107:<\/strong> 4 - 5 mm <strong>Kolor: <\/strong>czarny<\/td>\n<\/tr>\n<tr>\n<td><strong>\u017bywno\u015b\u0107:<\/strong><\/td>\n<td><img data-recalc-dims=\"1\" loading=\"lazy\" decoding=\"async\" src=\"https:\/\/i0.wp.com\/www.antstore.net\/shop\/images\/icons\/ants\/nahrung.jpg?resize=30%2C30&#038;ssl=1\" alt=\"\" width=\"30\" height=\"30\" \/><\/td>\n<td>Woda miodowa i owady, np. muchy, komary lub ma\u0142e \u015bwierszcze, owoce<\/td>\n<\/tr>\n<tr>\n<td><strong>Wilgotno\u015b\u0107:<\/strong><\/td>\n<td><strong><img data-recalc-dims=\"1\" loading=\"lazy\" decoding=\"async\" src=\"https:\/\/i0.wp.com\/www.antstore.net\/shop\/images\/icons\/ants\/feuchtigkeit.jpg?resize=30%2C30&#038;ssl=1\" alt=\"\" width=\"30\" height=\"30\" \/><\/strong><\/td>\n<td><strong>Arena:<\/strong> 30\u00a0 &#8211; 50% <strong>Obszar gniazda: <\/strong>50 &#8211; 70%<\/td>\n<\/tr>\n<tr>\n<td><strong>Temperatura:<\/strong><\/td>\n<td><strong><img data-recalc-dims=\"1\" loading=\"lazy\" decoding=\"async\" src=\"https:\/\/i0.wp.com\/www.antstore.net\/shop\/images\/icons\/ants\/temperatur.jpg?resize=30%2C30&#038;ssl=1\" alt=\"\" width=\"30\" height=\"30\" \/><\/strong><\/td>\n<td><strong>Arena:<\/strong> 21 - 30\u00b0C <strong>Obszar gniazda: <\/strong>21 - 26\u00b0C<\/td>\n<\/tr>\n<tr>\n<td><strong>Hibernacja:<\/strong><\/td>\n<td><img data-recalc-dims=\"1\" loading=\"lazy\" decoding=\"async\" src=\"https:\/\/i0.wp.com\/www.antstore.net\/shop\/images\/icons\/ants\/winterruhe.jpg?resize=30%2C30&#038;ssl=1\" alt=\"\" width=\"30\" height=\"30\" \/><\/td>\n<td>tak, od pa\u017adziernika do ko\u0144ca lutego, aktywno\u015b\u0107 wiosenna rozpoczyna si\u0119 wcze\u015bniej ni\u017c u innych gatunk\u00f3w<\/td>\n<\/tr>\n<tr>\n<td><strong>Typ gniazda:<\/strong><\/td>\n<td><\/td>\n<td>Gniazda ziemne, a tak\u017ce w martwym drewnie<\/td>\n<\/tr>\n<tr>\n<td><strong>Typ Formicarium:<\/strong><\/td>\n<td><img data-recalc-dims=\"1\" loading=\"lazy\" decoding=\"async\" src=\"https:\/\/i0.wp.com\/www.antstore.net\/shop\/images\/icons\/ants\/formicarienart.jpg?resize=30%2C30&#038;ssl=1\" alt=\"\" width=\"30\" height=\"30\" \/><\/td>\n<td><\/td>\n<\/tr>\n<tr>\n<td><strong>Wielko\u015b\u0107 formikarium:<\/strong><\/td>\n<td><strong><img data-recalc-dims=\"1\" loading=\"lazy\" decoding=\"async\" src=\"https:\/\/i0.wp.com\/www.antstore.net\/shop\/images\/icons\/ants\/formicariengroesse.jpg?resize=30%2C30&#038;ssl=1\" alt=\"\" width=\"30\" height=\"30\" \/><\/strong><\/td>\n<td><strong>Wielko\u015b\u0107:<\/strong><span style=\"color: #000000;\"> <strong>S<\/strong><strong><span style=\"color: #339966;\">\u00a0<\/span><\/strong><strong>&#8211;<\/strong><strong><span style=\"color: #339966;\">\u00a0M<\/span><\/strong><\/span><\/td>\n<\/tr>\n<tr>\n<td><strong>Pod\u0142o\u017ce:<\/strong><\/td>\n<td><strong><img data-recalc-dims=\"1\" loading=\"lazy\" decoding=\"async\" src=\"https:\/\/i0.wp.com\/www.antstore.net\/shop\/images\/icons\/ants\/substrat.jpg?resize=30%2C30&#038;ssl=1\" alt=\"\" width=\"30\" height=\"30\" \/><\/strong><\/td>\n<td><strong>Antfarm: <\/strong>Piasek - Piana, Korek <strong>Arena: <\/strong>Piasek, piasek-piana<\/td>\n<\/tr>\n<tr>\n<td><strong>Sadzenie:<\/strong><\/td>\n<td><img data-recalc-dims=\"1\" loading=\"lazy\" decoding=\"async\" src=\"https:\/\/i0.wp.com\/www.antstore.net\/shop\/images\/icons\/ants\/bepflanzung.jpg?resize=30%2C30&#038;ssl=1\" alt=\"\" width=\"30\" height=\"30\" \/><\/td>\n<td>Nasadzenia \u015br\u00f3dziemnomorskie<\/td>\n<\/tr>\n<tr>\n<td><strong>Dekoracja:<\/strong><\/td>\n<td><img data-recalc-dims=\"1\" loading=\"lazy\" decoding=\"async\" src=\"https:\/\/i0.wp.com\/www.antstore.net\/shop\/images\/icons\/ants\/dekoration.jpg?resize=30%2C30&#038;ssl=1\" alt=\"\" width=\"30\" height=\"30\" \/><\/td>\n<td>Ga\u0142\u0119zie, korzenie, li\u015bcie, do woli<\/td>\n<\/tr>\n<tr>\n<td><strong>Opis:<\/strong><\/td>\n<td><img data-recalc-dims=\"1\" loading=\"lazy\" decoding=\"async\" src=\"https:\/\/i0.wp.com\/www.antstore.net\/shop\/images\/icons\/ants\/beschreibung.jpg?resize=30%2C30&#038;ssl=1\" alt=\"\" width=\"30\" height=\"30\" \/><\/td>\n<td>Prenolepis nitens jest potocznie nazywana \"europejsk\u0105 mr\u00f3wk\u0105 miododajn\u0105\". Niekt\u00f3re robotnice przekszta\u0142caj\u0105 si\u0119 w miodniki, ale nie s\u0105 one por\u00f3wnywalne z w\u0142a\u015bciwymi mr\u00f3wkami miodnikami z rodzaju Myrmecocystus. Obrzmia\u0142e \u017cuwaczki s\u0105 tu jedynie z\u0142ogami t\u0142uszczu w tkance, ponadto robotnice nadal w ograniczonym stopniu uczestnicz\u0105 w opiece nad czerwiami.<\/td>\n<\/tr>\n<tr>\n<td><strong>Rozw\u00f3j:<\/strong><\/td>\n<td><strong><img data-recalc-dims=\"1\" loading=\"lazy\" decoding=\"async\" src=\"https:\/\/i0.wp.com\/www.antstore.net\/shop\/images\/icons\/ants\/entwicklung.jpg?resize=30%2C30&#038;ssl=1\" alt=\"\" width=\"30\" height=\"30\" \/><\/strong><\/td>\n<td><strong>Lot weselny:\u00a0 <\/strong>bardzo wcze\u015bnie: od ko\u0144ca marca do ko\u0144ca maja (p\u0142cie pocz\u0105tkowo zimuj\u0105 w gnie\u017adzie)<br \/>\n<strong>Fundacja:\u00a0 <\/strong>wyst\u0119puje klaustralnie (bez \u017cerowania), by\u0107 mo\u017ce tak\u017ce poprzez adopcj\u0119 lub paso\u017cytnictwo spo\u0142eczne<br \/>\n<strong>Wielko\u015b\u0107 kolonii:\u00a0 <\/strong>do 20 000 os\u00f3b<\/td>\n<\/tr>\n<tr>\n<td><strong>Ilo\u015b\u0107:<\/strong><\/td>\n<td><img data-recalc-dims=\"1\" loading=\"lazy\" decoding=\"async\" src=\"https:\/\/i0.wp.com\/www.antstore.net\/shop\/images\/icons\/ants\/menge.jpg?resize=30%2C30&#038;ssl=1\" alt=\"\" width=\"30\" height=\"30\" \/><\/td>\n<td>kojarzona kr\u00f3lowa i robotnice (patrz selekcja); czerw (zmienia si\u0119 w zale\u017cno\u015bci od pory roku i rozwoju)<\/td>\n<\/tr>\n<tr>\n<td><strong>Linki internetowe:<\/strong><\/td>\n<td><a href=\"http:\/\/www.antstore.net\/viewforum.php?f=9\"><span style=\"color: #0000ff;\"><img data-recalc-dims=\"1\" loading=\"lazy\" decoding=\"async\" src=\"https:\/\/i0.wp.com\/www.antstore.net\/shop\/images\/icons\/ants\/weblinks.jpg?resize=30%2C30&#038;ssl=1\" alt=\"\" width=\"30\" height=\"30\" \/><\/span><\/a><\/td>\n<td><a href=\"http:\/\/www.antstore.net\/viewforum.php?f=124\"><span style=\"color: #0000ff;\">- Forum<\/span><\/a><\/p>\n<p><span style=\"color: #0000ff;\"><a href=\"http:\/\/www.antweb.org\/description.do?name=mimicus&amp;genus=myrmecocystus&amp;rank=species&amp;project=bajaants\">- Odniesienie do \u017ar\u00f3d\u0142a<\/a><\/span><\/td>\n<\/tr>\n<\/tbody>\n<\/table>\n<p>&nbsp;<\/p>","protected":false},"excerpt":{"rendered":"<p>Utrzymanie poziomu 1-2<br \/>\nWielko\u015b\u0107:<span style=\"color: #000000;\"> <strong>S<\/strong> <\/span><strong>&#8211;<\/strong><span style=\"color: #000000;\"><strong><span style=\"color: #339966;\"> M<\/span><\/strong><\/span><\/p>","protected":false},"featured_media":3319,"comment_status":"open","ping_status":"closed","template":"","meta":{"_acf_changed":false,"content-type":"","_monsterinsights_skip_tracking":false,"_monsterinsights_sitenote_active":false,"_monsterinsights_sitenote_note":"","_monsterinsights_sitenote_category":0},"product_brand":[],"product_cat":[107,112,109],"product_tag":[],"class_list":{"0":"post-2736","1":"product","2":"type-product","3":"status-publish","4":"has-post-thumbnail","6":"product_cat-ants","7":"product_cat-asia","8":"product_cat-southern-europe","10":"first","11":"instock","12":"product-type-external"},"acf":[],"aioseo_notices":[],"jetpack_sharing_enabled":true,"_links":{"self":[{"href":"https:\/\/antcube.shop\/pl\/wp-json\/wp\/v2\/product\/2736","targetHints":{"allow":["GET"]}}],"collection":[{"href":"https:\/\/antcube.shop\/pl\/wp-json\/wp\/v2\/product"}],"about":[{"href":"https:\/\/antcube.shop\/pl\/wp-json\/wp\/v2\/types\/product"}],"replies":[{"embeddable":true,"href":"https:\/\/antcube.shop\/pl\/wp-json\/wp\/v2\/comments?post=2736"}],"wp:featuredmedia":[{"embeddable":true,"href":"https:\/\/antcube.shop\/pl\/wp-json\/wp\/v2\/media\/3319"}],"wp:attachment":[{"href":"https:\/\/antcube.shop\/pl\/wp-json\/wp\/v2\/media?parent=2736"}],"wp:term":[{"taxonomy":"product_brand","embeddable":true,"href":"https:\/\/antcube.shop\/pl\/wp-json\/wp\/v2\/product_brand?post=2736"},{"taxonomy":"product_cat","embeddable":true,"href":"https:\/\/antcube.shop\/pl\/wp-json\/wp\/v2\/product_cat?post=2736"},{"taxonomy":"product_tag","embeddable":true,"href":"https:\/\/antcube.shop\/pl\/wp-json\/wp\/v2\/product_tag?post=2736"}],"curies":[{"name":"wp","href":"https:\/\/api.w.org\/{rel}","templated":true}]}}