{"id":2734,"date":"2021-10-08T12:04:16","date_gmt":"2021-10-08T10:04:16","guid":{"rendered":"https:\/\/antcube.shop\/produkt\/antcube-arena-20x20x20-combi-l\/"},"modified":"2026-04-13T10:48:31","modified_gmt":"2026-04-13T08:48:31","slug":"antcube-arena-20x20x20-combi-l","status":"publish","type":"product","link":"https:\/\/antcube.shop\/pl\/produkt\/antcube-arena-20x20x20-combi-l\/","title":{"rendered":"ANTCUBE - Arena 20x20x20 - Combi L"},"content":{"rendered":"<p><strong>Wymiary:<\/strong> 20x20x20 cm; grubo\u015b\u0107 szk\u0142a 4 mm<\/p>\n<p><strong>Materia\u0142:<\/strong> szk\u0142o klejone silikonem<\/p>\n<p><strong>Po\u0142\u0105czenie:<\/strong> 2x otw\u00f3r 27mm (2x otw\u00f3r 10mm w obszarze gniazda)<\/p>\n<p><strong>Odleg\u0142o\u015b\u0107 p\u0142yty od obszaru gniazda:<\/strong> oko\u0142o 20 mm<\/p>\n<p><strong>Opis:<\/strong> Arena dla mr\u00f3wek - Combi posiada obszar hodowli lub gniazda, kt\u00f3ry jest zintegrowany z formikarium. Mr\u00f3wki maj\u0105 dost\u0119p do gniazda z areny przez dwa wewn\u0119trzne otwory o \u015brednicy 10 mm.<\/p>\n<p><strong>Zawiadomienie:<\/strong><br \/>\nW przypadku stosowania naszych wk\u0142ad\u00f3w do gniazd (np. korek, gips) nale\u017cy pami\u0119ta\u0107, \u017ce s\u0105 one o 8 mm w\u0119\u017csze, poniewa\u017c zosta\u0142y pierwotnie zaprojektowane tak, aby pasowa\u0142y do naszych w\u0119\u017cszych mrowisk, jak r\u00f3wnie\u017c do wk\u0142ad\u00f3w do areny! W tym przypadku przestrze\u0144 pomi\u0119dzy nimi musia\u0142aby by\u0107 wype\u0142niona materia\u0142em wype\u0142niaj\u0105cym, takim jak gips lub glina.<\/p>\n<p>&nbsp;<\/p>","protected":false},"excerpt":{"rendered":"<p>Przy\u0142\u0105cze: 2x otw\u00f3r 27 mm<br \/>\nWielko\u015b\u0107: <span style=\"color: #0000ff;\"><strong>L<\/strong><\/span><\/p>","protected":false},"featured_media":328,"comment_status":"open","ping_status":"closed","template":"","meta":{"_acf_changed":false,"content-type":"","_monsterinsights_skip_tracking":false,"_monsterinsights_sitenote_active":false,"_monsterinsights_sitenote_note":"","_monsterinsights_sitenote_category":0},"product_brand":[],"product_cat":[85,83,86],"product_tag":[],"class_list":{"0":"post-2734","1":"product","2":"type-product","3":"status-publish","4":"has-post-thumbnail","6":"product_cat-ant-arenas","7":"product_cat-antfarms-l","8":"product_cat-formicariums","10":"first","11":"instock","12":"taxable","13":"shipping-taxable","14":"purchasable","15":"product-type-simple"},"acf":[],"aioseo_notices":[],"jetpack_sharing_enabled":true,"_links":{"self":[{"href":"https:\/\/antcube.shop\/pl\/wp-json\/wp\/v2\/product\/2734","targetHints":{"allow":["GET"]}}],"collection":[{"href":"https:\/\/antcube.shop\/pl\/wp-json\/wp\/v2\/product"}],"about":[{"href":"https:\/\/antcube.shop\/pl\/wp-json\/wp\/v2\/types\/product"}],"replies":[{"embeddable":true,"href":"https:\/\/antcube.shop\/pl\/wp-json\/wp\/v2\/comments?post=2734"}],"wp:featuredmedia":[{"embeddable":true,"href":"https:\/\/antcube.shop\/pl\/wp-json\/wp\/v2\/media\/328"}],"wp:attachment":[{"href":"https:\/\/antcube.shop\/pl\/wp-json\/wp\/v2\/media?parent=2734"}],"wp:term":[{"taxonomy":"product_brand","embeddable":true,"href":"https:\/\/antcube.shop\/pl\/wp-json\/wp\/v2\/product_brand?post=2734"},{"taxonomy":"product_cat","embeddable":true,"href":"https:\/\/antcube.shop\/pl\/wp-json\/wp\/v2\/product_cat?post=2734"},{"taxonomy":"product_tag","embeddable":true,"href":"https:\/\/antcube.shop\/pl\/wp-json\/wp\/v2\/product_tag?post=2734"}],"curies":[{"name":"wp","href":"https:\/\/api.w.org\/{rel}","templated":true}]}}