{"id":2728,"date":"2021-10-08T12:02:35","date_gmt":"2021-10-08T10:02:35","guid":{"rendered":"https:\/\/antcube.shop\/produkt\/antcube-starter-set-fur-blattschneiderarten-klein\/"},"modified":"2026-04-13T09:33:20","modified_gmt":"2026-04-13T07:33:20","slug":"antcube-starter-set-fur-blattschneiderarten-klein","status":"publish","type":"product","link":"https:\/\/antcube.shop\/pl\/produkt\/antcube-starter-set-fur-blattschneiderarten-klein\/","title":{"rendered":"ANTCUBE - Zestaw startowy dla mr\u00f3wek tn\u0105cych li\u015bcie - ma\u0142y"},"content":{"rendered":"<p><span data-text-color=\"alert\"><strong>NOWO\u015a\u0106 od 04\/2024:<\/strong><\/span><br \/>\n<strong>Basen do karmienia jest teraz dostarczany jako arena o wymiarach 20x20x40 cm. Pozostawia to wi\u0119cej miejsca na jedzenie.<\/strong><br \/>\n<strong>Zast\u0105pili\u015bmy stare z\u0142\u0105cza nowymi, w pe\u0142ni przezroczystymi z\u0142\u0105czami, w tym w pe\u0142ni przezroczystymi nakr\u0119tkami.<\/strong><br \/>\n<strong>Dodali\u015bmy r\u00f3wnie\u017c podk\u0142adki formicarium do wszystkich umywalek (ochrona mebli i umywalek oraz przed wibracjami).<\/strong><\/p>\n<p>&nbsp;<\/p>\n<p><strong>Zawiera:<\/strong><\/p>\n<p>2x ANTCUBE Arena 20x20x20cm<br \/>\n1x ANTCUBE Arena 20x20x40cm wysoko\u015bci<br \/>\n3x rama areny mr\u00f3wek 20x20cm<br \/>\n3x pokrywa areny mr\u00f3wek 20x20cm<br \/>\n12x punkt mocowania pokrywy areny<\/p>\n<p>1x rurka na mr\u00f3wki - krystalicznie przezroczysta 32 mm - 1 m (przepo\u0142owiona)<br \/>\n1x pod\u0142o\u017ce - las deszczowy - 1 kg<br \/>\n1x Formicarium granulat 200ml - be\u017cowy<br \/>\n3x podstawa formikarium 20\u00d720<\/p>\n<p>2x zatyczki do formikarium dla otworu 50 mm<br \/>\n5x Grid insert acrylic &#8211; 50 mm with sealing ring<br \/>\n2x Grid insert acrylic &#8211; 27 mm with sealing ring<br \/>\n4x z\u0142\u0105cze zbiornika 3\/4\u2033 do 32 mm - krystalicznie przezroczyste<br \/>\n4x Nakr\u0119tka Formicarium 3\/4 cala - krystalicznie czysta<\/p>\n<p>1x Foil thermometer Display<br \/>\n1x drinking clear 5ml &#8211; sponge<br \/>\n1x P\u0119seta ze stali spr\u0119\u017cynowej - szeroka - mi\u0119kka<br \/>\n1x p\u0119seta Formicarium - plastikowa<br \/>\n1x lupa r\u0119czna - 2x - 30mm<br \/>\n1x olejek chroni\u0105cy przed mr\u00f3wkami 10ml<br \/>\n1x wycieraczka piankowa 150x18x2,5mm<br \/>\n1x butelka z rozpylaczem 0,5 litra - mosi\u0119\u017cna dysza<br \/>\n1x P\u0142atki r\u00f3\u017cy 100g - suszone<br \/>\n2x tylna \u015bciana fotograficzna - las deszczowy - 20\u00d720<br \/>\n1x tylna \u015bciana fotograficzna - las deszczowy - 20\u00d740 wysoko\u015bci<\/p>\n<p><strong>Opis:<\/strong><br \/>\nThis expandable starter set for all leafcutter ant species contains, in addition to the optimally adapted formicarium, the appropriate accessories for keeping these ants. The basins are easy to use for feeding and cleaning. The large holes (27 mm) and tubes not only make it easy to observe the ants, they also allow the animals to remove large pieces of leaf. The stainless steel mesh inserts ensure good ventilation and are robust against mechanical impact. Even large colonies of leaf-cutter ants, which are very fond of cutting, are unable to penetrate them. The sturdy tube connectors are also absolutely bite-proof. The humidity can be increased using the spray bottle.<\/p>\n<p><strong>Wa\u017cne:<\/strong> Przed u\u017cyciem nale\u017cy zwil\u017cy\u0107 pod\u0142o\u017ce, aby mieszanka mog\u0142a zwi\u0105za\u0107 si\u0119 i mocno osadzi\u0107 w hodowli mr\u00f3wek. Ponadto, je\u015bli pod\u0142o\u017ce jest zbyt suche i zakurzone, drogi oddechowe mr\u00f3wek mog\u0105 zosta\u0107 zablokowane, a w najgorszym przypadku zwierz\u0119ta mog\u0105 si\u0119 udusi\u0107.<\/p>\n<p><strong>Uwagi dotycz\u0105ce produkcji<\/strong><br \/>\nSzk\u0142o jest ci\u0119te na wymiar zgodnie z norm\u0105 DIN 1249 z tolerancj\u0105 +\/- 1 mm. Dodatkowa ochrona przed ucieczk\u0105 jest niezb\u0119dna w przypadku wyj\u0105tkowo ma\u0142ych gatunk\u00f3w mr\u00f3wek.<\/p>","protected":false},"excerpt":{"rendered":"<p>Zestaw sk\u0142ada si\u0119 z 43 cz\u0119\u015bci<br \/>\nWielko\u015b\u0107: <span style=\"color: #ed1c24;\"><strong>XL<\/strong><\/span><\/p>","protected":false},"featured_media":7666,"comment_status":"open","ping_status":"closed","template":"","meta":{"_acf_changed":false,"content-type":"","_monsterinsights_skip_tracking":false,"_monsterinsights_sitenote_active":false,"_monsterinsights_sitenote_note":"","_monsterinsights_sitenote_category":0},"product_brand":[],"product_cat":[73,79],"product_tag":[],"class_list":{"0":"post-2728","1":"product","2":"type-product","3":"status-publish","4":"has-post-thumbnail","6":"product_cat-starter-sets","7":"product_cat-starter-sets-for-leafcutter-ants","9":"first","10":"outofstock","11":"taxable","12":"shipping-taxable","13":"purchasable","14":"product-type-simple"},"acf":[],"aioseo_notices":[],"jetpack_sharing_enabled":true,"_links":{"self":[{"href":"https:\/\/antcube.shop\/pl\/wp-json\/wp\/v2\/product\/2728","targetHints":{"allow":["GET"]}}],"collection":[{"href":"https:\/\/antcube.shop\/pl\/wp-json\/wp\/v2\/product"}],"about":[{"href":"https:\/\/antcube.shop\/pl\/wp-json\/wp\/v2\/types\/product"}],"replies":[{"embeddable":true,"href":"https:\/\/antcube.shop\/pl\/wp-json\/wp\/v2\/comments?post=2728"}],"wp:featuredmedia":[{"embeddable":true,"href":"https:\/\/antcube.shop\/pl\/wp-json\/wp\/v2\/media\/7666"}],"wp:attachment":[{"href":"https:\/\/antcube.shop\/pl\/wp-json\/wp\/v2\/media?parent=2728"}],"wp:term":[{"taxonomy":"product_brand","embeddable":true,"href":"https:\/\/antcube.shop\/pl\/wp-json\/wp\/v2\/product_brand?post=2728"},{"taxonomy":"product_cat","embeddable":true,"href":"https:\/\/antcube.shop\/pl\/wp-json\/wp\/v2\/product_cat?post=2728"},{"taxonomy":"product_tag","embeddable":true,"href":"https:\/\/antcube.shop\/pl\/wp-json\/wp\/v2\/product_tag?post=2728"}],"curies":[{"name":"wp","href":"https:\/\/api.w.org\/{rel}","templated":true}]}}