{"id":2727,"date":"2021-10-08T12:02:25","date_gmt":"2021-10-08T10:02:25","guid":{"rendered":"https:\/\/antcube.shop\/produkt\/antcube-starter-set-fur-weberameisen\/"},"modified":"2026-04-09T14:37:31","modified_gmt":"2026-04-09T12:37:31","slug":"antcube-starter-set-fur-weberameisen","status":"publish","type":"product","link":"https:\/\/antcube.shop\/pl\/produkt\/antcube-starter-set-fur-weberameisen\/","title":{"rendered":"ANTCUBE - Zestaw startowy dla mr\u00f3wek Weaver - ma\u0142y"},"content":{"rendered":"<p><strong>Zawarto\u015b\u0107:<\/strong><br \/>\n1x ANTCUBE - Arena 20x20x40 - wysoka<br \/>\n1x rama areny mr\u00f3wek 20\u00d720<br \/>\n1x pokrywa areny mr\u00f3wek 20\u00d720<br \/>\n4x punkt mocowania dla pokrywy areny<\/p>\n<p>1x tylna \u015bciana fotograficzna - las deszczowy - 20\u00d740 - wysoka<br \/>\n1x butelka z rozpylaczem 0,5 litra - mosi\u0119\u017cna dysza<\/p>\n<p>1x pod\u0142o\u017ce - las deszczowy - 1 kg<br \/>\n2x Grid insert acrylic &#8211; 50 mm with sealing ring<br \/>\n2x Grid insert acrylic &#8211; 27 mm with sealing ring<\/p>\n<p>1x drinking clear 5ml &#8211; sponge<br \/>\n1x Feeding dish white rectangle &#8211; 3 compartments<br \/>\n1x Drinking trough 2ml &#8211; 360 Degrees<\/p>\n<p>1x Foil thermometer display<br \/>\n1x Pad for Formicarium 20&#215;20<br \/>\n1x Szeroka p\u0119seta ze stali spr\u0119\u017cynowej - mi\u0119kka<br \/>\n1x Plastikowa pinceta standardowa<br \/>\n1x Ant Outbreak Protection Oil 10ml<br \/>\n1x Lupa r\u0119czna - 2x - 30mm<br \/>\n1x wycieraczka piankowa 150x18x2,5mm<\/p>\n<p><strong>Opis:<\/strong><br \/>\nThis expandable starter set for various weaver ant species such as Polyrhachis spec. or Oecophylla spec. includes not only the optimally adapted formicarium but also the appropriate accessories for keeping this ant species. Suitable for colonies of up to approx. 500 animals. For larger colonies we recommend a 30x30x60cm formicarium. The &#8220;Drinking trough 2ml &#8211; 360 degrees&#8221; is intended for honey\/sugar solution, the &#8220;Drinking trough clear 5ml &#8211; sponge&#8221; for water. The &#8220;Foil thermometer display&#8221; can be attached to the frame or the cover and displays the climate values.<\/p>\n<p><strong>Wa\u017cne:<\/strong> Przed u\u017cyciem nale\u017cy zwil\u017cy\u0107 pod\u0142o\u017ce, aby mieszanka mog\u0142a zwi\u0105za\u0107 si\u0119 i mocno osadzi\u0107 w hodowli mr\u00f3wek. Ponadto, je\u015bli pod\u0142o\u017ce jest zbyt suche i zakurzone, drogi oddechowe mr\u00f3wek mog\u0105 zosta\u0107 zablokowane, a w najgorszym przypadku zwierz\u0119ta mog\u0105 si\u0119 udusi\u0107.<\/p>\n<p><strong>Uwagi dotycz\u0105ce produkcji<\/strong><br \/>\nSzk\u0142o jest ci\u0119te na wymiar zgodnie z norm\u0105 DIN 1249 z tolerancj\u0105 +\/- 1 mm. Dodatkowa ochrona przed ucieczk\u0105 jest niezb\u0119dna w przypadku wyj\u0105tkowo ma\u0142ych gatunk\u00f3w mr\u00f3wek.<\/p>","protected":false},"excerpt":{"rendered":"<p>The set consists of 20 parts.<br \/>\nWielko\u015b\u0107: <span style=\"color: #ed1c24;\"><strong>XL<\/strong><\/span><\/p>","protected":false},"featured_media":1282,"comment_status":"open","ping_status":"closed","template":"","meta":{"_acf_changed":false,"content-type":"","_monsterinsights_skip_tracking":false,"_monsterinsights_sitenote_active":false,"_monsterinsights_sitenote_note":"","_monsterinsights_sitenote_category":0},"product_brand":[],"product_cat":[354,73],"product_tag":[],"class_list":{"0":"post-2727","1":"product","2":"type-product","3":"status-publish","4":"has-post-thumbnail","6":"product_cat-starter-sets-for-weaver-ants","7":"product_cat-starter-sets","9":"first","10":"instock","11":"taxable","12":"shipping-taxable","13":"purchasable","14":"product-type-simple"},"acf":[],"aioseo_notices":[],"jetpack_sharing_enabled":true,"_links":{"self":[{"href":"https:\/\/antcube.shop\/pl\/wp-json\/wp\/v2\/product\/2727","targetHints":{"allow":["GET"]}}],"collection":[{"href":"https:\/\/antcube.shop\/pl\/wp-json\/wp\/v2\/product"}],"about":[{"href":"https:\/\/antcube.shop\/pl\/wp-json\/wp\/v2\/types\/product"}],"replies":[{"embeddable":true,"href":"https:\/\/antcube.shop\/pl\/wp-json\/wp\/v2\/comments?post=2727"}],"wp:featuredmedia":[{"embeddable":true,"href":"https:\/\/antcube.shop\/pl\/wp-json\/wp\/v2\/media\/1282"}],"wp:attachment":[{"href":"https:\/\/antcube.shop\/pl\/wp-json\/wp\/v2\/media?parent=2727"}],"wp:term":[{"taxonomy":"product_brand","embeddable":true,"href":"https:\/\/antcube.shop\/pl\/wp-json\/wp\/v2\/product_brand?post=2727"},{"taxonomy":"product_cat","embeddable":true,"href":"https:\/\/antcube.shop\/pl\/wp-json\/wp\/v2\/product_cat?post=2727"},{"taxonomy":"product_tag","embeddable":true,"href":"https:\/\/antcube.shop\/pl\/wp-json\/wp\/v2\/product_tag?post=2727"}],"curies":[{"name":"wp","href":"https:\/\/api.w.org\/{rel}","templated":true}]}}