{"id":2704,"date":"2021-10-08T11:58:53","date_gmt":"2021-10-08T09:58:53","guid":{"rendered":"https:\/\/antcube.shop\/produkt\/oecophylla-smaragdina-australische-weberameisen\/"},"modified":"2023-03-21T16:29:12","modified_gmt":"2023-03-21T15:29:12","slug":"oecophylla-smaragdina-australische-weberameisen","status":"publish","type":"product","link":"https:\/\/antcube.shop\/pl\/produkt\/oecophylla-smaragdina-australische-weberameisen\/","title":{"rendered":"Oecophylla smaragdina (australijska mr\u00f3wka tkaczka)"},"content":{"rendered":"<p>&nbsp;<\/p>\n<table border=\"1\" cellspacing=\"1\" cellpadding=\"1\">\n<tbody>\n<tr>\n<td><strong>Nazwa \u0142aci\u0144ska:<\/strong><\/td>\n<td><strong><img data-recalc-dims=\"1\" loading=\"lazy\" decoding=\"async\" src=\"https:\/\/i0.wp.com\/www.antstore.net\/shop\/images\/icons\/ants\/lateinname.jpg?resize=30%2C30&#038;ssl=1\" alt=\"\" width=\"30\" height=\"30\" \/><\/strong><\/td>\n<td>Oecophylla smaragdina<\/td>\n<\/tr>\n<tr>\n<td><strong>Trywialna nazwa:<\/strong><\/td>\n<td><strong><img data-recalc-dims=\"1\" loading=\"lazy\" decoding=\"async\" src=\"https:\/\/i0.wp.com\/www.antstore.net\/shop\/images\/icons\/ants\/trivialname.jpg?resize=30%2C30&#038;ssl=1\" alt=\"\" width=\"30\" height=\"30\" \/><\/strong><\/td>\n<td>Mr\u00f3wka na zielonym drzewie<\/td>\n<\/tr>\n<tr>\n<td><strong>Taksonomia:<\/strong><\/td>\n<td><strong><img data-recalc-dims=\"1\" loading=\"lazy\" decoding=\"async\" src=\"https:\/\/i0.wp.com\/www.antstore.net\/shop\/images\/icons\/ants\/taxonomie.jpg?resize=30%2C30&#038;ssl=1\" alt=\"\" width=\"30\" height=\"30\" \/><\/strong><\/td>\n<td><strong>Podrodzina:<\/strong> Formicinae<strong> Plemi\u0119:<\/strong> Oecophyllini<\/td>\n<\/tr>\n<tr>\n<td><strong>Poziom utrzymania:<\/strong><\/td>\n<td><strong><img data-recalc-dims=\"1\" loading=\"lazy\" decoding=\"async\" src=\"https:\/\/i0.wp.com\/www.antstore.net\/shop\/images\/icons\/ants\/haltungsklasse.jpg?resize=30%2C30&#038;ssl=1\" alt=\"\" width=\"30\" height=\"30\" \/><\/strong><\/td>\n<td><strong>(2)<\/strong>\u00a0wykazuj\u0105 wy\u017csze wymagania w zakresie klimatu i zapobiegania ucieczce<\/td>\n<\/tr>\n<tr>\n<td><strong>Dystrybucja:<\/strong><\/td>\n<td><strong><img data-recalc-dims=\"1\" loading=\"lazy\" decoding=\"async\" src=\"https:\/\/i0.wp.com\/www.antstore.net\/shop\/images\/icons\/ants\/verbreitung.jpg?resize=30%2C30&#038;ssl=1\" alt=\"\" width=\"30\" height=\"30\" \/><\/strong><\/td>\n<td>Australia p\u00f3\u0142nocna do p\u00f3\u0142nocno-wschodniej<\/td>\n<\/tr>\n<tr>\n<td><strong>Przyzwyczajaj si\u0119:<\/strong><\/td>\n<td><strong><img data-recalc-dims=\"1\" loading=\"lazy\" decoding=\"async\" src=\"https:\/\/i0.wp.com\/www.antstore.net\/shop\/images\/icons\/ants\/habitat.jpg?resize=30%2C30&#038;ssl=1\" alt=\"\" width=\"30\" height=\"30\" \/><\/strong><\/td>\n<td>tropikalny las deszczowy<\/td>\n<\/tr>\n<tr>\n<td><strong>Colonyform:<\/strong><\/td>\n<td><strong><img data-recalc-dims=\"1\" loading=\"lazy\" decoding=\"async\" src=\"https:\/\/i0.wp.com\/www.antstore.net\/shop\/images\/icons\/ants\/Kolonieform.jpg?resize=30%2C30&#038;ssl=1\" alt=\"\" width=\"30\" height=\"30\" \/><\/strong><\/td>\n<td>polygyne<\/td>\n<\/tr>\n<tr>\n<td><strong>Kr\u00f3lowa:<\/strong><\/td>\n<td><strong><img data-recalc-dims=\"1\" loading=\"lazy\" decoding=\"async\" src=\"https:\/\/i0.wp.com\/www.antstore.net\/shop\/images\/icons\/ants\/koenigin.jpg?resize=30%2C30&#038;ssl=1\" alt=\"\" width=\"30\" height=\"30\" \/><\/strong><\/td>\n<td><strong>Wielko\u015b\u0107:<\/strong> 20 - 22 mm\u00a0<strong>Kolor:<\/strong> \u017c\u00f3\u0142tawozielony do zielonego, tu\u0142\u00f3w obszerny<\/td>\n<\/tr>\n<tr>\n<td><strong>Pracownik:<\/strong><\/td>\n<td><img data-recalc-dims=\"1\" loading=\"lazy\" decoding=\"async\" src=\"https:\/\/i0.wp.com\/www.antstore.net\/shop\/images\/icons\/ants\/arbeiterin.jpg?resize=30%2C30&#038;ssl=1\" alt=\"\" width=\"30\" height=\"30\" \/><\/td>\n<td><strong>Wielko\u015b\u0107:<\/strong> 8 - 12 mm <strong>Kolor:<\/strong> G\u0142owa i Gaster zielone do zielonkawobr\u0105zowych, smuk\u0142e<\/td>\n<\/tr>\n<tr>\n<td><strong>\u017bo\u0142nierz:<\/strong><\/td>\n<td><img data-recalc-dims=\"1\" loading=\"lazy\" decoding=\"async\" src=\"https:\/\/i0.wp.com\/www.antstore.net\/shop\/images\/icons\/ants\/soldaten.jpg?resize=30%2C30&#038;ssl=1\" alt=\"\" width=\"30\" height=\"30\" \/><\/td>\n<td>nieobecny<\/td>\n<\/tr>\n<tr>\n<td><strong>M\u0119\u017cczy\u017ani:<\/strong><\/td>\n<td><img data-recalc-dims=\"1\" loading=\"lazy\" decoding=\"async\" src=\"https:\/\/i0.wp.com\/www.antstore.net\/shop\/images\/icons\/ants\/maennchen.jpg?resize=30%2C30&#038;ssl=1\" alt=\"\" width=\"30\" height=\"30\" \/><\/td>\n<td><strong>Wielko\u015b\u0107:<\/strong> 7mm <strong>Kolor:<\/strong> czerwonawobr\u0105zowy<\/td>\n<\/tr>\n<tr>\n<td><strong>Nutrion:<\/strong><\/td>\n<td><img data-recalc-dims=\"1\" loading=\"lazy\" decoding=\"async\" src=\"https:\/\/i0.wp.com\/www.antstore.net\/shop\/images\/icons\/ants\/nahrung.jpg?resize=30%2C30&#038;ssl=1\" alt=\"\" width=\"30\" height=\"30\" \/><\/td>\n<td>woda miodowa, owady takie jak \u015bwierszcze, muchy domowe r\u00f3wnie\u017c owoce np. winogrona<\/td>\n<\/tr>\n<tr>\n<td><strong>Wilgotno\u015b\u0107 powietrza:<\/strong><\/td>\n<td><strong><img data-recalc-dims=\"1\" loading=\"lazy\" decoding=\"async\" src=\"https:\/\/i0.wp.com\/www.antstore.net\/shop\/images\/icons\/ants\/feuchtigkeit.jpg?resize=30%2C30&#038;ssl=1\" alt=\"\" width=\"30\" height=\"30\" \/><\/strong><\/td>\n<td><strong>Arena:<\/strong> 50 &#8211; 70% <strong>Nestpart:<\/strong> 70 &#8211; 90%<\/td>\n<\/tr>\n<tr>\n<td><strong>Temperatura:<\/strong><\/td>\n<td><strong><img data-recalc-dims=\"1\" loading=\"lazy\" decoding=\"async\" src=\"https:\/\/i0.wp.com\/www.antstore.net\/shop\/images\/icons\/ants\/temperatur.jpg?resize=30%2C30&#038;ssl=1\" alt=\"\" width=\"30\" height=\"30\" \/><\/strong><\/td>\n<td><strong>Arena:<\/strong> 21 - 30\u00b0C <strong>Nestpart:<\/strong> 24 - 28\u00b0C<\/td>\n<\/tr>\n<tr>\n<td><strong>Hibernacja:<\/strong><\/td>\n<td><img data-recalc-dims=\"1\" loading=\"lazy\" decoding=\"async\" src=\"https:\/\/i0.wp.com\/www.antstore.net\/shop\/images\/icons\/ants\/winterruhe.jpg?resize=30%2C30&#038;ssl=1\" alt=\"\" width=\"30\" height=\"30\" \/><\/td>\n<td>nie<\/td>\n<\/tr>\n<tr>\n<td><strong>Nestform:<\/strong><\/td>\n<td><img data-recalc-dims=\"1\" loading=\"lazy\" decoding=\"async\" src=\"https:\/\/i0.wp.com\/www.antstore.net\/shop\/images\/icons\/ants\/nestform.jpg?resize=30%2C30&#038;ssl=1\" alt=\"\" width=\"30\" height=\"30\" \/><\/td>\n<td>jedwabniki w baldachimie ro\u015bliny \u017cywicielskiej<\/td>\n<\/tr>\n<tr>\n<td><strong>Rodzaj Formicaria:<\/strong><\/td>\n<td><img data-recalc-dims=\"1\" loading=\"lazy\" decoding=\"async\" src=\"https:\/\/i0.wp.com\/www.antstore.net\/shop\/images\/icons\/ants\/formicarienart.jpg?resize=30%2C30&#038;ssl=1\" alt=\"\" width=\"30\" height=\"30\" \/><\/td>\n<td>Basen, Basen ramowy, Wyspa, Cylinder akrylowy<\/td>\n<\/tr>\n<tr>\n<td><strong>Wielko\u015b\u0107 Formicaria:<\/strong><\/td>\n<td><strong><img data-recalc-dims=\"1\" loading=\"lazy\" decoding=\"async\" src=\"https:\/\/i0.wp.com\/www.antstore.net\/shop\/images\/icons\/ants\/formicariengroesse.jpg?resize=30%2C30&#038;ssl=1\" alt=\"\" width=\"30\" height=\"30\" \/><\/strong><\/td>\n<td><strong>Rozmiar: L -<\/strong><strong> XL <\/strong>w zale\u017cno\u015bci od wybranej ro\u015bliny \u017cywicielskiej<\/td>\n<\/tr>\n<tr>\n<td><strong>Pod\u0142o\u017ce:<\/strong><\/td>\n<td><strong><img data-recalc-dims=\"1\" loading=\"lazy\" decoding=\"async\" src=\"https:\/\/i0.wp.com\/www.antstore.net\/shop\/images\/icons\/ants\/substrat.jpg?resize=30%2C30&#038;ssl=1\" alt=\"\" width=\"30\" height=\"30\" \/><\/strong><\/td>\n<td><strong>Farma:<\/strong> &#8211; <strong>Arena: <\/strong>Piasek gliniasty, humus odpowiedni dla ro\u015blin \u017cywicielskich<\/td>\n<\/tr>\n<tr>\n<td><strong>Sadzenie:<\/strong><\/td>\n<td><img data-recalc-dims=\"1\" loading=\"lazy\" decoding=\"async\" src=\"https:\/\/i0.wp.com\/www.antstore.net\/shop\/images\/icons\/ants\/bepflanzung.jpg?resize=30%2C30&#038;ssl=1\" alt=\"\" width=\"30\" height=\"30\" \/><\/td>\n<td>podobny do lasu tropikalnego z mchem i np. drzewem pieni\u0119\u017cnym (Pachira aquatica), fig\u0105 p\u0142acz\u0105c\u0105 (Ficus benjamini), kaw\u0105 (Coffea arabica), ro\u015blin\u0105 cytrusow\u0105 (Citrus spec.)<\/td>\n<\/tr>\n<tr>\n<td><strong>Dekoracja:<\/strong><\/td>\n<td><img data-recalc-dims=\"1\" loading=\"lazy\" decoding=\"async\" src=\"https:\/\/i0.wp.com\/www.antstore.net\/shop\/images\/icons\/ants\/dekoration.jpg?resize=30%2C30&#038;ssl=1\" alt=\"\" width=\"30\" height=\"30\" \/><\/td>\n<td>Ga\u0142\u0119zie, Korek, Mech<\/td>\n<\/tr>\n<tr>\n<td><strong>Opis:<\/strong><\/td>\n<td><img data-recalc-dims=\"1\" loading=\"lazy\" decoding=\"async\" src=\"https:\/\/i0.wp.com\/www.antstore.net\/shop\/images\/icons\/ants\/beschreibung.jpg?resize=30%2C30&#038;ssl=1\" alt=\"\" width=\"30\" height=\"30\" \/><\/td>\n<td>Mr\u00f3wkojad ten \u017cyje w koronach r\u00f3\u017cnych ro\u015blin. Tam buduj\u0105 gniazda z jedwabiu larw. Robotnice cz\u0119sto buduj\u0105 d\u0142ugie \u0142a\u0144cuchy mi\u0119dzy li\u015b\u0107mi i \"tkaj\u0105\" je jedwabiem. Dzi\u0119ki transpiracji li\u015bci w gnie\u017adzie zawsze panuj\u0105 odpowiednie warunki. Oecophylla jest bardzo agresywna i broni swojego terytorium przed ka\u017cdym intruzem. W Azji by\u0142y u\u017cywane jako \u015brodek biologiczny przez setki lat. Szukaj\u0105 na drzewie i na ziemi. Wraz z drwalnikami wykazuj\u0105 jeden z najbardziej z\u0142o\u017conych system\u00f3w komunikacji w\u015br\u00f3d owad\u00f3w spo\u0142ecznych. Sk\u0142ada si\u0119 on z feromon\u00f3w, komunikacji dotykowej i optycznej. W przypadku braku po\u017cywienia lub innych nieodpowiednich warunk\u00f3w cz\u0119sto podejmuj\u0105 pr\u00f3by ucieczki. Du\u017ce kolonie z setkami uk\u0105sze\u0144 i kwasem mr\u00f3wkowym mog\u0105 r\u00f3wnie\u017c broni\u0107 du\u017cych intruz\u00f3w (opiekun\u00f3w).<\/td>\n<\/tr>\n<tr>\n<td><strong>Rozw\u00f3j:<\/strong><\/td>\n<td><strong><img data-recalc-dims=\"1\" loading=\"lazy\" decoding=\"async\" src=\"https:\/\/i0.wp.com\/www.antstore.net\/shop\/images\/icons\/ants\/entwicklung.jpg?resize=30%2C30&#038;ssl=1\" alt=\"\" width=\"30\" height=\"30\" \/><\/strong><\/td>\n<td><strong>lot godowy:<\/strong> &#8211;<br \/>\n<strong>odlewnictwo:<\/strong>\u00a0 claustral<br \/>\n<strong>kolonizacja:<\/strong> do kilkuset tysi\u0119cy pracownik\u00f3w<\/td>\n<\/tr>\n<tr>\n<td><strong>Ilo\u015b\u0107:<\/strong><\/td>\n<td><img data-recalc-dims=\"1\" loading=\"lazy\" decoding=\"async\" src=\"https:\/\/i0.wp.com\/www.antstore.net\/shop\/images\/icons\/ants\/menge.jpg?resize=30%2C30&#038;ssl=1\" alt=\"\" width=\"30\" height=\"30\" \/><\/td>\n<td>jedna zap\u0142odniona kr\u00f3lowa z robotnicami (patrz selekcja); czerw (w zale\u017cno\u015bci od pory roku i rozwoju)<\/td>\n<\/tr>\n<tr>\n<td><strong>Linki internetowe:<\/strong><\/td>\n<td><a href=\"http:\/\/www.antstore.net\/viewforum.php?f=9\"><span style=\"color: #0000ff;\"><img data-recalc-dims=\"1\" loading=\"lazy\" decoding=\"async\" src=\"https:\/\/i0.wp.com\/www.antstore.net\/shop\/images\/icons\/ants\/weblinks.jpg?resize=30%2C30&#038;ssl=1\" alt=\"\" width=\"30\" height=\"30\" \/><\/span><\/a><\/td>\n<td><a href=\"http:\/\/www.antstore.net\/viewforum.php?f=130\"><span style=\"color: #0000ff;\">- Forum<\/span><\/a><\/p>\n<p><span style=\"color: #0000ff;\"><a href=\"http:\/\/www.antweb.org\/description.do?name=smaragdina&amp;genus=oecophylla&amp;rank=species&amp;project=allantwebants\">- Odniesienie<\/a><\/span><\/td>\n<\/tr>\n<\/tbody>\n<\/table>","protected":false},"excerpt":{"rendered":"<p>Poziom utrzymania 2 - Poziom ryzyka 2<br \/>\nWielko\u015b\u0107: <strong>L<\/strong><strong> - XL<\/strong><strong>\u00a0<\/strong><\/p>","protected":false},"featured_media":3366,"comment_status":"open","ping_status":"closed","template":"","meta":{"_acf_changed":false,"content-type":"","_monsterinsights_skip_tracking":false,"_monsterinsights_sitenote_active":false,"_monsterinsights_sitenote_note":"","_monsterinsights_sitenote_category":0},"product_brand":[],"product_cat":[107,113],"product_tag":[],"class_list":{"0":"post-2704","1":"product","2":"type-product","3":"status-publish","4":"has-post-thumbnail","6":"product_cat-ants","7":"product_cat-australia","9":"first","10":"instock","11":"product-type-external"},"acf":[],"aioseo_notices":[],"jetpack_sharing_enabled":true,"_links":{"self":[{"href":"https:\/\/antcube.shop\/pl\/wp-json\/wp\/v2\/product\/2704","targetHints":{"allow":["GET"]}}],"collection":[{"href":"https:\/\/antcube.shop\/pl\/wp-json\/wp\/v2\/product"}],"about":[{"href":"https:\/\/antcube.shop\/pl\/wp-json\/wp\/v2\/types\/product"}],"replies":[{"embeddable":true,"href":"https:\/\/antcube.shop\/pl\/wp-json\/wp\/v2\/comments?post=2704"}],"wp:featuredmedia":[{"embeddable":true,"href":"https:\/\/antcube.shop\/pl\/wp-json\/wp\/v2\/media\/3366"}],"wp:attachment":[{"href":"https:\/\/antcube.shop\/pl\/wp-json\/wp\/v2\/media?parent=2704"}],"wp:term":[{"taxonomy":"product_brand","embeddable":true,"href":"https:\/\/antcube.shop\/pl\/wp-json\/wp\/v2\/product_brand?post=2704"},{"taxonomy":"product_cat","embeddable":true,"href":"https:\/\/antcube.shop\/pl\/wp-json\/wp\/v2\/product_cat?post=2704"},{"taxonomy":"product_tag","embeddable":true,"href":"https:\/\/antcube.shop\/pl\/wp-json\/wp\/v2\/product_tag?post=2704"}],"curies":[{"name":"wp","href":"https:\/\/api.w.org\/{rel}","templated":true}]}}