{"id":2673,"date":"2021-10-04T15:33:49","date_gmt":"2021-10-04T13:33:49","guid":{"rendered":"https:\/\/antcube.shop\/produkt\/antcube-starter-set-l-20x20-combi\/"},"modified":"2026-04-03T11:58:39","modified_gmt":"2026-04-03T09:58:39","slug":"antcube-starter-set-l-20x20-combi","status":"publish","type":"product","link":"https:\/\/antcube.shop\/pl\/produkt\/antcube-starter-set-l-20x20-combi\/","title":{"rendered":"ANTCUBE Starter Set L - 20\u00d720 - Combi"},"content":{"rendered":"<p><strong>Tre\u015b\u0107:<\/strong><br \/>\n1x ANTCUBE - Arena 20x20x20 - Combi L<br \/>\n1x pokrywa areny mr\u00f3wek 20\u00d720<br \/>\n4x punkt mocowania dla pokrywy areny<br \/>\n2x zatyczki Formicarium dla otworu 27mm<br \/>\n2x zatyczka Formicarium dla otworu 50mm<br \/>\n1x pod\u0142o\u017ce - piaskowo-gliniaste be\u017cowe - 1000g<br \/>\n1x poide\u0142ko 2ml - 360 stopni<br \/>\n1x dish clear 1&#215;20 &#8211; sponge<br \/>\n1x lupa r\u0119czna - 2x - 30mm<br \/>\n1x p\u0119seta plastikowa przezroczysta<br \/>\n1x pipeta plastikowa 3ml<br \/>\n1x Olejek do ucieczki mr\u00f3wek 10ml<br \/>\n1x wycieraczka piankowa 150x18x2,5mm<\/p>\n<p><strong>Opis:<\/strong><br \/>\nZestaw Starter Set - Combi jest odpowiedni dla wi\u0119kszo\u015bci gatunk\u00f3w mr\u00f3wek grzebi\u0105cych w ziemi.<br \/>\nZestaw jest bardzo kompaktowy, a do\u0142\u0105czone akcesoria ograniczaj\u0105 si\u0119 do najwa\u017cniejszych.<br \/>\nJest to wi\u0119c niedrogi zestaw wykonany z wysokiej jako\u015bci materia\u0142\u00f3w, kt\u00f3ry jest idealny dla pocz\u0105tkuj\u0105cych hodowc\u00f3w mr\u00f3wek.<br \/>\nDo\u0142\u0105czone pod\u0142o\u017ce piaskowo-gliniaste w kolorze be\u017cowym jest dobrze akceptowane przez wi\u0119kszo\u015b\u0107 gatunk\u00f3w mr\u00f3wek nornikowatych.<\/p>\n<p>Opcjonalnie w obszarze gniazda na arenie mo\u017cna umie\u015bci\u0107 inne substraty glebowe lub wk\u0142adki do gniazd.<br \/>\nPod propozycjami (patrz poni\u017cej) znajdziesz kolejne przydatne akcesoria.<\/p>\n<p><strong>Zalecenie:<\/strong> Zalecamy warstw\u0119 pod\u0142o\u017ca o wysoko\u015bci 2 mm, aby zwierz\u0119ta nie mog\u0142y zagrzeba\u0107 si\u0119 na arenie i zamiast tego korzysta\u0142y z przeznaczonej do tego celu zagrody. Zalecamy r\u00f3wnie\u017c, aby materia\u0142 do budowy gniazda w zagrodzie (piasek\/glina, Digfix, itp.) by\u0142 lekko nak\u0142uty w jednym miejscu, aby u\u0142atwi\u0107 zwierz\u0119tom kopanie.<\/p>\n<p><strong>Wa\u017cne:<\/strong> Przed u\u017cyciem nale\u017cy zwil\u017cy\u0107 pod\u0142o\u017ce, aby mieszanka mog\u0142a si\u0119 zwi\u0105za\u0107 i mocno osadzi\u0107 w mr\u00f3wczej zagrodzie. Ponadto, zbyt suche i zakurzone pod\u0142o\u017ce mo\u017ce spowodowa\u0107 zablokowanie dr\u00f3g oddechowych mr\u00f3wek, a w najgorszym wypadku uduszenie si\u0119 zwierz\u0105t.<\/p>\n<p><strong>Zawiadomienie:<\/strong><br \/>\nW przypadku stosowania naszych wk\u0142ad\u00f3w gniazdowych nale\u017cy pami\u0119ta\u0107, \u017ce s\u0105 one o 8 mm w\u0119\u017csze, poniewa\u017c zosta\u0142y one pierwotnie zaprojektowane tak, aby pasowa\u0142y do naszych w\u0119\u017cszych mrowisk, jak r\u00f3wnie\u017c do wk\u0142ad\u00f3w areny! W tym przypadku przestrze\u0144 pomi\u0119dzy nimi musia\u0142aby by\u0107 wype\u0142niona materia\u0142em wype\u0142niaj\u0105cym, takim jak gips lub glina.<\/p>\n<p><strong>Uwagi dotycz\u0105ce produkcji<\/strong><br \/>\nSzk\u0142o jest ci\u0119te zgodnie z DIN 1249 z tolerancj\u0105 +\/- 1mm. W przypadku wyj\u0105tkowo ma\u0142ych gatunk\u00f3w mr\u00f3wek konieczna jest dodatkowa ochrona przed ucieczk\u0105.<\/p>\n<p><strong>Instrukcje:<\/strong><br \/>\n- DE Instrukcja u\u017cytkowania Starter Set Combi (PDF 7,98 MB)<br \/>\n- PL Instrukcja obs\u0142ugi - zestaw startowy Combi (PDF 7,94 MB)<br \/>\n- ES Manual de instrucciones - Set de inicio Combi (PDF 7,94 MB)<br \/>\n- FR Manuel d'instruction - Kit de d\u00e9marrage Combi (PDF 7,95 MB)<\/p>","protected":false},"excerpt":{"rendered":"<p>Zestaw sk\u0142ada si\u0119 z 18 cz\u0119\u015bci i jest odpowiedni dla wszystkich gatunk\u00f3w mr\u00f3wek.<br \/>\nWielko\u015b\u0107: <span style=\"color: #0000ff;\"><strong>L<\/strong><\/span><\/p>","protected":false},"featured_media":5445,"comment_status":"open","ping_status":"closed","template":"","meta":{"_acf_changed":false,"content-type":"","_monsterinsights_skip_tracking":false,"_monsterinsights_sitenote_active":false,"_monsterinsights_sitenote_note":"","_monsterinsights_sitenote_category":0},"product_brand":[],"product_cat":[73,78],"product_tag":[],"class_list":{"0":"post-2673","1":"product","2":"type-product","3":"status-publish","4":"has-post-thumbnail","6":"product_cat-starter-sets","7":"product_cat-starter-sets-combi","9":"first","10":"instock","11":"taxable","12":"shipping-taxable","13":"purchasable","14":"product-type-simple"},"acf":[],"aioseo_notices":[],"jetpack_sharing_enabled":true,"_links":{"self":[{"href":"https:\/\/antcube.shop\/pl\/wp-json\/wp\/v2\/product\/2673","targetHints":{"allow":["GET"]}}],"collection":[{"href":"https:\/\/antcube.shop\/pl\/wp-json\/wp\/v2\/product"}],"about":[{"href":"https:\/\/antcube.shop\/pl\/wp-json\/wp\/v2\/types\/product"}],"replies":[{"embeddable":true,"href":"https:\/\/antcube.shop\/pl\/wp-json\/wp\/v2\/comments?post=2673"}],"wp:featuredmedia":[{"embeddable":true,"href":"https:\/\/antcube.shop\/pl\/wp-json\/wp\/v2\/media\/5445"}],"wp:attachment":[{"href":"https:\/\/antcube.shop\/pl\/wp-json\/wp\/v2\/media?parent=2673"}],"wp:term":[{"taxonomy":"product_brand","embeddable":true,"href":"https:\/\/antcube.shop\/pl\/wp-json\/wp\/v2\/product_brand?post=2673"},{"taxonomy":"product_cat","embeddable":true,"href":"https:\/\/antcube.shop\/pl\/wp-json\/wp\/v2\/product_cat?post=2673"},{"taxonomy":"product_tag","embeddable":true,"href":"https:\/\/antcube.shop\/pl\/wp-json\/wp\/v2\/product_tag?post=2673"}],"curies":[{"name":"wp","href":"https:\/\/api.w.org\/{rel}","templated":true}]}}