{"id":12444,"date":"2025-09-30T10:08:25","date_gmt":"2025-09-30T08:08:25","guid":{"rendered":"https:\/\/antcube.shop\/en\/product\/poster-lasius-niger-lebensweise-70x50\/"},"modified":"2026-03-20T11:30:08","modified_gmt":"2026-03-20T10:30:08","slug":"plakat-lasius-niger-sposob-na-zycie-70x50","status":"publish","type":"product","link":"https:\/\/antcube.shop\/pl\/produkt\/plakat-lasius-niger-sposob-na-zycie-70x50\/","title":{"rendered":"Plakat - Lasius niger spos\u00f3b na \u017cycie - 70\u00d750"},"content":{"rendered":"<p><strong>Wymiary:<\/strong> 70\u00d750 cm<\/p>\n<p><strong>Materia\u0142:<\/strong> Papier lateksowy<br \/>\nPapier ten jest wodoodporny, zmywalny, wytrzyma\u0142y, przyjazny dla \u015brodowiska, poniewa\u017c nie zawiera szkodliwych dla \u015brodowiska rozpuszczalnik\u00f3w i zapewnia doskona\u0142\u0105 jako\u015b\u0107 druku.<\/p>\n<p><strong>Opis:<\/strong> Ten plakat zawiera przejrzysty przegl\u0105d stylu \u017cycia Lasius niger - czarnej mr\u00f3wki. Jest to jeden z najbardziej rozpowszechnionych i najbardziej znanych gatunk\u00f3w mr\u00f3wek w Europie, a by\u0107 mo\u017ce nawet jeden z najpopularniejszych przedstawicieli swojego rodzaju na ca\u0142ym \u015bwiecie.<\/p>\n<p><strong>Wa\u017cne - dodatkowe informacje:<\/strong> <a href=\"https:\/\/www.ants.de\/link\/1006\">Tutaj<\/a> znajdziesz szczeg\u00f3\u0142owy opis poszczeg\u00f3lnych scen na plakacie. Nie s\u0105 one do\u0142\u0105czone, ale mo\u017cna uzyska\u0107 do nich dost\u0119p i wydrukowa\u0107 je osobno, korzystaj\u0105c z poni\u017cszego \u0142\u0105cza. <a href=\"https:\/\/www.ants.de\/link\/1006\">https:\/\/www.ants.de\/link\/1006<\/a><\/p>","protected":false},"excerpt":{"rendered":"<p>Rozmiar: 70\u00d750 cm<\/p>","protected":false},"featured_media":12453,"comment_status":"open","ping_status":"closed","template":"","meta":{"_acf_changed":false,"content-type":"","_monsterinsights_skip_tracking":false,"_monsterinsights_sitenote_active":false,"_monsterinsights_sitenote_note":"","_monsterinsights_sitenote_category":0},"product_brand":[484],"product_cat":[547,500,245],"product_tag":[],"class_list":{"0":"post-12444","1":"product","2":"type-product","3":"status-publish","4":"has-post-thumbnail","6":"product_brand-antcube","7":"product_cat-all-products","8":"product_cat-ant-posters-and-teaching-aids","9":"product_cat-merchandise","11":"first","12":"instock","13":"taxable","14":"shipping-taxable","15":"purchasable","16":"product-type-simple"},"acf":[],"aioseo_notices":[],"jetpack_sharing_enabled":true,"_links":{"self":[{"href":"https:\/\/antcube.shop\/pl\/wp-json\/wp\/v2\/product\/12444","targetHints":{"allow":["GET"]}}],"collection":[{"href":"https:\/\/antcube.shop\/pl\/wp-json\/wp\/v2\/product"}],"about":[{"href":"https:\/\/antcube.shop\/pl\/wp-json\/wp\/v2\/types\/product"}],"replies":[{"embeddable":true,"href":"https:\/\/antcube.shop\/pl\/wp-json\/wp\/v2\/comments?post=12444"}],"wp:featuredmedia":[{"embeddable":true,"href":"https:\/\/antcube.shop\/pl\/wp-json\/wp\/v2\/media\/12453"}],"wp:attachment":[{"href":"https:\/\/antcube.shop\/pl\/wp-json\/wp\/v2\/media?parent=12444"}],"wp:term":[{"taxonomy":"product_brand","embeddable":true,"href":"https:\/\/antcube.shop\/pl\/wp-json\/wp\/v2\/product_brand?post=12444"},{"taxonomy":"product_cat","embeddable":true,"href":"https:\/\/antcube.shop\/pl\/wp-json\/wp\/v2\/product_cat?post=12444"},{"taxonomy":"product_tag","embeddable":true,"href":"https:\/\/antcube.shop\/pl\/wp-json\/wp\/v2\/product_tag?post=12444"}],"curies":[{"name":"wp","href":"https:\/\/api.w.org\/{rel}","templated":true}]}}