{"id":12442,"date":"2025-09-30T10:07:24","date_gmt":"2025-09-30T08:07:24","guid":{"rendered":"https:\/\/antcube.shop\/en\/product\/poster-anatomie-der-ameisen-lasius-niger-50x70\/"},"modified":"2026-03-20T11:30:21","modified_gmt":"2026-03-20T10:30:21","slug":"plakat-anatomia-mrowek-lasius-niger-50x70","status":"publish","type":"product","link":"https:\/\/antcube.shop\/pl\/produkt\/plakat-anatomia-mrowek-lasius-niger-50x70\/","title":{"rendered":"Plakat - Anatomia mr\u00f3wek - Lasius niger - 50\u00d770"},"content":{"rendered":"<p><strong>Wymiary:<\/strong> 50\u00d770 cm<\/p>\n<p><strong>Materia\u0142:<\/strong> Papier lateksowy<br \/>\nPapier ten jest wodoodporny, zmywalny, wytrzyma\u0142y, przyjazny dla \u015brodowiska, poniewa\u017c nie zawiera szkodliwych dla \u015brodowiska rozpuszczalnik\u00f3w i zapewnia doskona\u0142\u0105 jako\u015b\u0107 druku.<\/p>\n<p><strong>Opis:<\/strong> Ten plakat ilustruje anatomi\u0119 czarnej mr\u00f3wki (Lasius niger). Szczeg\u00f3\u0142owe ilustracje przedstawiaj\u0105 najwa\u017cniejsze wewn\u0119trzne i zewn\u0119trzne cechy cia\u0142a oraz narz\u0105dy, u\u0142atwiaj\u0105c zrozumienie budowy tego szeroko rozpowszechnionego gatunku mr\u00f3wek. Idealny jako materia\u0142 dydaktyczny dla szk\u00f3\u0142 i uniwersytet\u00f3w lub jako dekoracyjny przedmiot kolekcjonerski.<\/p>\n<p><strong>Wa\u017cne - dodatkowe informacje:<\/strong> Tutaj znajdziesz szczeg\u00f3\u0142owy opis poszczeg\u00f3lnych scen na plakacie. Nie s\u0105 one do\u0142\u0105czone do plakatu, ale mo\u017cna uzyska\u0107 do nich dost\u0119p i wydrukowa\u0107 je osobno, korzystaj\u0105c z poni\u017cszego \u0142\u0105cza. https:\/\/www.ants.de\/link\/1101<\/p>","protected":false},"excerpt":{"rendered":"<p>Rozmiar: 50\u00d770 cm<\/p>","protected":false},"featured_media":12454,"comment_status":"open","ping_status":"closed","template":"","meta":{"_acf_changed":false,"content-type":"","_monsterinsights_skip_tracking":false,"_monsterinsights_sitenote_active":false,"_monsterinsights_sitenote_note":"","_monsterinsights_sitenote_category":0},"product_brand":[484],"product_cat":[547,500,245],"product_tag":[],"class_list":{"0":"post-12442","1":"product","2":"type-product","3":"status-publish","4":"has-post-thumbnail","6":"product_brand-antcube","7":"product_cat-all-products","8":"product_cat-ant-posters-and-teaching-aids","9":"product_cat-merchandise","11":"first","12":"instock","13":"taxable","14":"shipping-taxable","15":"purchasable","16":"product-type-simple"},"acf":[],"aioseo_notices":[],"jetpack_sharing_enabled":true,"_links":{"self":[{"href":"https:\/\/antcube.shop\/pl\/wp-json\/wp\/v2\/product\/12442","targetHints":{"allow":["GET"]}}],"collection":[{"href":"https:\/\/antcube.shop\/pl\/wp-json\/wp\/v2\/product"}],"about":[{"href":"https:\/\/antcube.shop\/pl\/wp-json\/wp\/v2\/types\/product"}],"replies":[{"embeddable":true,"href":"https:\/\/antcube.shop\/pl\/wp-json\/wp\/v2\/comments?post=12442"}],"wp:featuredmedia":[{"embeddable":true,"href":"https:\/\/antcube.shop\/pl\/wp-json\/wp\/v2\/media\/12454"}],"wp:attachment":[{"href":"https:\/\/antcube.shop\/pl\/wp-json\/wp\/v2\/media?parent=12442"}],"wp:term":[{"taxonomy":"product_brand","embeddable":true,"href":"https:\/\/antcube.shop\/pl\/wp-json\/wp\/v2\/product_brand?post=12442"},{"taxonomy":"product_cat","embeddable":true,"href":"https:\/\/antcube.shop\/pl\/wp-json\/wp\/v2\/product_cat?post=12442"},{"taxonomy":"product_tag","embeddable":true,"href":"https:\/\/antcube.shop\/pl\/wp-json\/wp\/v2\/product_tag?post=12442"}],"curies":[{"name":"wp","href":"https:\/\/api.w.org\/{rel}","templated":true}]}}